{"id":234858,"date":"2025-04-12T01:24:40","date_gmt":"2025-04-12T01:24:40","guid":{"rendered":"https:\/\/linkxa.es\/contratacion\/producto\/auriculares-epos-sennheiser-rs-2000-tv\/"},"modified":"2025-08-02T09:54:49","modified_gmt":"2025-08-02T09:54:49","slug":"auriculares-epos-sennheiser-rs-2000-tv","status":"publish","type":"product","link":"https:\/\/linkxa.es\/linkshop\/producto\/auriculares-epos-sennheiser-rs-2000-tv\/","title":{"rendered":"Auriculares epos sennheiser rs 2000 tv"},"content":{"rendered":"<h3 style=\"text-align: center;\"><strong>Epos sennheiser\u00a0 |\u00a0 Auriculares<\/strong><\/h3>\n<p>\u00a0<\/p>\n<p>-GENERAL<\/p>\n<p>Marca: EPOS SENNHEISER\u00a0<br \/>Modelo: SV506822\u00a0<br \/>Categor\u00eda: Sonido\u00a0<br \/>Reacondicionado: No\u00a0<\/p>\n<p>-DETALLES T\u00c9CNICOS<\/p>\n<p>Tipolog\u00eda: Auriculares\u00a0<br \/>Tipo de auricular: Dentro de o\u00eddo\u00a0<br \/>Tipolog\u00eda de auriculares: Bot\u00f3n\u00a0<br \/>Conexi\u00f3n inal\u00e1mbrica: S\u00ed\u00a0<br \/>Estilo de uso: Dentro de o\u00eddo\u00a0<\/p>\n<p>-CONECTIVIDAD<\/p>\n<p>Tipo de conexi\u00f3n: RF\u00a0<br \/>Conectividad del dispositivo: Inal\u00e1mbrico\u00a0<br \/>Conector: 3.5 mm\u00a0<br \/>Alcance de frecuencia: 2.4 &#8211; 2.4835 GHz\u00a0<br \/>Alcance inal\u00e1mbrico: 50 m\u00a0<\/p>\n<p>-AURICULARES<\/p>\n<p>Frecuencia de auricular: 15 &#8211; 16000 Hz\u00a0<br \/>Sensibilidad de auricular: 125 dB\u00a0<br \/>Auriculares: 3.5 mm\u00a0<\/p>\n<p>-CONTROL DE ENERG\u00cdA<\/p>\n<p>Alimentaci\u00f3n: Bater\u00eda\u00a0<br \/>Recargable: S\u00ed\u00a0<br \/>Tipo de bater\u00eda: Pol\u00edmero de litio\u00a0<br \/>Voltaje de la pila: 3.7 V\u00a0<\/p>\n<p>-BATER\u00cdA<\/p>\n<p>Autonom\u00eda: 9 h\u00a0<br \/>Capacidad de la bater\u00eda: 350 mAh\u00a0<br \/>N\u00famero de bater\u00edas soportadas: 1\u00a0<br \/>Tiempo de recarga: 3 h\u00a0<\/p>\n<p>-PESO Y DIMENSIONES<\/p>\n<p>Altura: 266 mm\u00a0<br \/>Ancho: 102 mm\u00a0<br \/>Profundidad: 23 mm\u00a0<br \/>Peso: 60 g\u00a0<\/p>\n<p>-COLOR<\/p>\n<p>Color: Negro\u00a0<\/p>\n<p>-CONTENIDO DEL EMBALAJE<\/p>\n<p>Adaptador AC incluido: S\u00ed\u00a0<br \/>Cable de audio 3.5 mm incluido: S\u00ed\u00a0<br \/>Cargador de bater\u00edas: S\u00ed\u00a0<br \/>Manual de usuario: S\u00ed\u00a0<\/p>\n<p>\u00a0<\/p>\n","protected":false},"excerpt":{"rendered":"<p>Auriculares epos sennheiser rs 2000 tv inalambrico negro<\/p>\n","protected":false},"featured_media":234859,"comment_status":"closed","ping_status":"open","template":"","meta":{"_et_pb_use_builder":"","_et_pb_old_content":"","_et_gb_content_width":""},"product_brand":[2884],"product_cat":[2799,2800,2058],"product_tag":[2803,2804,3024,2068,2885],"class_list":{"0":"post-234858","1":"product","2":"type-product","3":"status-publish","4":"has-post-thumbnail","6":"product_brand-epos-sennheiser","7":"product_cat-altavoces-mp3-y-auriculares","8":"product_cat-auriculares","9":"product_cat-dispositivos","10":"product_tag-altavoces-mp3-y-auriculares","11":"product_tag-auriculares","12":"product_tag-auriculares-epos-sennheiser-rs-2000-tv","13":"product_tag-dispositivos","14":"product_tag-epos-sennheiser","15":"product_shipping_class-2059","16":"pa_canon-digital-incluida-0-e-incluidos","18":"first","19":"instock","20":"taxable","21":"shipping-taxable","22":"purchasable","23":"product-type-simple"},"_links":{"self":[{"href":"https:\/\/linkxa.es\/linkshop\/wp-json\/wp\/v2\/product\/234858","targetHints":{"allow":["GET"]}}],"collection":[{"href":"https:\/\/linkxa.es\/linkshop\/wp-json\/wp\/v2\/product"}],"about":[{"href":"https:\/\/linkxa.es\/linkshop\/wp-json\/wp\/v2\/types\/product"}],"replies":[{"embeddable":true,"href":"https:\/\/linkxa.es\/linkshop\/wp-json\/wp\/v2\/comments?post=234858"}],"wp:featuredmedia":[{"embeddable":true,"href":"https:\/\/linkxa.es\/linkshop\/wp-json\/wp\/v2\/media\/234859"}],"wp:attachment":[{"href":"https:\/\/linkxa.es\/linkshop\/wp-json\/wp\/v2\/media?parent=234858"}],"wp:term":[{"taxonomy":"product_brand","embeddable":true,"href":"https:\/\/linkxa.es\/linkshop\/wp-json\/wp\/v2\/product_brand?post=234858"},{"taxonomy":"product_cat","embeddable":true,"href":"https:\/\/linkxa.es\/linkshop\/wp-json\/wp\/v2\/product_cat?post=234858"},{"taxonomy":"product_tag","embeddable":true,"href":"https:\/\/linkxa.es\/linkshop\/wp-json\/wp\/v2\/product_tag?post=234858"}],"curies":[{"name":"wp","href":"https:\/\/api.w.org\/{rel}","templated":true}]}}