{"id":234864,"date":"2025-05-30T13:53:58","date_gmt":"2025-05-30T13:53:58","guid":{"rendered":"https:\/\/linkxa.es\/contratacion\/producto\/auriculares-samsung-original-akg-black-usb\/"},"modified":"2025-08-02T09:55:10","modified_gmt":"2025-08-02T09:55:10","slug":"auriculares-samsung-original-akg-black-usb","status":"publish","type":"product","link":"https:\/\/linkxa.es\/linkshop\/producto\/auriculares-samsung-original-akg-black-usb\/","title":{"rendered":"Auriculares samsung original akg black usb"},"content":{"rendered":"<h3 style=\"text-align: center;\"><strong>Samsung\u00a0 |\u00a0 Auriculares<\/strong><\/h3>\n<p>\u00a0<\/p>\n<p>Obt\u00e9n la experiencia de audio de un estudio donde sea que escuches. Disfruta de un audio sin distorsiones, con calidad de estudio. Los auriculares EO-IC100 USB Tipo C de Samsung est\u00e1n dise\u00f1ados para separar realmente las se\u00f1ales<br \/>izquierda y derecha hasta 10 veces mejor que los auriculares de 3,5 mm. Adem\u00e1s, el DAC integrado mejora la calidad de lo que escuchas, por lo que tu lista de reproducci\u00f3n cobrar\u00e1 vida tal como lo plane\u00f3 el artista.<br \/>Caracter\u00edsticas<\/p>\n<p>Sonido equilibrado que es m\u00fasica para tus o\u00eddos. Fabricados con altavoces de 2 v\u00edas, los auriculares tipo C de Samsung ofrecen un audio enriquecido que se presenta de forma clara y equilibrada. AKG es el encargado de ajustar la<br \/>tecnolog\u00eda, por lo que obtendr\u00e1s una calidad de sonido profesional.<br \/>Dise\u00f1ado para una experiencia auditiva sencilla y c\u00f3moda. Cada auricular est\u00e1 dise\u00f1ado con materiales livianos para que lo sientas c\u00f3modo en los o\u00eddos y puedas desconectarte del mundo con tu m\u00fasica. Simplemente elige entre las<br \/>opciones de auriculares incluidas para obtener el ajuste correcto. Adem\u00e1s, el cable de tela evita que los auriculares se enreden en el bolso o el bolsillo.<\/p>\n<p>Especificaciones Samsung EO-IC100<\/p>\n<p>Desempe\u00f1o<br \/>Tipo de producto: Auriculares<br \/>Estilo de uso: Dentro de o\u00eddo<br \/>Tipo de auricular: Binaural<br \/>Color del producto: Negro<br \/>Control de volumen: Bot\u00f3n<br \/>Tipo de controles: Caja de control en cable<br \/>Tipo de control: Botones<\/p>\n<p>Puertos e Interfaces<br \/>Tecnolog\u00eda de conectividad: Al\u00e1mbrico<br \/>Conector de 3,5 mm: No<br \/>Conexi\u00f3n USB: Si<br \/>Conector USB: USB Tipo C<br \/>Bluetooth: No<\/p>\n<p>Auriculares<br \/>Aud\u00edfonos: Intraaural<br \/>Frecuencia de auricular: 20 &#8211; 20000 Hz<br \/>Obstrucci\u00f3n: 32 Ohmios<br \/>Sensibilidad de auricular: 94,3 dB<\/p>\n<p>Micr\u00f3fono<br \/>Tipo de micr\u00f3fono: Integrado<br \/>Efecto de cancelaci\u00f3n de ruido: No<br \/>Micr\u00f3fono mudo: Si<\/p>\n<p>Peso y dimensiones<br \/>Peso: 18,35 g<\/p>\n<p>Otras caracter\u00edsticas<br \/>Conector de 2,5 mm: No<\/p>\n<p>\u00a0<\/p>\n","protected":false},"excerpt":{"rendered":"<p>Auriculares samsung original akg black &#8211;  usb tipo c<\/p>\n","protected":false},"featured_media":234865,"comment_status":"closed","ping_status":"open","template":"","meta":{"_et_pb_use_builder":"","_et_pb_old_content":"","_et_gb_content_width":""},"product_brand":[2072],"product_cat":[2799,2800,2058],"product_tag":[2803,2804,3025,2068,2073],"class_list":{"0":"post-234864","1":"product","2":"type-product","3":"status-publish","4":"has-post-thumbnail","6":"product_brand-samsung","7":"product_cat-altavoces-mp3-y-auriculares","8":"product_cat-auriculares","9":"product_cat-dispositivos","10":"product_tag-altavoces-mp3-y-auriculares","11":"product_tag-auriculares","12":"product_tag-auriculares-samsung-original-akg-black-usb","13":"product_tag-dispositivos","14":"product_tag-samsung","15":"product_shipping_class-2088","16":"pa_canon-digital-incluida-0-e-incluidos","18":"first","19":"instock","20":"taxable","21":"shipping-taxable","22":"purchasable","23":"product-type-simple"},"_links":{"self":[{"href":"https:\/\/linkxa.es\/linkshop\/wp-json\/wp\/v2\/product\/234864","targetHints":{"allow":["GET"]}}],"collection":[{"href":"https:\/\/linkxa.es\/linkshop\/wp-json\/wp\/v2\/product"}],"about":[{"href":"https:\/\/linkxa.es\/linkshop\/wp-json\/wp\/v2\/types\/product"}],"replies":[{"embeddable":true,"href":"https:\/\/linkxa.es\/linkshop\/wp-json\/wp\/v2\/comments?post=234864"}],"wp:featuredmedia":[{"embeddable":true,"href":"https:\/\/linkxa.es\/linkshop\/wp-json\/wp\/v2\/media\/234865"}],"wp:attachment":[{"href":"https:\/\/linkxa.es\/linkshop\/wp-json\/wp\/v2\/media?parent=234864"}],"wp:term":[{"taxonomy":"product_brand","embeddable":true,"href":"https:\/\/linkxa.es\/linkshop\/wp-json\/wp\/v2\/product_brand?post=234864"},{"taxonomy":"product_cat","embeddable":true,"href":"https:\/\/linkxa.es\/linkshop\/wp-json\/wp\/v2\/product_cat?post=234864"},{"taxonomy":"product_tag","embeddable":true,"href":"https:\/\/linkxa.es\/linkshop\/wp-json\/wp\/v2\/product_tag?post=234864"}],"curies":[{"name":"wp","href":"https:\/\/api.w.org\/{rel}","templated":true}]}}