{"id":234873,"date":"2025-05-19T10:19:04","date_gmt":"2025-05-19T10:19:04","guid":{"rendered":"https:\/\/linkxa.es\/contratacion\/producto\/auriculares-inalambricos-mars-gaming-mihbw-bluetooth\/"},"modified":"2025-08-02T09:55:57","modified_gmt":"2025-08-02T09:55:57","slug":"auriculares-inalambricos-mars-gaming-mihbw-bluetooth","status":"publish","type":"product","link":"https:\/\/linkxa.es\/linkshop\/producto\/auriculares-inalambricos-mars-gaming-mihbw-bluetooth\/","title":{"rendered":"Auriculares inalambricos mars gaming mihbw bluetooth"},"content":{"rendered":"<h3 style=\"text-align: center;\"><strong>Mars gaming\u00a0 |\u00a0 Auriculares<\/strong><\/h3>\n<p>\u00a0<\/p>\n<p>Especificaciones MARS GAMING MIHBW Auricular Wireless BT 5.1 White<br \/>AURICULARES INAL\u00c1MBRICOS TWS MHIBW<br \/>Chipset Bluetooth 5.1 de \u00faltima generaci\u00f3n con conexi\u00f3n de latencia s\u00faper<br \/>baja y 16 horas de funcionamiento para una libertad absoluta. Almohadillas de<br \/>silicona m\u00e9dica con 3 tama\u00f1os seleccionables para un ajuste perfecto.<\/p>\n<p>Tecnolog\u00eda DUAL DRIVER de doble v\u00eda para un sonido espacial mejorado, con<br \/>unos graves profundos y medios\/agudos cristalinos. C\u00f3modos controles<br \/>t\u00e1ctiles.<br \/>Micr\u00f3fonos de c\u00e1psula direccional. Alta resistencia IPX4<\/p>\n<p>Marca Mars Gaming<br \/>Modelo MHIBW<br \/>Caracter\u00edsticas &#8211; Compatibilidad: Dispositivos Bluetooth<br \/>&#8211; Longitud del cable: 30cm<br \/>&#8211; Conector: USB-C (alimentaci\u00f3n)<br \/>&#8211; Control de volumen: S\u00ed<br \/>&#8211; Rango de frecuencia (driver): 20Hz-20KHz<br \/>&#8211; Impedancia (driver): 32<br \/>&#8211; Capacidad bater\u00eda: 40mAh x2 (auricular) \/ 300mAh (estuche de carga)<br \/>&#8211; Tiempo de funcionamiento: 3-4 horas (auricular) \/ 12 horas (estuche de<br \/>carga) *El tiempo de uso puede variar dependiendo del volumen, contenido a<br \/>reproducir y dispositivo<br \/>&#8211; Versi\u00f3n Bluetooth: 5.1<br \/>&#8211; Perfiles Bluetooth: HFP, HSP, AVRCP, A2DP<br \/>&#8211; Tiempo en standby: 150 horas<br \/>&#8211; Distancia conexi\u00f3n bluetooth: 10m<br \/>&#8211; Dimensiones:<br \/>35 x 19 x 23mm (auricular)<br \/>54 x 54 x 29mm (estuche carga)<br \/>&#8211; Peso:<br \/>6g x2 (auricular)<br \/>45g (estuche carga)<br \/>&#8211; Materiales: ABS<br \/>&#8211; Color: Blanco<br \/>Contenido<br \/>&#8211; Auriculares<br \/>&#8211; Estuche de carga<br \/>&#8211; Cable USB-A\/USB-C<br \/>&#8211; Manual de usuario<\/p>\n<p>\u00a0<\/p>\n","protected":false},"excerpt":{"rendered":"<p>Auriculares inalambricos mars gaming mihbw bluetooth 5.1 blancos<\/p>\n","protected":false},"featured_media":234874,"comment_status":"closed","ping_status":"open","template":"","meta":{"_et_pb_use_builder":"","_et_pb_old_content":"","_et_gb_content_width":""},"product_brand":[2929],"product_cat":[2799,2800,2058],"product_tag":[2803,2804,3026,2068,2930],"class_list":{"0":"post-234873","1":"product","2":"type-product","3":"status-publish","4":"has-post-thumbnail","6":"product_brand-mars-gaming","7":"product_cat-altavoces-mp3-y-auriculares","8":"product_cat-auriculares","9":"product_cat-dispositivos","10":"product_tag-altavoces-mp3-y-auriculares","11":"product_tag-auriculares","12":"product_tag-auriculares-inalambricos-mars-gaming-mihbw-bluetooth","13":"product_tag-dispositivos","14":"product_tag-mars-gaming","15":"product_shipping_class-2059","16":"pa_canon-digital-incluida-0-e-incluidos","18":"first","19":"instock","20":"taxable","21":"shipping-taxable","22":"purchasable","23":"product-type-simple"},"_links":{"self":[{"href":"https:\/\/linkxa.es\/linkshop\/wp-json\/wp\/v2\/product\/234873","targetHints":{"allow":["GET"]}}],"collection":[{"href":"https:\/\/linkxa.es\/linkshop\/wp-json\/wp\/v2\/product"}],"about":[{"href":"https:\/\/linkxa.es\/linkshop\/wp-json\/wp\/v2\/types\/product"}],"replies":[{"embeddable":true,"href":"https:\/\/linkxa.es\/linkshop\/wp-json\/wp\/v2\/comments?post=234873"}],"wp:featuredmedia":[{"embeddable":true,"href":"https:\/\/linkxa.es\/linkshop\/wp-json\/wp\/v2\/media\/234874"}],"wp:attachment":[{"href":"https:\/\/linkxa.es\/linkshop\/wp-json\/wp\/v2\/media?parent=234873"}],"wp:term":[{"taxonomy":"product_brand","embeddable":true,"href":"https:\/\/linkxa.es\/linkshop\/wp-json\/wp\/v2\/product_brand?post=234873"},{"taxonomy":"product_cat","embeddable":true,"href":"https:\/\/linkxa.es\/linkshop\/wp-json\/wp\/v2\/product_cat?post=234873"},{"taxonomy":"product_tag","embeddable":true,"href":"https:\/\/linkxa.es\/linkshop\/wp-json\/wp\/v2\/product_tag?post=234873"}],"curies":[{"name":"wp","href":"https:\/\/api.w.org\/{rel}","templated":true}]}}