{"id":234877,"date":"2025-01-07T13:38:19","date_gmt":"2025-01-07T13:38:19","guid":{"rendered":"https:\/\/linkxa.es\/contratacion\/producto\/auriculares-micro-energy-sistem-urban-3\/"},"modified":"2025-08-02T12:38:18","modified_gmt":"2025-08-02T12:38:18","slug":"auriculares-micro-energy-sistem-urban-3","status":"publish","type":"product","link":"https:\/\/linkxa.es\/linkshop\/producto\/auriculares-micro-energy-sistem-urban-3\/","title":{"rendered":"Auriculares micro energy sistem urban 3"},"content":{"rendered":"<h3 style=\"text-align: center;\"><strong>Energy sistem\u00a0 |\u00a0 Auriculares<\/strong><\/h3>\n<p>\u00a0<\/p>\n<p>Olv\u00eddate totalmente de los cables<\/p>\n<p>Auriculares intrauditivos con tecnolog\u00eda Bluetooth 5.1 y micr\u00f3fono integrado para disfrutar de tu m\u00fasica sin cables. El charging case con carga Qi compatible te permite recargar tus auriculares True<br \/>Wireless de forma totalmente inal\u00e1mbrica.<\/p>\n<p>\u00a0<\/p>\n<p>La ciudad es tuya<\/p>\n<p>Los earphones True Wireless Urban 3 ser\u00e1n tu mejor acompa\u00f1ante gracias a su dise\u00f1o compacto y ergon\u00f3mico. Tan ligeros que podr\u00e1s llevarlos c\u00f3modamente durante horas. \u00a1Disfruta de la ciudad<br \/>como nunca!<\/p>\n<p>\u00a0<\/p>\n<p>Siguen tu ritmo durante horas<\/p>\n<p>Auriculares True Wireless de bot\u00f3n con una autonom\u00eda de hasta 25 horas (5 horas por cada carga de los auriculares y 20 adicionales en el charging case). Olv\u00eddate de la bater\u00eda y disfruta de tu m\u00fasica<br \/>hasta el amanecer.<\/p>\n<p>\u00a0<\/p>\n<p>Control total de tu m\u00fasica<\/p>\n<p>La tecnolog\u00eda Touch Control te permite controlar la reproducci\u00f3n de la m\u00fasica y de tus llamadas de forma t\u00e1ctil, desde el propio auricular. Adem\u00e1s, gracias a la funci\u00f3n Voice Assistant y a los comandos<br \/>de voz, tendr\u00e1s total libertad de movimiento.<\/p>\n<p>ESPECIFICACIONES<\/p>\n<p>General<br \/>Marca: ENERGY SISTEM<br \/>Garant\u00eda: 3<br \/>Part Number: 451845<br \/>Categor\u00edas: SONIDO<br \/>Reacondicionado: No<br \/>Peso Volumetrico 0.13 Kg.<br \/>Contenido del embalaje<br \/>Almohadillas para oidos: Si<br \/>Cargador de baterias: Si<br \/>Detalles t\u00e9cnicos<br \/>Tipolog\u00eda Imagen Sonido: Auriculares<br \/>Alcance Bluetooth: 20 m<br \/>Conexi\u00f3n inal\u00e1mbrica: Si<br \/>Marca compatible: Universal<br \/>Tipo de auricular: Binaurale<br \/>Conectividad<br \/>Interfaz: Bluetooth<br \/>Alcance de frecuencia: 2.4 GHz<br \/>Alcance inal\u00e1mbrico: 20 m<br \/>Conectividad del dispositivo: Inal\u00e1mbrico<br \/>Conector: USB C<br \/>Longitud: 30 cm<br \/>Perfiles de Bluetooth: HSP, A2DP, AVRCP, HFP<br \/>Control de energ\u00eda<br \/>Alimentaci\u00f3n: Bater\u00eda<br \/>Carga por USB: Si<br \/>Fuente de energ\u00eda: Bater\u00eda<br \/>Recargable: Si<br \/>Otras caracter\u00edsticas<br \/>Tecnolog\u00eda inal\u00e1mbrica: Bluetooth<br \/>Versi\u00f3n de Bluetooth: 5.0<br \/>Peso y dimensiones<br \/>Altura: 30 mm<br \/>Ancho: 75 mm<br \/>Peso: 32 g<br \/>Profundidad: 30 mm<br \/>Auriculares<br \/>Tipolog\u00eda Auriculares: Bot\u00f3n, Micr\u00f3fono Incluido<br \/>Auriculares: Bluetooth<br \/>Estilo de uso: Dentro de o\u00eddo<br \/>Frecuencia de auricular: 20 &#8211; 20000 Hz<br \/>Tipo de controlador: Din\u00e1mico<br \/>Unidad de disco: 8 mm<br \/>Bater\u00eda<br \/>Autonom\u00eda: 5 h<br \/>Capacidad: 35 mAh, 380 mAh<br \/>Tecnolog\u00eda de bater\u00eda: Pol\u00edmero de litio<br \/>Tiempo de carga: 1 h<br \/>Color<br \/>Color: Azul<br \/>Auriculares<br \/>Audifonos: Intraaural<br \/>Micr\u00f3fono<br \/>Efecto de cancelaci\u00f3n de ruido: No<br \/>Frecuencia de micr\u00f3fono: 10 &#8211; 10000 Hz<br \/>Sensibilidad de micr\u00f3fono: -42 dB<\/p>\n<p>\u00a0<\/p>\n","protected":false},"excerpt":{"rendered":"<p>Auriculares micro energy sistem urban 3 indigo<\/p>\n","protected":false},"featured_media":236012,"comment_status":"closed","ping_status":"open","template":"","meta":{"_et_pb_use_builder":"","_et_pb_old_content":"","_et_gb_content_width":""},"product_brand":[2879],"product_cat":[2799,2800,2058],"product_tag":[2803,2804,3027,2068,2880],"class_list":{"0":"post-234877","1":"product","2":"type-product","3":"status-publish","4":"has-post-thumbnail","6":"product_brand-energy-sistem","7":"product_cat-altavoces-mp3-y-auriculares","8":"product_cat-auriculares","9":"product_cat-dispositivos","10":"product_tag-altavoces-mp3-y-auriculares","11":"product_tag-auriculares","12":"product_tag-auriculares-micro-energy-sistem-urban-3","13":"product_tag-dispositivos","14":"product_tag-energy-sistem","15":"product_shipping_class-2059","16":"pa_canon-digital-incluida-0-e-incluidos","18":"first","19":"instock","20":"taxable","21":"shipping-taxable","22":"purchasable","23":"product-type-simple"},"_links":{"self":[{"href":"https:\/\/linkxa.es\/linkshop\/wp-json\/wp\/v2\/product\/234877","targetHints":{"allow":["GET"]}}],"collection":[{"href":"https:\/\/linkxa.es\/linkshop\/wp-json\/wp\/v2\/product"}],"about":[{"href":"https:\/\/linkxa.es\/linkshop\/wp-json\/wp\/v2\/types\/product"}],"replies":[{"embeddable":true,"href":"https:\/\/linkxa.es\/linkshop\/wp-json\/wp\/v2\/comments?post=234877"}],"wp:featuredmedia":[{"embeddable":true,"href":"https:\/\/linkxa.es\/linkshop\/wp-json\/wp\/v2\/media\/236012"}],"wp:attachment":[{"href":"https:\/\/linkxa.es\/linkshop\/wp-json\/wp\/v2\/media?parent=234877"}],"wp:term":[{"taxonomy":"product_brand","embeddable":true,"href":"https:\/\/linkxa.es\/linkshop\/wp-json\/wp\/v2\/product_brand?post=234877"},{"taxonomy":"product_cat","embeddable":true,"href":"https:\/\/linkxa.es\/linkshop\/wp-json\/wp\/v2\/product_cat?post=234877"},{"taxonomy":"product_tag","embeddable":true,"href":"https:\/\/linkxa.es\/linkshop\/wp-json\/wp\/v2\/product_tag?post=234877"}],"curies":[{"name":"wp","href":"https:\/\/api.w.org\/{rel}","templated":true}]}}