{"id":234883,"date":"2025-06-02T07:23:33","date_gmt":"2025-06-02T07:23:33","guid":{"rendered":"https:\/\/linkxa.es\/contratacion\/producto\/auriculares-micro-gaming-energy-sistem-esg\/"},"modified":"2025-08-02T10:23:55","modified_gmt":"2025-08-02T10:23:55","slug":"auriculares-micro-gaming-energy-sistem-esg","status":"publish","type":"product","link":"https:\/\/linkxa.es\/linkshop\/producto\/auriculares-micro-gaming-energy-sistem-esg\/","title":{"rendered":"Auriculares micro gaming energy sistem esg"},"content":{"rendered":"<h3 style=\"text-align: center;\"><strong>Energy sistem\u00a0 |\u00a0 Auriculares<\/strong><\/h3>\n<p>\u00a0<\/p>\n<p>Auriculares gaming potenciados con Deep Bass y Crystal Clear Sound. Los mejores acabados: Almohadillas transpirables, micr\u00f3fono Boom Mic direccional incorporado y control de volumen y mute para<br \/>escuchar y ser escuchado con la m\u00e1xima nitidez.<\/p>\n<p>\u00a0<\/p>\n<p>Sum\u00e9rgete en la acci\u00f3n<\/p>\n<p>Auriculares gaming para disfrutar de un sonido claro y n\u00edtido. Gracias a su funci\u00f3n Crystal Clear Sound proporcionan la m\u00e1xima calidad de audio y un sonido rico en detalles para adentrarte de lleno en la<br \/>acci\u00f3n en tus partidas.<\/p>\n<p>\u00a0<\/p>\n<p>M\u00e1xima comodidad en tus partidas<\/p>\n<p>Auriculares gamer con diadema met\u00e1lica y almohadillas circumaurales y transpirables para disfrutar durante largas sesiones de juego sin perder comodidad ni rendimiento.<\/p>\n<p>\u00a0<\/p>\n<p>Habla por los codos<\/p>\n<p>Cascos gaming con micr\u00f3fono direccional y control integrado en el cable para comentar cada partida con la m\u00e1xima claridad. Son totalmente compatibles con las consolas Nintendo Switch, Play Station 4<br \/>y 5, Xbox One\/Series S\/X, as\u00ed como con Windows PC, Mac y smartphone.<\/p>\n<p>\u00a0<\/p>\n<p>Siente cada detalle<\/p>\n<p>Auriculares gaming para Pc con unos graves profundos y contundentes para que vivas la experiencia en primera persona y vibres con el sonido de cada explosi\u00f3n.<\/p>\n<p>ESPECIFICACIONES<\/p>\n<p>General<br \/>Tipo del art\u00edculo: Gaming<br \/>Marca: ENERGY SISTEM<br \/>Garant\u00eda: 3<br \/>Part Number: 452880<br \/>Categor\u00edas: SONIDO<br \/>Reacondicionado: No<br \/>Reposici\u00f3n &#8211; Etiqueta: No<br \/>Peso Volumetrico 1.02 Kg.<br \/>Detalles t\u00e9cnicos<br \/>Tipolog\u00eda Imagen Sonido: Auriculares<br \/>Conexi\u00f3n inal\u00e1mbrica: No<br \/>Conectividad<br \/>Interfaz: 3.5 mm<br \/>Conectividad del dispositivo: Al\u00e1mbrico<br \/>Peso y dimensiones<br \/>Altura: 185 mm<br \/>Ancho: 240 mm<br \/>Peso: 335g<br \/>Profundidad: 90 mm<br \/>Auriculares<br \/>Tipolog\u00eda Auriculares: Gaming, Micr\u00f3fono Incluido<br \/>Auriculares: 3.5 mm<br \/>Estilo de uso: Diadema<br \/>Frecuencia de auricular: 20 &#8211; 20000 Hz<br \/>Potencia m\u00e1xima de entrada: 50 mW<br \/>Impedancia: 32<br \/>Tipo de controlador: Din\u00e1mico<br \/>Unidad de disco: 50 mm<br \/>Audio<br \/>THD, distorci\u00f3n arm\u00f3nica total: 1%<br \/>Uso recomendado: Juego<br \/>Color<br \/>Color: Blanco<br \/>Micr\u00f3fono<br \/>Frecuencia de micr\u00f3fono: 100 &#8211; 10000 Hz<br \/>Sensibilidad de micr\u00f3fono: -38 dB<\/p>\n<p>\u00a0<\/p>\n","protected":false},"excerpt":{"rendered":"<p>Auriculares micro gaming energy sistem esg 3 blanco supraural &#8211; 50mm &#8211; jack 3.5mm &#8211; multiplataforma<\/p>\n","protected":false},"featured_media":235181,"comment_status":"closed","ping_status":"open","template":"","meta":{"_et_pb_use_builder":"","_et_pb_old_content":"","_et_gb_content_width":""},"product_brand":[2879],"product_cat":[2799,2800,2058],"product_tag":[2803,2804,3028,2068,2880],"class_list":{"0":"post-234883","1":"product","2":"type-product","3":"status-publish","4":"has-post-thumbnail","6":"product_brand-energy-sistem","7":"product_cat-altavoces-mp3-y-auriculares","8":"product_cat-auriculares","9":"product_cat-dispositivos","10":"product_tag-altavoces-mp3-y-auriculares","11":"product_tag-auriculares","12":"product_tag-auriculares-micro-gaming-energy-sistem-esg","13":"product_tag-dispositivos","14":"product_tag-energy-sistem","15":"product_shipping_class-2059","16":"pa_canon-digital-incluida-0-e-incluidos","18":"first","19":"instock","20":"taxable","21":"shipping-taxable","22":"purchasable","23":"product-type-simple"},"_links":{"self":[{"href":"https:\/\/linkxa.es\/linkshop\/wp-json\/wp\/v2\/product\/234883","targetHints":{"allow":["GET"]}}],"collection":[{"href":"https:\/\/linkxa.es\/linkshop\/wp-json\/wp\/v2\/product"}],"about":[{"href":"https:\/\/linkxa.es\/linkshop\/wp-json\/wp\/v2\/types\/product"}],"replies":[{"embeddable":true,"href":"https:\/\/linkxa.es\/linkshop\/wp-json\/wp\/v2\/comments?post=234883"}],"wp:featuredmedia":[{"embeddable":true,"href":"https:\/\/linkxa.es\/linkshop\/wp-json\/wp\/v2\/media\/235181"}],"wp:attachment":[{"href":"https:\/\/linkxa.es\/linkshop\/wp-json\/wp\/v2\/media?parent=234883"}],"wp:term":[{"taxonomy":"product_brand","embeddable":true,"href":"https:\/\/linkxa.es\/linkshop\/wp-json\/wp\/v2\/product_brand?post=234883"},{"taxonomy":"product_cat","embeddable":true,"href":"https:\/\/linkxa.es\/linkshop\/wp-json\/wp\/v2\/product_cat?post=234883"},{"taxonomy":"product_tag","embeddable":true,"href":"https:\/\/linkxa.es\/linkshop\/wp-json\/wp\/v2\/product_tag?post=234883"}],"curies":[{"name":"wp","href":"https:\/\/api.w.org\/{rel}","templated":true}]}}