{"id":234896,"date":"2025-04-29T20:26:40","date_gmt":"2025-04-29T20:26:40","guid":{"rendered":"https:\/\/linkxa.es\/contratacion\/producto\/auriculares-epos-sennheiser-estereo-con-microfono\/"},"modified":"2025-08-02T09:57:36","modified_gmt":"2025-08-02T09:57:36","slug":"auriculares-epos-sennheiser-estereo-con-microfono","status":"publish","type":"product","link":"https:\/\/linkxa.es\/linkshop\/producto\/auriculares-epos-sennheiser-estereo-con-microfono\/","title":{"rendered":"Auriculares epos sennheiser estereo con microfono"},"content":{"rendered":"<h3 style=\"text-align: center;\"><strong>Epos sennheiser\u00a0 |\u00a0 Auriculares<\/strong><\/h3>\n<p>\u00a0<\/p>\n<p>Disfruta el excelente sonido est\u00e9reo de Sennheiser mientras conversas, escuchas m\u00fasica o juegas a trav\u00e9s de la red. El econ\u00f3mico PC 3 CHAT es extremadamente ligero para gozar de horas de<br \/>diversi\u00f3n continua, aunque lo suficientemente resistente como para soportar los estilos de vida m\u00e1s activos. Y por supuesto, puedes estar seguro que su micr\u00f3fono de alta calidad con cancelaci\u00f3n activa<br \/>de ruido te permitir\u00e1 conversar claramente por Internet. &#8211; M\u00e1s valor por tu dinero: excelente duraci\u00f3n y calidad de sonido a un precio econ\u00f3mico. &#8211; Cancelaci\u00f3n activa de ruido: gracias a su micr\u00f3fono con<br \/>sistema de cancelaci\u00f3n activa de ruido, tu voz se escuchar\u00e1 con claridad sin que tengas que gritar. &#8211; Sonido est\u00e9reo: calidad Sennheiser para una amplia variedad de aplicaciones, como escuchar m\u00fasica<br \/>o jugar en la red. &#8211; Ligero y confortable: gracias a su ligera diadema, olvidar\u00e1s incluso que lo est\u00e1s usando. &#8211; F\u00e1cil de usar: su sencillo sistema plug-and-play te permitir\u00e1 conectarlo f\u00e1cilmente a tu<br \/>computadora port\u00e1til o de escritorio. &#8211; Mayor tranquilidad, gracias a sus 2 a\u00f1os de garant\u00eda en todo el mundo.<\/p>\n<p>ESPECIFICACIONES<\/p>\n<p>Marca: EPOS SENNHEISER<br \/>Part Number: 1000430<br \/>Categor\u00edas: SONIDO PC<br \/>Reacondicionado: No<br \/>Reposici\u00f3n &#8211; Etiqueta: No<br \/>Peso Volumetrico 0.45 Kg.<br \/>Detalles t\u00e9cnicos<br \/>Tipo de auricular: Binaurale<br \/>Array: PC\/Juegos<br \/>Conectividad<br \/>Conectividad del dispositivo: Al\u00e1mbrico<br \/>Tipo conexi\u00f3n: 3.5 mm<br \/>Longitud: 2m<br \/>Peso y dimensiones<br \/>Peso.: 77g<br \/>Auriculares<br \/>Tipolog\u00eda Auriculares: Diadema, Micr\u00f3fono Incluido<br \/>Estilo de uso: Diadema<br \/>Frecuencia de auricular: 42 &#8211; 17000 Hz<br \/>Sensibilidad de auricular: 95 dB<br \/>Impedancia: 32<br \/>Color<br \/>Color: Negro<br \/>Micr\u00f3fono<br \/>Efecto de cancelaci\u00f3n de ruido: Si<br \/>Frecuencia de micr\u00f3fono: 90 &#8211; 15000 Hz<br \/>Sensibilidad de micr\u00f3fono: -40 dB<\/p>\n<p>\u00a0<\/p>\n","protected":false},"excerpt":{"rendered":"<p>Auriculares epos sennheiser estereo con microfono negros pc 3 chat<\/p>\n","protected":false},"featured_media":234897,"comment_status":"closed","ping_status":"open","template":"","meta":{"_et_pb_use_builder":"","_et_pb_old_content":"","_et_gb_content_width":""},"product_brand":[2884],"product_cat":[2799,2800,2058],"product_tag":[2803,2804,3030,2068,2885],"class_list":{"0":"post-234896","1":"product","2":"type-product","3":"status-publish","4":"has-post-thumbnail","6":"product_brand-epos-sennheiser","7":"product_cat-altavoces-mp3-y-auriculares","8":"product_cat-auriculares","9":"product_cat-dispositivos","10":"product_tag-altavoces-mp3-y-auriculares","11":"product_tag-auriculares","12":"product_tag-auriculares-epos-sennheiser-estereo-con-microfono","13":"product_tag-dispositivos","14":"product_tag-epos-sennheiser","15":"product_shipping_class-2059","16":"pa_canon-digital-incluida-0-e-incluidos","18":"first","19":"instock","20":"taxable","21":"shipping-taxable","22":"purchasable","23":"product-type-simple"},"_links":{"self":[{"href":"https:\/\/linkxa.es\/linkshop\/wp-json\/wp\/v2\/product\/234896","targetHints":{"allow":["GET"]}}],"collection":[{"href":"https:\/\/linkxa.es\/linkshop\/wp-json\/wp\/v2\/product"}],"about":[{"href":"https:\/\/linkxa.es\/linkshop\/wp-json\/wp\/v2\/types\/product"}],"replies":[{"embeddable":true,"href":"https:\/\/linkxa.es\/linkshop\/wp-json\/wp\/v2\/comments?post=234896"}],"wp:featuredmedia":[{"embeddable":true,"href":"https:\/\/linkxa.es\/linkshop\/wp-json\/wp\/v2\/media\/234897"}],"wp:attachment":[{"href":"https:\/\/linkxa.es\/linkshop\/wp-json\/wp\/v2\/media?parent=234896"}],"wp:term":[{"taxonomy":"product_brand","embeddable":true,"href":"https:\/\/linkxa.es\/linkshop\/wp-json\/wp\/v2\/product_brand?post=234896"},{"taxonomy":"product_cat","embeddable":true,"href":"https:\/\/linkxa.es\/linkshop\/wp-json\/wp\/v2\/product_cat?post=234896"},{"taxonomy":"product_tag","embeddable":true,"href":"https:\/\/linkxa.es\/linkshop\/wp-json\/wp\/v2\/product_tag?post=234896"}],"curies":[{"name":"wp","href":"https:\/\/api.w.org\/{rel}","templated":true}]}}