{"id":234917,"date":"2025-05-14T08:23:12","date_gmt":"2025-05-14T08:23:12","guid":{"rendered":"https:\/\/linkxa.es\/contratacion\/producto\/auriculares-energy-sistem-display-anc-inalambrico\/"},"modified":"2025-08-02T09:58:55","modified_gmt":"2025-08-02T09:58:55","slug":"auriculares-energy-sistem-display-anc-inalambrico","status":"publish","type":"product","link":"https:\/\/linkxa.es\/linkshop\/producto\/auriculares-energy-sistem-display-anc-inalambrico\/","title":{"rendered":"Auriculares energy sistem display anc inalambrico"},"content":{"rendered":"<h3 style=\"text-align: center;\"><strong>Energy sistem\u00a0 |\u00a0 Auriculares<\/strong><\/h3>\n<p>\u00a0<\/p>\n<p>Auriculares Energy Sistem Display ANC True Wireless con tecnolog\u00eda Active Noise Cancelling: personaliza la configuraci\u00f3n de sonido ambiente que prefieras en cada momento. Con Bluetooth 5.4 y True Wireless Stereo,<br \/>reproduce tu m\u00fasica sin necesidad de cables durante sus 30 horas de autonom\u00eda. Su estuche de carga con pantalla te garantiza una experiencia de uso \u00f3ptima sin usar tu smartphone.<br \/>Caracter\u00edsticas<\/p>\n<p>Neutraliza el ruido: Disfruta de una experiencia inmersiva de escucha al eliminar el ruido no deseado del entorno (hasta -30dB) gracias a la tecnolog\u00eda Active Noise Cancelling. Si en alg\u00fan momento necesitas ser<br \/>consciente de lo que te rodea, podr\u00e1s activar el Transparency Mode y no necesitar\u00e1s quitarte los auriculares. Adem\u00e1s, Quad Mic mejora significativamente la calidad de las llamadas y la cancelaci\u00f3n de ruido, capturando<br \/>mejor las voces y reduciendo los sonidos ambientales no deseados.<br \/>Control total sin usar tu smartphone: Experimenta la innovaci\u00f3n de estos auriculares True Wireless con pantalla inteligente en su estuche de carga, desde la que podr\u00e1s ecualizar el sonido seg\u00fan tus preferencias, activar<br \/>o desactivar el ANC, o controlar la reproducci\u00f3n y el volumen. Tambi\u00e9n podr\u00e1s encontrar tus auriculares a trav\u00e9s de Find my device siempre que sigan conectados.<br \/>A prueba de agua y sin cables: \u00a1Ll\u00e9valos contigo a cualquier plan! Cuentan con protecci\u00f3n contra agua y salpicaduras IPX5. Adem\u00e1s, gracias a la tecnolog\u00eda Bluetooth 5.4 podr\u00e1s reproducir el sonido de manera<br \/>inal\u00e1mbrica sin interrupciones.<br \/>M\u00e1s tiempo de ocio: Disfruta de hasta 30 horas de reproducci\u00f3n (25 horas con el ANC activado) entre los auriculares y el estuche de carga. Sum\u00e9rgete en tus series y pel\u00edculas favoritas con una sincronizaci\u00f3n perfecta<br \/>entre audio y video gracias a su modo de baja latencia.<\/p>\n<p>Especificaciones Energy Sistem Display ANC<\/p>\n<p>Desempe\u00f1o<br \/>Tipo de producto: Auriculares<br \/>Estilo de uso: Dentro de o\u00eddo<br \/>Uso recomendado: M\u00fasica\/uso diario<br \/>Tipo de auricular: Binaural<br \/>Color del producto: Negro<br \/>Tipo de control: Tocar<br \/>Funciones de protecci\u00f3n: A prueba de salpicaduras, Resistente al agua<br \/>C\u00f3digo IP (International Protection): IPX5<br \/>Indicadores LED: Si<br \/>Apto para uso en interior: Si<br \/>Adecuado para uso en exteriores: Si<br \/>G\u00e9nero: Ni\u00f1o\/ni\u00f1a<br \/>Reproductor de MP3: Si<br \/>Conectar y usar (Plug and Play): Si<br \/>Funciona con el Asistente de Google: Si<br \/>Funciona con Apple Siri: Si<\/p>\n<p>Puertos e Interfaces<br \/>Tecnolog\u00eda de conectividad: True Wireless Stereo (TWS)<br \/>Conexi\u00f3n USB: Si<br \/>Conector USB: USB Tipo C<br \/>Bluetooth: Si<br \/>Perfiles de Bluetooth: A2DP, AVRCP, HFP, HSP<br \/>Versi\u00f3n de Bluetooth: 5.4<br \/>Alcance inal\u00e1mbrico: 20 m<\/p>\n<p>Auriculares<br \/>Aud\u00edfonos: Intraaural<br \/>Auriculares de tipo Intraural: Auriculares<br \/>Frecuencia de auricular: 20 &#8211; 20000 Hz<br \/>Obstrucci\u00f3n: 16 Ohmios<br \/>Unidad de disco: 1 cm<br \/>Tipo de controlador: Din\u00e1mico<br \/>Reducci\u00f3n de ruido: Si<br \/>THD, distorsi\u00f3n arm\u00f3nica total: 1%<\/p>\n<p>Micr\u00f3fono<br \/>Tipo de micr\u00f3fono: Integrado<br \/>Frecuencia de micr\u00f3fono: 100 &#8211; 10000 Hz<br \/>Sensibilidad de micr\u00f3fono: -38 dB<\/p>\n<p>Bater\u00eda<br \/>Bater\u00eda: Si<br \/>Tipo de bater\u00eda: Bater\u00eda integrada<br \/>Tecnolog\u00eda de bater\u00eda: Pol\u00edmero de litio<br \/>Capacidad de bater\u00eda: 40 mAh<br \/>Tensi\u00f3n de entrada (auriculares): 3,7 V<br \/>Tensi\u00f3n de entrada (estuche de carga): 3,7 V<br \/>Tecnolog\u00eda de la bater\u00eda (estuche de carga): Pol\u00edmero de litio<br \/>Capacidad de la bater\u00eda (estuche de carga): 500 mAh<br \/>Autonom\u00eda en reproducci\u00f3n continua de audio (ANC on): 4,5 h<br \/>Bater\u00eda recargable: Si<br \/>Indicador de carga de la bater\u00eda: Si<br \/>Tiempo de recarga de la bater\u00eda: 1 h<br \/>Fuente de energ\u00eda: Bater\u00eda<\/p>\n<p>Peso y dimensiones<br \/>Ancho: 58 mm<br \/>Profundidad: 24 mm<br \/>Altura: 47 mm<br \/>Peso: 43 g<\/p>\n<p>Empaquetado<br \/>Tipo de embalaje: Envase para colgar<\/p>\n<p>Contenido del embalaje<br \/>Funda de carga: Si<br \/>Capacidad del estuche de carga: 500 mAh<br \/>Pantalla integrada (estuche de carga): Si<br \/>Cables incluidos: USB Tipo C<br \/>Almohadillas para o\u00eddos: Si<br \/>Cantidad: 1<\/p>\n<p>Datos log\u00edsticos<br \/>Cantidad por paquete: 1 pieza(s)<\/p>\n<p>Caracter\u00edsticas del proveedor<br \/>Volumen ajustable: Si<\/p>\n<p>\u00a0<\/p>\n","protected":false},"excerpt":{"rendered":"<p>Auriculares energy sistem display anc inalambrico negro<\/p>\n","protected":false},"featured_media":234918,"comment_status":"closed","ping_status":"open","template":"","meta":{"_et_pb_use_builder":"","_et_pb_old_content":"","_et_gb_content_width":""},"product_brand":[2879],"product_cat":[2799,2800,2058],"product_tag":[2803,2804,3032,2068,2880],"class_list":{"0":"post-234917","1":"product","2":"type-product","3":"status-publish","4":"has-post-thumbnail","6":"product_brand-energy-sistem","7":"product_cat-altavoces-mp3-y-auriculares","8":"product_cat-auriculares","9":"product_cat-dispositivos","10":"product_tag-altavoces-mp3-y-auriculares","11":"product_tag-auriculares","12":"product_tag-auriculares-energy-sistem-display-anc-inalambrico","13":"product_tag-dispositivos","14":"product_tag-energy-sistem","15":"product_shipping_class-2059","16":"pa_canon-digital-incluida-0-e-incluidos","18":"first","19":"instock","20":"taxable","21":"shipping-taxable","22":"purchasable","23":"product-type-simple"},"_links":{"self":[{"href":"https:\/\/linkxa.es\/linkshop\/wp-json\/wp\/v2\/product\/234917","targetHints":{"allow":["GET"]}}],"collection":[{"href":"https:\/\/linkxa.es\/linkshop\/wp-json\/wp\/v2\/product"}],"about":[{"href":"https:\/\/linkxa.es\/linkshop\/wp-json\/wp\/v2\/types\/product"}],"replies":[{"embeddable":true,"href":"https:\/\/linkxa.es\/linkshop\/wp-json\/wp\/v2\/comments?post=234917"}],"wp:featuredmedia":[{"embeddable":true,"href":"https:\/\/linkxa.es\/linkshop\/wp-json\/wp\/v2\/media\/234918"}],"wp:attachment":[{"href":"https:\/\/linkxa.es\/linkshop\/wp-json\/wp\/v2\/media?parent=234917"}],"wp:term":[{"taxonomy":"product_brand","embeddable":true,"href":"https:\/\/linkxa.es\/linkshop\/wp-json\/wp\/v2\/product_brand?post=234917"},{"taxonomy":"product_cat","embeddable":true,"href":"https:\/\/linkxa.es\/linkshop\/wp-json\/wp\/v2\/product_cat?post=234917"},{"taxonomy":"product_tag","embeddable":true,"href":"https:\/\/linkxa.es\/linkshop\/wp-json\/wp\/v2\/product_tag?post=234917"}],"curies":[{"name":"wp","href":"https:\/\/api.w.org\/{rel}","templated":true}]}}