{"id":234921,"date":"2025-05-03T19:11:26","date_gmt":"2025-05-03T19:11:26","guid":{"rendered":"https:\/\/linkxa.es\/contratacion\/producto\/altavoces-creative-pebble-2-0-speaker-usb\/"},"modified":"2025-08-02T10:10:07","modified_gmt":"2025-08-02T10:10:07","slug":"altavoces-creative-pebble-2-0-speaker-usb","status":"publish","type":"product","link":"https:\/\/linkxa.es\/linkshop\/producto\/altavoces-creative-pebble-2-0-speaker-usb\/","title":{"rendered":"Altavoces creative pebble 2.0 speaker usb"},"content":{"rendered":"<h3 style=\"text-align: center;\"><strong>Creative\u00a0 |\u00a0 Altavoces<\/strong><\/h3>\n<p>\u00a0<\/p>\n<p>CREATIVE PEBBLE 2.0 SPEAKER USB<\/p>\n<p>Inspirados por los jardines de rocas japoneses, los Creative Pebble con su<br \/>forma de orbe son un sistema de altavoces 2.0 estilizado y elegante que<br \/>luce perfecto en cualquier hogar y oficina. Presenta un escenario de sonido<br \/>elevado 45\u00b0 para una proyecci\u00f3n de audio mejorada y se alimenta por un<br \/>solo cable USB para un entretenimiento musical sin problemas.<\/p>\n<p>Audio directo a sus o\u00eddos<br \/>Presentando una soluci\u00f3n de drivers optimizados de campo lejano con<br \/>elevaci\u00f3n de 45\u00b0, los Creative Pebble dirigen el sonido a sus o\u00eddos,<br \/>dej\u00e1ndole en ese lugar \u00f3ptimo para una gran experiencia ac\u00fastico.<br \/>Peque\u00f1o pero poderoso<br \/>Con sus radiadores pasivos integrados y una combinaci\u00f3n impresionante<br \/>de RMS de 4.4 W, el peque\u00f1o Creative Pebble es capaz de ofrecer audio<br \/>equilibrado con detalles profundos, de inmersi\u00f3n y cristalinos. Simplemente<br \/>conecte su dispositivo mediante la entrada 3.5 mm y prep\u00e1rese para ser<br \/>sorprendido.<br \/>Conveniencia al alcance<br \/>Instant\u00e1neamente controle su volumen con el conveniente mando de<br \/>Creative Pebble en el panel de control frontal.<br \/>\u00bfNo tiene espacio en el escritorio? No hay problema<br \/>Midiendo solo 4.4 pulgadas de anchura cada uno, el Creative Pebble puede<br \/>colocarse convenientemente junto a su monitor sin comprometer el valioso<br \/>espacio de su escritorio. Adem\u00e1s, el Creative Pebble est\u00e1<br \/>convenientemente potenciado por un solo cable USB sin necesidad de un<br \/>enchufe en la pared.<br \/>Dimensiones (Al. x An. x P)<br \/>Sat\u00e9lite: 114.0 x 113.0 x 116.0 mm<br \/>Peso<br \/>Sat\u00e9lite derecho: 345 g, Sat\u00e9lite izquierdo: 300 g<br \/>Respuesta de frecuencia<br \/>100Hz ~ 17kHz<br \/>Configuraci\u00f3n del sistema<br \/>Sistema 2.0<br \/>Relaci\u00f3n se\u00f1al\/ruido (SNR)<br \/>86dB<br \/>Tipo de conector<br \/>Entrada de l\u00ednea, conector est\u00e9reo anal\u00f3gico 3.5 mm<\/p>\n<p>\u00a0<\/p>\n","protected":false},"excerpt":{"rendered":"<p>Altavoces creative pebble 2.0 speaker usb &#8211; blanco<\/p>\n","protected":false},"featured_media":235033,"comment_status":"closed","ping_status":"open","template":"","meta":{"_et_pb_use_builder":"","_et_pb_old_content":"","_et_gb_content_width":""},"product_brand":[3033],"product_cat":[2822,2799,2058],"product_tag":[2824,2803,3035,3034,2068],"class_list":{"0":"post-234921","1":"product","2":"type-product","3":"status-publish","4":"has-post-thumbnail","6":"product_brand-creative","7":"product_cat-altavoces","8":"product_cat-altavoces-mp3-y-auriculares","9":"product_cat-dispositivos","10":"product_tag-altavoces","11":"product_tag-altavoces-mp3-y-auriculares","12":"product_tag-altavoces-creative-pebble-2-0-speaker-usb","13":"product_tag-creative","14":"product_tag-dispositivos","15":"product_shipping_class-2059","16":"pa_canon-digital-incluida-0-e-incluidos","18":"first","19":"instock","20":"taxable","21":"shipping-taxable","22":"purchasable","23":"product-type-simple"},"_links":{"self":[{"href":"https:\/\/linkxa.es\/linkshop\/wp-json\/wp\/v2\/product\/234921","targetHints":{"allow":["GET"]}}],"collection":[{"href":"https:\/\/linkxa.es\/linkshop\/wp-json\/wp\/v2\/product"}],"about":[{"href":"https:\/\/linkxa.es\/linkshop\/wp-json\/wp\/v2\/types\/product"}],"replies":[{"embeddable":true,"href":"https:\/\/linkxa.es\/linkshop\/wp-json\/wp\/v2\/comments?post=234921"}],"wp:featuredmedia":[{"embeddable":true,"href":"https:\/\/linkxa.es\/linkshop\/wp-json\/wp\/v2\/media\/235033"}],"wp:attachment":[{"href":"https:\/\/linkxa.es\/linkshop\/wp-json\/wp\/v2\/media?parent=234921"}],"wp:term":[{"taxonomy":"product_brand","embeddable":true,"href":"https:\/\/linkxa.es\/linkshop\/wp-json\/wp\/v2\/product_brand?post=234921"},{"taxonomy":"product_cat","embeddable":true,"href":"https:\/\/linkxa.es\/linkshop\/wp-json\/wp\/v2\/product_cat?post=234921"},{"taxonomy":"product_tag","embeddable":true,"href":"https:\/\/linkxa.es\/linkshop\/wp-json\/wp\/v2\/product_tag?post=234921"}],"curies":[{"name":"wp","href":"https:\/\/api.w.org\/{rel}","templated":true}]}}