{"id":234925,"date":"2025-04-21T07:19:19","date_gmt":"2025-04-21T07:19:19","guid":{"rendered":"https:\/\/linkxa.es\/contratacion\/producto\/altavoces-equip-life-2-0-245332-negro\/"},"modified":"2025-08-02T09:59:47","modified_gmt":"2025-08-02T09:59:47","slug":"altavoces-equip-life-2-0-245332-negro","status":"publish","type":"product","link":"https:\/\/linkxa.es\/linkshop\/producto\/altavoces-equip-life-2-0-245332-negro\/","title":{"rendered":"Altavoces equip life 2.0 245332 negro"},"content":{"rendered":"<h3 style=\"text-align: center;\"><strong>Equip\u00a0 |\u00a0 Altavoces<\/strong><\/h3>\n<p>\u00a0<\/p>\n<p>Este altavoz est\u00e9reo 2.0 ofrece un potente sonido y reproducci\u00f3n de sonido. A pesar<br \/>del dise\u00f1o que ahorra espacio, este dispositivo no compromete la calidad del sonido,<br \/>produciendo un sistema de altavoces bien equilibrado con un sonido casi sin<br \/>distorsiones. La alimentaci\u00f3n se suministra a trav\u00e9s del cable USB, y la conexi\u00f3n es a<br \/>trav\u00e9s de un conector jack de 3,5 mm y, por lo tanto, es adecuado para m\u00faltiples<br \/>dispositivos como una PC, computadora port\u00e1til o reproductor de MP3.<\/p>\n<p>Caracter\u00edsticas:<br \/>Rendimiento de audio de alta calidad<br \/>Potencia del altavoz del 6 W (RMS de 3 W)<br \/>Conector de 3,5 mm adecuado para equipos de sobremesa, port\u00e1tiles<br \/>Control de volumen f\u00e1cilmente accesible en la parte frontal<br \/>Especificaciones:<br \/>Altavoces<br \/>Canales de salida de audio: 2.0 canales<br \/>Ubicaci\u00f3n de altavoz: Mesa\/estante<br \/>Audio<br \/>Potencia estimada RMS: 3 W<br \/>Potencia de altavoces RSM: 6 W<br \/>Rango de frecuencia: 80 &#8211; 20 Hz<br \/>Obstrucci\u00f3n: 40 ?<br \/>Sensibilidad: 80 dB<br \/>Desempe\u00f1o<br \/>Uso recomendado: PC<br \/>Color del producto: Negro, Blanco<br \/>Material de la carcasa: De pl\u00e1stico<br \/>Control de volumen: Giratorio<br \/>Conectar y usar (Plug and Play): Si<br \/>Certificaci\u00f3n: CE<br \/>Amplificador<br \/>Ampificador: No<br \/>Puertos e Interfaces<br \/>Tecnolog\u00eda de conectividad: Al\u00e1mbrico<br \/>Bluetooth: No<br \/>Conector de 3,5 mm: Si<br \/>Conexi\u00f3n USB: Si<br \/>Control de energ\u00eda<br \/>Alimentaci\u00f3n: USB<br \/>Peso y dimensiones<br \/>Ancho: 91 mm<br \/>Profundidad: 123 mm<br \/>Altura: 91 mm<br \/>Peso: 450 g<br \/>Empaquetado<br \/>Tipo de embalaje: Caja<br \/>Ancho del paquete: 195,8 mm<br \/>Profundidad del paquete: 97 mm<br \/>Altura del paquete: 131 mm<br \/>Peso del paquete: 530 g<br \/>Otras caracter\u00edsticas<br \/>Pa\u00eds de origen: China<\/p>\n<p>\u00a0<\/p>\n","protected":false},"excerpt":{"rendered":"<p>Altavoces equip life 2.0 245332 negro y rojo<\/p>\n","protected":false},"featured_media":234926,"comment_status":"closed","ping_status":"open","template":"","meta":{"_et_pb_use_builder":"","_et_pb_old_content":"","_et_gb_content_width":""},"product_brand":[3036],"product_cat":[2822,2799,2058],"product_tag":[2824,2803,3038,2068,3037],"class_list":{"0":"post-234925","1":"product","2":"type-product","3":"status-publish","4":"has-post-thumbnail","6":"product_brand-equip","7":"product_cat-altavoces","8":"product_cat-altavoces-mp3-y-auriculares","9":"product_cat-dispositivos","10":"product_tag-altavoces","11":"product_tag-altavoces-mp3-y-auriculares","12":"product_tag-altavoces-equip-life-2-0-245332-negro","13":"product_tag-dispositivos","14":"product_tag-equip","15":"product_shipping_class-2059","16":"pa_canon-digital-incluida-0-e-incluidos","18":"first","19":"instock","20":"taxable","21":"shipping-taxable","22":"purchasable","23":"product-type-simple"},"_links":{"self":[{"href":"https:\/\/linkxa.es\/linkshop\/wp-json\/wp\/v2\/product\/234925","targetHints":{"allow":["GET"]}}],"collection":[{"href":"https:\/\/linkxa.es\/linkshop\/wp-json\/wp\/v2\/product"}],"about":[{"href":"https:\/\/linkxa.es\/linkshop\/wp-json\/wp\/v2\/types\/product"}],"replies":[{"embeddable":true,"href":"https:\/\/linkxa.es\/linkshop\/wp-json\/wp\/v2\/comments?post=234925"}],"wp:featuredmedia":[{"embeddable":true,"href":"https:\/\/linkxa.es\/linkshop\/wp-json\/wp\/v2\/media\/234926"}],"wp:attachment":[{"href":"https:\/\/linkxa.es\/linkshop\/wp-json\/wp\/v2\/media?parent=234925"}],"wp:term":[{"taxonomy":"product_brand","embeddable":true,"href":"https:\/\/linkxa.es\/linkshop\/wp-json\/wp\/v2\/product_brand?post=234925"},{"taxonomy":"product_cat","embeddable":true,"href":"https:\/\/linkxa.es\/linkshop\/wp-json\/wp\/v2\/product_cat?post=234925"},{"taxonomy":"product_tag","embeddable":true,"href":"https:\/\/linkxa.es\/linkshop\/wp-json\/wp\/v2\/product_tag?post=234925"}],"curies":[{"name":"wp","href":"https:\/\/api.w.org\/{rel}","templated":true}]}}