{"id":234930,"date":"2025-05-04T09:00:09","date_gmt":"2025-05-04T09:00:09","guid":{"rendered":"https:\/\/linkxa.es\/contratacion\/producto\/auriculares-conceptronic-con-microfono\/"},"modified":"2025-08-02T10:00:13","modified_gmt":"2025-08-02T10:00:13","slug":"auriculares-conceptronic-con-microfono","status":"publish","type":"product","link":"https:\/\/linkxa.es\/linkshop\/producto\/auriculares-conceptronic-con-microfono\/","title":{"rendered":"Auriculares conceptronic con microfono"},"content":{"rendered":"<h3 style=\"text-align: center;\"><strong>Conceptronic\u00a0 |\u00a0 Auriculares<\/strong><\/h3>\n<p>\u00a0<\/p>\n<p>Chatstar son unos c\u00f3modos auriculares est\u00e9reo que se pueden utilizar en<br \/>casa o en el trabajo y que proporcionan una calidad de sonido excelente<br \/>para escuchar m\u00fasica, divertirse con juegos, disponer de telefon\u00eda a trav\u00e9s<br \/>de Internet (VOIP) charlar y realizar videoconferencias. Estos vers\u00e1tiles<br \/>auriculares incluyen un cable plano con controlador de volumen integrado,<br \/>micr\u00f3fono flexible y un cable de 2 metros.<\/p>\n<p>Especificaciones:<br \/>Desempe\u00f1o<br \/>Tipo de producto: Auriculares<br \/>Estilo de uso: Diadema<br \/>Uso recomendado: Oficina\/Centro de llamadas<br \/>Tipo de auricular: Binaural<br \/>Color del producto: Negro, Plata<br \/>Longitud de cable: 2 m<br \/>Puertos e Interfaces<br \/>Tecnolog\u00eda de conectividad: Al\u00e1mbrico<br \/>2 conectores de 3,5 mm: Si<br \/>Auriculares<br \/>Audifonos: Supraaural<br \/>Frecuencia de auricular: 20 &#8211; 22000 Hz<br \/>Sensibilidad de auricular: 105 dB<br \/>Peso y dimensiones<br \/>Ancho: 170 mm<br \/>Profundidad: 65 mm<br \/>Altura: 165 mm<br \/>Peso: 110 g<br \/>Empaquetado<br \/>Ancho del paquete: 182 mm<br \/>Profundidad del paquete: 70 mm<br \/>Altura del paquete: 233 mm<br \/>Peso del paquete: 223 g<br \/>Tipo de embalaje: Ampolla<\/p>\n<p>\u00a0<\/p>\n","protected":false},"excerpt":{"rendered":"<p>Auriculares conceptronic con microfono<\/p>\n","protected":false},"featured_media":234931,"comment_status":"closed","ping_status":"open","template":"","meta":{"_et_pb_use_builder":"","_et_pb_old_content":"","_et_gb_content_width":""},"product_brand":[2897],"product_cat":[2799,2800,2058],"product_tag":[2803,2804,3039,2898,2068],"class_list":{"0":"post-234930","1":"product","2":"type-product","3":"status-publish","4":"has-post-thumbnail","6":"product_brand-conceptronic","7":"product_cat-altavoces-mp3-y-auriculares","8":"product_cat-auriculares","9":"product_cat-dispositivos","10":"product_tag-altavoces-mp3-y-auriculares","11":"product_tag-auriculares","12":"product_tag-auriculares-conceptronic-con-microfono","13":"product_tag-conceptronic","14":"product_tag-dispositivos","15":"product_shipping_class-2059","16":"pa_canon-digital-incluida-0-e-incluidos","18":"first","19":"instock","20":"taxable","21":"shipping-taxable","22":"purchasable","23":"product-type-simple"},"_links":{"self":[{"href":"https:\/\/linkxa.es\/linkshop\/wp-json\/wp\/v2\/product\/234930","targetHints":{"allow":["GET"]}}],"collection":[{"href":"https:\/\/linkxa.es\/linkshop\/wp-json\/wp\/v2\/product"}],"about":[{"href":"https:\/\/linkxa.es\/linkshop\/wp-json\/wp\/v2\/types\/product"}],"replies":[{"embeddable":true,"href":"https:\/\/linkxa.es\/linkshop\/wp-json\/wp\/v2\/comments?post=234930"}],"wp:featuredmedia":[{"embeddable":true,"href":"https:\/\/linkxa.es\/linkshop\/wp-json\/wp\/v2\/media\/234931"}],"wp:attachment":[{"href":"https:\/\/linkxa.es\/linkshop\/wp-json\/wp\/v2\/media?parent=234930"}],"wp:term":[{"taxonomy":"product_brand","embeddable":true,"href":"https:\/\/linkxa.es\/linkshop\/wp-json\/wp\/v2\/product_brand?post=234930"},{"taxonomy":"product_cat","embeddable":true,"href":"https:\/\/linkxa.es\/linkshop\/wp-json\/wp\/v2\/product_cat?post=234930"},{"taxonomy":"product_tag","embeddable":true,"href":"https:\/\/linkxa.es\/linkshop\/wp-json\/wp\/v2\/product_tag?post=234930"}],"curies":[{"name":"wp","href":"https:\/\/api.w.org\/{rel}","templated":true}]}}