{"id":234932,"date":"2025-06-25T01:51:32","date_gmt":"2025-06-25T01:51:32","guid":{"rendered":"https:\/\/linkxa.es\/contratacion\/producto\/auriculares-gaming-genesis-argon-200-mini\/"},"modified":"2025-08-02T10:28:29","modified_gmt":"2025-08-02T10:28:29","slug":"auriculares-gaming-genesis-argon-200-mini","status":"publish","type":"product","link":"https:\/\/linkxa.es\/linkshop\/producto\/auriculares-gaming-genesis-argon-200-mini\/","title":{"rendered":"Auriculares gaming genesis argon 200 mini"},"content":{"rendered":"<h3 style=\"text-align: center;\"><strong>Genesis\u00a0 |\u00a0 Auriculares<\/strong><\/h3>\n<p>\u00a0<\/p>\n<p>&#8211; GENERAL\u00a0<br \/>Nombre: Genesis Argon 200\u00a0<br \/>Tipo: Auriculares para juegos\u00a0<br \/>Modelo: NSG-0901\u00a0<\/p>\n<p>&#8211; AURICULARES CON POTENCIA\u00a0<br \/>Gran calidad de sonido y micr\u00f3fono de alta sensibilidad.\u00a0<br \/>Dise\u00f1o con acabados que aportan un car\u00e1cter \u00fanico.\u00a0<br \/>Disponibles en 4 colores diferentes.\u00a0<\/p>\n<p>&#8211; GRANDES ALTAVOCES\u00a0<br \/>Altavoces de 50 mm que proporcionan un sonido envolvente.\u00a0<br \/>Nivel de presi\u00f3n sonora de 96 dB.\u00a0<br \/>Impedancia de 32 Ohm.\u00a0<\/p>\n<p>&#8211; MICR\u00d3FONO SENSIBLE\u00a0<br \/>Micr\u00f3fono con reducci\u00f3n de ruido para una comunicaci\u00f3n clara.\u00a0<br \/>Fijaci\u00f3n en brazo para mejor ajuste.\u00a0<\/p>\n<p>&#8211; COMODIDAD Y DISE\u00d1O\u00a0<br \/>Orejeras grandes con almohadillas de cuero ecol\u00f3gico.\u00a0<br \/>Banda interna acolchada y exterior recubierto de cuero ecol\u00f3gico.\u00a0<br \/>Dise\u00f1o ergon\u00f3mico pensado para largas sesiones de juego.\u00a0<\/p>\n<p>&#8211; CONTROL\u00a0<br \/>Mando en cable para ajustar el volumen sin interrumpir el juego.\u00a0<\/p>\n<p>&#8211; DATOS T\u00c9CNICOS\u00a0<br \/>Comunicaci\u00f3n: Cableado\u00a0<br \/>Conexiones: Mini Jack x2\u00a0<br \/>Tipo de auriculares: Supraaurales\u00a0<br \/>Construcci\u00f3n: Espalda cerrada\u00a0<br \/>Plegables: No\u00a0<br \/>Sistema de audio: 2.0\u00a0<br \/>Micr\u00f3fono: S\u00ed\u00a0<br \/>Control de volumen: En cable\u00a0<br \/>Para: Jugadores\u00a0<br \/>Impedancia: 32 Ohm\u00a0<br \/>Respuesta de frecuencia de auriculares: 20 &#8211; 20000 Hz\u00a0<br \/>Nivel de presi\u00f3n sonora: 96 dB\u00a0<br \/>Tipo de diafragma: Im\u00e1n de neodimio\u00a0<br \/>Di\u00e1metro del diafragma: 50 mm\u00a0<br \/>Fijaci\u00f3n de micr\u00f3fono: Brazo\u00a0<br \/>Tecla de silencio de micr\u00f3fono: No\u00a0<br \/>Sensibilidad de micr\u00f3fono: -38 dB\u00a0<br \/>Respuesta de frecuencia del micr\u00f3fono: 100 &#8211; 10000 Hz\u00a0<br \/>Funciones del mando a distancia: Control de volumen\u00a0<br \/>Retroiluminaci\u00f3n: No\u00a0<br \/>Cable desmontable: No\u00a0<br \/>Longitud del cable: 200 cm\u00a0<br \/>Cobertura del cable: Materia pl\u00e1stica\u00a0<br \/>Material: Materia pl\u00e1stica, Piel artificial\u00a0<br \/>Color: Azul\u00a0<\/p>\n<p>&#8211; COMPATIBILIDAD\u00a0<br \/>Plataforma: PC\u00a0<br \/>Sistemas operativos soportados: Windows XP, Vista, 7, 8, 10\u00a0<\/p>\n<p>&#8211; DATOS F\u00cdSICOS\u00a0<br \/>Peso: 240 g\u00a0<\/p>\n<p>\u00a0<\/p>\n","protected":false},"excerpt":{"rendered":"<p>Auriculares gaming genesis argon 200 mini jack negro &#8211; azul<\/p>\n","protected":false},"featured_media":235234,"comment_status":"closed","ping_status":"open","template":"","meta":{"_et_pb_use_builder":"","_et_pb_old_content":"","_et_gb_content_width":""},"product_brand":[2946],"product_cat":[2799,2800,2058],"product_tag":[2803,2804,3040,2068,2947],"class_list":{"0":"post-234932","1":"product","2":"type-product","3":"status-publish","4":"has-post-thumbnail","6":"product_brand-genesis","7":"product_cat-altavoces-mp3-y-auriculares","8":"product_cat-auriculares","9":"product_cat-dispositivos","10":"product_tag-altavoces-mp3-y-auriculares","11":"product_tag-auriculares","12":"product_tag-auriculares-gaming-genesis-argon-200-mini","13":"product_tag-dispositivos","14":"product_tag-genesis","15":"product_shipping_class-2059","16":"pa_canon-digital-incluida-0-e-incluidos","18":"first","19":"instock","20":"taxable","21":"shipping-taxable","22":"purchasable","23":"product-type-simple"},"_links":{"self":[{"href":"https:\/\/linkxa.es\/linkshop\/wp-json\/wp\/v2\/product\/234932","targetHints":{"allow":["GET"]}}],"collection":[{"href":"https:\/\/linkxa.es\/linkshop\/wp-json\/wp\/v2\/product"}],"about":[{"href":"https:\/\/linkxa.es\/linkshop\/wp-json\/wp\/v2\/types\/product"}],"replies":[{"embeddable":true,"href":"https:\/\/linkxa.es\/linkshop\/wp-json\/wp\/v2\/comments?post=234932"}],"wp:featuredmedia":[{"embeddable":true,"href":"https:\/\/linkxa.es\/linkshop\/wp-json\/wp\/v2\/media\/235234"}],"wp:attachment":[{"href":"https:\/\/linkxa.es\/linkshop\/wp-json\/wp\/v2\/media?parent=234932"}],"wp:term":[{"taxonomy":"product_brand","embeddable":true,"href":"https:\/\/linkxa.es\/linkshop\/wp-json\/wp\/v2\/product_brand?post=234932"},{"taxonomy":"product_cat","embeddable":true,"href":"https:\/\/linkxa.es\/linkshop\/wp-json\/wp\/v2\/product_cat?post=234932"},{"taxonomy":"product_tag","embeddable":true,"href":"https:\/\/linkxa.es\/linkshop\/wp-json\/wp\/v2\/product_tag?post=234932"}],"curies":[{"name":"wp","href":"https:\/\/api.w.org\/{rel}","templated":true}]}}