{"id":234936,"date":"2025-05-02T03:07:36","date_gmt":"2025-05-02T03:07:36","guid":{"rendered":"https:\/\/linkxa.es\/contratacion\/producto\/altavoces-logitech-z625-2-1-powerful-thx\/"},"modified":"2025-08-02T10:01:12","modified_gmt":"2025-08-02T10:01:12","slug":"altavoces-logitech-z625-2-1-powerful-thx","status":"publish","type":"product","link":"https:\/\/linkxa.es\/linkshop\/producto\/altavoces-logitech-z625-2-1-powerful-thx\/","title":{"rendered":"Altavoces logitech z625 2.1 powerful thx"},"content":{"rendered":"<h3 style=\"text-align: center;\"><strong>Logitech\u00a0 |\u00a0 Altavoces<\/strong><\/h3>\n<p>\u00a0<\/p>\n<p>Da vida a tu audio mediante sonido con certificaci\u00f3n THX<\/p>\n<p>Sistema de altavoces 2.1 con certificaci\u00f3n THX que ofrece audio \u00f3ptimo para<br \/>gaming y la experiencia sonora ideal para pel\u00edculas y m\u00fasica.<\/p>\n<p>400 vatios de potencia de pico\/200 vatios RMS ofrecen sonido n\u00edtido y graves<br \/>estremecedores.<\/p>\n<p>Se pueden conectar hasta tres dispositivos compatibles a trav\u00e9s de<br \/>entradas \u00f3pticas, de 3,5 mm o RCA. Acceso f\u00e1cil a todos los controles en el<br \/>altavoz sat\u00e9lite derecho.<\/p>\n<p>Audio con certificaci\u00f3n THX<\/p>\n<p>Dise\u00f1ado para ofrecer una experiencia perfecta desde el principio. Estos<br \/>altavoces con certificaci\u00f3n THX se han optimizado con unas<br \/>especificaciones exactas para ofrecer con el m\u00e1ximo realismo la visi\u00f3n<br \/>original del artista directamente en tu sala de estar.<\/p>\n<p>400 vatios de potente sonido<\/p>\n<p>400 vatios de potencia de pico\/200 vatios RMS ofrecen audio amplificado.<br \/>Este sistema 2.1 te sumerge en un sonido n\u00edtido con graves estremecedores,<br \/>ya sea m\u00fasica, una pel\u00edcula de acci\u00f3n o tu videojuego favorito. Disfruta de<br \/>potente audio que puedes o\u00edr y sentir.<\/p>\n<p>Configuraci\u00f3n vers\u00e1til<\/p>\n<p>Admite varias entradas simult\u00e1neamente incluidas \u00f3ptica, de 3,5 mm y<br \/>RCA. Conecta hasta tres dispositivos compatibles, como tu consola de<br \/>videojuegos, tu televisor y tu ordenador. No hay necesidad de desconectar<br \/>una fuente de audio para usar otra<\/p>\n<p>Todos los controles muy a mano<\/p>\n<p>Acceso f\u00e1cil a encendido, volumen, graves, toma de auriculares y toma<br \/>auxiliar en el altavoz sat\u00e9lite derecho.<\/p>\n<p>Especificaciones y detalles<br \/>Dimensiones<\/p>\n<p>Altavoz sat\u00e9lite izquierdo:<br \/>Altura x Anchura x Profundidad: 116 mm x 195 mm x 124 mm<br \/>Peso: 850 g<\/p>\n<p>Altavoz sat\u00e9lite derecho:<br \/>Altura x Anchura x Profundidad: 116 mm x 195 mm x 135 mm<br \/>Peso: 900 g<\/p>\n<p>Subwoofer:<br \/>Altura x Anchura x Profundidad: 282 mm x 303 mm x 264 mm<br \/>Peso: 6400 g<\/p>\n<p>Requisitos del sistema<\/p>\n<p>Funciona con cualquier dispositivo que tenga entradas \u00f3pticas, de toma de<br \/>auriculares (3,5 mm) o RCA.:<\/p>\n<p>Televisor<br \/>Ordenador<br \/>Smartphone<br \/>Tablet<br \/>Reproductor de m\u00fasica<br \/>Reproductor de DVD<br \/>Reproductor de Blu-ray<br \/>PlayStation<br \/>Xbox<br \/>Wii<\/p>\n<p>Especificaciones<\/p>\n<p>Total de vatios reales (RMS): 400 vatios de potencia de pico\/200 vatios RMS<\/p>\n<p>Subwoofer: 260 vatios de potencia de pico\/130 vatios RMS<\/p>\n<p>Altavoces sat\u00e9lite: 2 de 70 vatios de potencia de pico\/2 de 35 vatios RMS<\/p>\n<p>Entrada \u00f3ptica: 1<\/p>\n<p>Entradas de 3,5 mm: 2<\/p>\n<p>Entrada RCA: 1<\/p>\n<p>Toma de auriculares: 1<\/p>\n<p>Controles: Encendido, volumen y control de graves en el altavoz derecho<br \/>Contenido de la caja<\/p>\n<p>Dos altavoces sat\u00e9lite<br \/>Subwoofer<br \/>Cable \u00f3ptico<br \/>Cable de audio de 3,5 mm<br \/>Documentaci\u00f3n del usuario<\/p>\n<p>\u00a0<\/p>\n","protected":false},"excerpt":{"rendered":"<p>Altavoces logitech z625 2.1 powerful thx sound 400w<\/p>\n","protected":false},"featured_media":234937,"comment_status":"closed","ping_status":"open","template":"","meta":{"_et_pb_use_builder":"","_et_pb_old_content":"","_et_gb_content_width":""},"product_brand":[2798],"product_cat":[2822,2799,2058],"product_tag":[2824,2803,3041,2068,2801],"class_list":{"0":"post-234936","1":"product","2":"type-product","3":"status-publish","4":"has-post-thumbnail","6":"product_brand-logitech","7":"product_cat-altavoces","8":"product_cat-altavoces-mp3-y-auriculares","9":"product_cat-dispositivos","10":"product_tag-altavoces","11":"product_tag-altavoces-mp3-y-auriculares","12":"product_tag-altavoces-logitech-z625-2-1-powerful-thx","13":"product_tag-dispositivos","14":"product_tag-logitech","15":"product_shipping_class-2088","16":"pa_canon-digital-incluida-0-e-incluidos","18":"first","19":"instock","20":"taxable","21":"shipping-taxable","22":"purchasable","23":"product-type-simple"},"_links":{"self":[{"href":"https:\/\/linkxa.es\/linkshop\/wp-json\/wp\/v2\/product\/234936","targetHints":{"allow":["GET"]}}],"collection":[{"href":"https:\/\/linkxa.es\/linkshop\/wp-json\/wp\/v2\/product"}],"about":[{"href":"https:\/\/linkxa.es\/linkshop\/wp-json\/wp\/v2\/types\/product"}],"replies":[{"embeddable":true,"href":"https:\/\/linkxa.es\/linkshop\/wp-json\/wp\/v2\/comments?post=234936"}],"wp:featuredmedia":[{"embeddable":true,"href":"https:\/\/linkxa.es\/linkshop\/wp-json\/wp\/v2\/media\/234937"}],"wp:attachment":[{"href":"https:\/\/linkxa.es\/linkshop\/wp-json\/wp\/v2\/media?parent=234936"}],"wp:term":[{"taxonomy":"product_brand","embeddable":true,"href":"https:\/\/linkxa.es\/linkshop\/wp-json\/wp\/v2\/product_brand?post=234936"},{"taxonomy":"product_cat","embeddable":true,"href":"https:\/\/linkxa.es\/linkshop\/wp-json\/wp\/v2\/product_cat?post=234936"},{"taxonomy":"product_tag","embeddable":true,"href":"https:\/\/linkxa.es\/linkshop\/wp-json\/wp\/v2\/product_tag?post=234936"}],"curies":[{"name":"wp","href":"https:\/\/api.w.org\/{rel}","templated":true}]}}