{"id":234944,"date":"2025-07-05T08:15:51","date_gmt":"2025-07-05T08:15:51","guid":{"rendered":"https:\/\/linkxa.es\/contratacion\/producto\/microfono-inalambrico-rode-micro-c-negro\/"},"modified":"2025-08-02T10:02:07","modified_gmt":"2025-08-02T10:02:07","slug":"microfono-inalambrico-rode-micro-c-negro","status":"publish","type":"product","link":"https:\/\/linkxa.es\/linkshop\/producto\/microfono-inalambrico-rode-micro-c-negro\/","title":{"rendered":"Microfono inalambrico rode micro c negro"},"content":{"rendered":"<h3 style=\"text-align: center;\"><strong>Rode\u00a0 |\u00a0 Micr\u00f3fonos<\/strong><\/h3>\n<p>\u00a0<\/p>\n<p>* CARACTER\u00cdSTICAS PRINCIPALES<\/p>\n<p>Ultra compacto e inal\u00e1mbrico<br \/>Micr\u00f3fonos incorporados con emparejamiento autom\u00e1tico<br \/>Receptor con conexi\u00f3n directa USB-C o Lightning<br \/>Dise\u00f1o ac\u00fastico patentado con reducci\u00f3n de ruido de viento<br \/>Tecnolog\u00eda Intelligent GainAssist para control autom\u00e1tico de ganancia<br \/>Estuche de carga de bolsillo con hasta 21 horas de autonom\u00eda<br \/>Dise\u00f1o elegante y discreto<br \/>Incluye paravientos peludos<br \/>Compatibilidad con apps R\u00d8DE (R\u00d8DE Capture, R\u00d8DE Central, R\u00d8DE Reporter)<br \/>Color: Negro<\/p>\n<p>* BENEFICIOS<\/p>\n<p>Mejora la calidad de audio en videos<br \/>F\u00e1cil de configurar y usar<br \/>Dise\u00f1o port\u00e1til para grabaci\u00f3n en cualquier lugar<br \/>Vers\u00e1til: ideal para vlogs, entrevistas, podcasts y m\u00fasica<\/p>\n<p>* CONTENIDO DEL EMBALAJE<\/p>\n<p>Micr\u00f3fono inal\u00e1mbrico<br \/>Receptor USB-C o Lightning<br \/>Estuche de carga<br \/>Paravientos peludos<\/p>\n<p>\u00a0<\/p>\n","protected":false},"excerpt":{"rendered":"<p>Microfono inalambrico rode micro c negro<\/p>\n","protected":false},"featured_media":234945,"comment_status":"closed","ping_status":"open","template":"","meta":{"_et_pb_use_builder":"","_et_pb_old_content":"","_et_gb_content_width":""},"product_brand":[3042],"product_cat":[2799,2058,2831],"product_tag":[2803,2068,3045,2833,3043],"class_list":{"0":"post-234944","1":"product","2":"type-product","3":"status-publish","4":"has-post-thumbnail","6":"product_brand-rode","7":"product_cat-altavoces-mp3-y-auriculares","8":"product_cat-dispositivos","9":"product_cat-microfonos","10":"product_tag-altavoces-mp3-y-auriculares","11":"product_tag-dispositivos","12":"product_tag-microfono-inalambrico-rode-micro-c-negro","13":"product_tag-microfonos","14":"product_tag-rode","15":"product_shipping_class-2059","16":"pa_canon-digital-incluida-0-e-incluidos","18":"first","19":"instock","20":"taxable","21":"shipping-taxable","22":"purchasable","23":"product-type-simple"},"_links":{"self":[{"href":"https:\/\/linkxa.es\/linkshop\/wp-json\/wp\/v2\/product\/234944","targetHints":{"allow":["GET"]}}],"collection":[{"href":"https:\/\/linkxa.es\/linkshop\/wp-json\/wp\/v2\/product"}],"about":[{"href":"https:\/\/linkxa.es\/linkshop\/wp-json\/wp\/v2\/types\/product"}],"replies":[{"embeddable":true,"href":"https:\/\/linkxa.es\/linkshop\/wp-json\/wp\/v2\/comments?post=234944"}],"wp:featuredmedia":[{"embeddable":true,"href":"https:\/\/linkxa.es\/linkshop\/wp-json\/wp\/v2\/media\/234945"}],"wp:attachment":[{"href":"https:\/\/linkxa.es\/linkshop\/wp-json\/wp\/v2\/media?parent=234944"}],"wp:term":[{"taxonomy":"product_brand","embeddable":true,"href":"https:\/\/linkxa.es\/linkshop\/wp-json\/wp\/v2\/product_brand?post=234944"},{"taxonomy":"product_cat","embeddable":true,"href":"https:\/\/linkxa.es\/linkshop\/wp-json\/wp\/v2\/product_cat?post=234944"},{"taxonomy":"product_tag","embeddable":true,"href":"https:\/\/linkxa.es\/linkshop\/wp-json\/wp\/v2\/product_tag?post=234944"}],"curies":[{"name":"wp","href":"https:\/\/api.w.org\/{rel}","templated":true}]}}