{"id":234996,"date":"2025-02-12T21:46:48","date_gmt":"2025-02-12T21:46:48","guid":{"rendered":"https:\/\/linkxa.es\/contratacion\/producto\/altavoz-conceptronic-resistente-al-agua-flotante\/"},"modified":"2025-08-02T10:07:12","modified_gmt":"2025-08-02T10:07:12","slug":"altavoz-conceptronic-resistente-al-agua-flotante","status":"publish","type":"product","link":"https:\/\/linkxa.es\/linkshop\/producto\/altavoz-conceptronic-resistente-al-agua-flotante\/","title":{"rendered":"Altavoz conceptronic resistente al agua flotante"},"content":{"rendered":"<h3 style=\"text-align: center;\"><strong>Conceptronic\u00a0 |\u00a0 Altavoces<\/strong><\/h3>\n<p>\u00a0<\/p>\n<p>Caracter\u00edsticas<br \/>IPX7 Internacional<br \/>Conectividad inal\u00e1mbrica Bluetooth 3.0<br \/>1200mA bater\u00eda recargable incorporada. Mantiene la operaci\u00f3n en espera y 8<br \/>horas<br \/>Powered USB<br \/>Un soporte inteligente tambi\u00e9n permite que el altavoz flotante para sentarse<br \/>en un escritorio<br \/>contenido del paquete<br \/>Gu\u00eda de instalaci\u00f3n r\u00e1pida en varios idiomas<br \/>USB al cable de CA<br \/>Especificaciones<br \/>Conexiones \/ interfaces<br \/>Bluetooth Bluetooth 3.0<br \/>Caracter\u00edsticas<br \/>color rosa<br \/>Interruptor On \/ Off<br \/>alimentado por USB<br \/>Control de volumen<br \/>indicador LED<br \/>PIRE (dB) 98 dB<br \/>rendimiento<br \/>Rango de frecuencia 2402-2480MHz<br \/>Impedancia (Ohm) 4<br \/>Sensibilidad (dB) 83<br \/>Altavoces sat\u00e9lite Respuesta de frecuencia (Hz-kHz) 100Hz-18KHz<br \/>Subwoofer Respuesta de frecuencia (Hz-kHz) 100Hz-18KHz<br \/>Capacidad de la bater\u00eda 1200mAh<br \/>8 horas de tiempo de funcionamiento<br \/>Potencia de entrada 5V 500mA<br \/>Potencia de salida 3W<br \/>Especificaciones f\u00edsicas<br \/>Largo (en mm) 136<br \/>Ancho (en mm) 136<br \/>Alto (en mm) 108<br \/>Peso (en gramos) 282<br \/>Peso de la bater\u00eda (en gramos) 25<\/p>\n<p>\u00a0<\/p>\n","protected":false},"excerpt":{"rendered":"<p>Altavoz conceptronic resistente al agua flotante rosa<\/p>\n","protected":false},"featured_media":234997,"comment_status":"closed","ping_status":"open","template":"","meta":{"_et_pb_use_builder":"","_et_pb_old_content":"","_et_gb_content_width":""},"product_brand":[2897],"product_cat":[2822,2799,2058],"product_tag":[2824,2803,3054,2898,2068],"class_list":{"0":"post-234996","1":"product","2":"type-product","3":"status-publish","4":"has-post-thumbnail","6":"product_brand-conceptronic","7":"product_cat-altavoces","8":"product_cat-altavoces-mp3-y-auriculares","9":"product_cat-dispositivos","10":"product_tag-altavoces","11":"product_tag-altavoces-mp3-y-auriculares","12":"product_tag-altavoz-conceptronic-resistente-al-agua-flotante","13":"product_tag-conceptronic","14":"product_tag-dispositivos","15":"product_shipping_class-2059","16":"pa_canon-digital-incluida-0-e-incluidos","18":"first","19":"instock","20":"taxable","21":"shipping-taxable","22":"purchasable","23":"product-type-simple"},"_links":{"self":[{"href":"https:\/\/linkxa.es\/linkshop\/wp-json\/wp\/v2\/product\/234996","targetHints":{"allow":["GET"]}}],"collection":[{"href":"https:\/\/linkxa.es\/linkshop\/wp-json\/wp\/v2\/product"}],"about":[{"href":"https:\/\/linkxa.es\/linkshop\/wp-json\/wp\/v2\/types\/product"}],"replies":[{"embeddable":true,"href":"https:\/\/linkxa.es\/linkshop\/wp-json\/wp\/v2\/comments?post=234996"}],"wp:featuredmedia":[{"embeddable":true,"href":"https:\/\/linkxa.es\/linkshop\/wp-json\/wp\/v2\/media\/234997"}],"wp:attachment":[{"href":"https:\/\/linkxa.es\/linkshop\/wp-json\/wp\/v2\/media?parent=234996"}],"wp:term":[{"taxonomy":"product_brand","embeddable":true,"href":"https:\/\/linkxa.es\/linkshop\/wp-json\/wp\/v2\/product_brand?post=234996"},{"taxonomy":"product_cat","embeddable":true,"href":"https:\/\/linkxa.es\/linkshop\/wp-json\/wp\/v2\/product_cat?post=234996"},{"taxonomy":"product_tag","embeddable":true,"href":"https:\/\/linkxa.es\/linkshop\/wp-json\/wp\/v2\/product_tag?post=234996"}],"curies":[{"name":"wp","href":"https:\/\/api.w.org\/{rel}","templated":true}]}}