{"id":235001,"date":"2025-05-03T00:17:13","date_gmt":"2025-05-03T00:17:13","guid":{"rendered":"https:\/\/linkxa.es\/contratacion\/producto\/altavoz-energy-sistem-lolroll-pop-kids\/"},"modified":"2025-08-02T12:23:00","modified_gmt":"2025-08-02T12:23:00","slug":"altavoz-energy-sistem-lolroll-pop-kids","status":"publish","type":"product","link":"https:\/\/linkxa.es\/linkshop\/producto\/altavoz-energy-sistem-lolroll-pop-kids\/","title":{"rendered":"Altavoz energy sistem lol&#038;roll pop kids"},"content":{"rendered":"<h3 style=\"text-align: center;\"><strong>Energy sistem\u00a0 |\u00a0 Altavoces<\/strong><\/h3>\n<p>\u00a0<\/p>\n<p>Tu m\u00fasica en un mini altavoz con tecnolog\u00eda inal\u00e1mbrica Bluetooth<\/p>\n<p>Altavoz Bluetooth port\u00e1til para ni\u00f1os y ni\u00f1as con 5W de potencia y limitaci\u00f3n de volumen para una mayor seguridad. Tu m\u00fasica preferida te acompa\u00f1ar\u00e1 a todas partes, y podr\u00e1s compartirla gracias a la<br \/>funci\u00f3n Music Share. \u00a1Diversi\u00f3n asegurada!<\/p>\n<p>\u00a0<\/p>\n<p>Altavoz infantil con limitaci\u00f3n de volumen<\/p>\n<p>Mini altavoz port\u00e1til para ni\u00f1os con limitaci\u00f3n de volumen de 85dB, que protege su salud auditiva. Gracias a la tecnolog\u00eda inal\u00e1mbrica Bluetooth 5.0, puedes conectar el speaker al smartphone, tablet o<br \/>cualquier dispositivo de audio, para que los peques disfruten de la m\u00fasica a todas horas.<\/p>\n<p>\u00a0<\/p>\n<p>Diversi\u00f3n compartida<\/p>\n<p>La funci\u00f3n Music Share de los Lol&#038;amp,Roll Pop Kids Speaker te permite conectar dos mini altavoces para que los ni\u00f1os compartan su m\u00fasica preferida. \u00a1Y la diversi\u00f3n no acaba ah\u00ed! Incluyen un recortable de<br \/>cart\u00f3n con un personaje de la banda Lol&#038;amp,Roll que har\u00e1 volar su imaginaci\u00f3n.<\/p>\n<p>\u00a0<\/p>\n<p>Calidad de sonido y dise\u00f1o ligero<\/p>\n<p>Este altavoz port\u00e1til te sorprender\u00e1 por su calidad ac\u00fastica, con 5W de potencia. Su bater\u00eda de litio te ofrece hasta 3 horas de m\u00fasica y, adem\u00e1s, hace que el dispositivo sea s\u00faper ligero y c\u00f3modo de<br \/>transportar. \u00a1El mejor compa\u00f1ero de los peque\u00f1os! Incluye cable de carga USB Tipo C.<\/p>\n<p>\u00a0<\/p>\n<p>\u00a1Con la m\u00fasica en el bolsillo!<\/p>\n<p>Altavoz infantil de tama\u00f1o mini est\u00e1 dise\u00f1ado para que los ni\u00f1os lo puedan llevar a todas partes, gracias a su c\u00f3modo tama\u00f1o y a su correa de transporte. Lo podr\u00e1n colgar f\u00e1cilmente en su mochila o en<br \/>cualquier otro lugar. Adem\u00e1s, los botones de reproducci\u00f3n son muy f\u00e1ciles de utilizar. \u00a1Diversi\u00f3n garantizada!<\/p>\n<p>ESPECIFICACIONES<\/p>\n<p>General<br \/>Marca: ENERGY SISTEM<br \/>Garant\u00eda: 3<br \/>Part Number: 454976<br \/>Categor\u00edas: SONIDO<br \/>Reacondicionado: No<br \/>Reposici\u00f3n &#8211; Etiqueta: No<br \/>Peso Volumetrico 0.11 Kg.<br \/>Contenido del embalaje<br \/>Material incluido: USB TIPO C<br \/>Gu\u00eda de configuraci\u00f3n r\u00e1pida: Si<br \/>Detalles t\u00e9cnicos<br \/>Tipolog\u00eda Imagen Sonido: Altavoces<br \/>Alcance Bluetooth: 20 m<br \/>Conexi\u00f3n inal\u00e1mbrica: Si<br \/>Marca compatible: Universal<br \/>Potencia de salida: 5 W<br \/>Tipo de altavoces: 1-way<br \/>Conectividad<br \/>Interfaz: Bluetooth<br \/>Conectividad del dispositivo: Inal\u00e1mbrico<br \/>Control de energ\u00eda<br \/>Alimentaci\u00f3n: Bater\u00eda<br \/>Carga por USB: Si<br \/>Voltaje de operaci\u00f3n: 3.7 V<br \/>Otras caracter\u00edsticas<br \/>N\u00famero de altavoces: 1<br \/>Tecnolog\u00eda inal\u00e1mbrica: Bluetooth<br \/>Versi\u00f3n de Bluetooth: 5.0<br \/>Peso y dimensiones<br \/>Altura: 38 mm<br \/>Ancho: 62 mm<br \/>Peso: 76g<br \/>Profundidad: 62 mm<br \/>Altavoces<br \/>N\u00famero de dispositivos: 1<br \/>N\u00famero de altavoces: 1<br \/>Bater\u00eda<br \/>Autonom\u00eda: 3 h<br \/>Capacidad: 500 mAh<br \/>Audio<br \/>Rango de frecuencia: 18 &#8211; 100000 Hz<br \/>Color<br \/>Color: Celeste<\/p>\n<p>\u00a0<\/p>\n","protected":false},"excerpt":{"rendered":"<p>Altavoz energy sistem lol&#038;roll pop kids celeste 5w &#8211; tws &#8211; bluetooth 5.0 &#8211; usb &#8211; c<\/p>\n","protected":false},"featured_media":235839,"comment_status":"closed","ping_status":"open","template":"","meta":{"_et_pb_use_builder":"","_et_pb_old_content":"","_et_gb_content_width":""},"product_brand":[2879],"product_cat":[2822,2799,2058],"product_tag":[2824,2803,3055,2068,2880],"class_list":{"0":"post-235001","1":"product","2":"type-product","3":"status-publish","4":"has-post-thumbnail","6":"product_brand-energy-sistem","7":"product_cat-altavoces","8":"product_cat-altavoces-mp3-y-auriculares","9":"product_cat-dispositivos","10":"product_tag-altavoces","11":"product_tag-altavoces-mp3-y-auriculares","12":"product_tag-altavoz-energy-sistem-lolroll-pop-kids","13":"product_tag-dispositivos","14":"product_tag-energy-sistem","15":"product_shipping_class-2059","16":"pa_canon-digital-incluida-0-e-incluidos","18":"first","19":"instock","20":"taxable","21":"shipping-taxable","22":"purchasable","23":"product-type-simple"},"_links":{"self":[{"href":"https:\/\/linkxa.es\/linkshop\/wp-json\/wp\/v2\/product\/235001","targetHints":{"allow":["GET"]}}],"collection":[{"href":"https:\/\/linkxa.es\/linkshop\/wp-json\/wp\/v2\/product"}],"about":[{"href":"https:\/\/linkxa.es\/linkshop\/wp-json\/wp\/v2\/types\/product"}],"replies":[{"embeddable":true,"href":"https:\/\/linkxa.es\/linkshop\/wp-json\/wp\/v2\/comments?post=235001"}],"wp:featuredmedia":[{"embeddable":true,"href":"https:\/\/linkxa.es\/linkshop\/wp-json\/wp\/v2\/media\/235839"}],"wp:attachment":[{"href":"https:\/\/linkxa.es\/linkshop\/wp-json\/wp\/v2\/media?parent=235001"}],"wp:term":[{"taxonomy":"product_brand","embeddable":true,"href":"https:\/\/linkxa.es\/linkshop\/wp-json\/wp\/v2\/product_brand?post=235001"},{"taxonomy":"product_cat","embeddable":true,"href":"https:\/\/linkxa.es\/linkshop\/wp-json\/wp\/v2\/product_cat?post=235001"},{"taxonomy":"product_tag","embeddable":true,"href":"https:\/\/linkxa.es\/linkshop\/wp-json\/wp\/v2\/product_tag?post=235001"}],"curies":[{"name":"wp","href":"https:\/\/api.w.org\/{rel}","templated":true}]}}