{"id":235005,"date":"2025-07-01T21:42:43","date_gmt":"2025-07-01T21:42:43","guid":{"rendered":"https:\/\/linkxa.es\/contratacion\/producto\/auriculares-urbanista-true-wireless-inalambricos-phoenix\/"},"modified":"2025-08-02T10:08:34","modified_gmt":"2025-08-02T10:08:34","slug":"auriculares-urbanista-true-wireless-inalambricos-phoenix","status":"publish","type":"product","link":"https:\/\/linkxa.es\/linkshop\/producto\/auriculares-urbanista-true-wireless-inalambricos-phoenix\/","title":{"rendered":"Auriculares urbanista true wireless inalambricos phoenix"},"content":{"rendered":"<h3 style=\"text-align: center;\"><strong>Urbanista\u00a0 |\u00a0 Auriculares<\/strong><\/h3>\n<p>\u00a0<\/p>\n<p>AURICULARES CON CANCELACI\u00d3N DE RUIDO QUE FUNCIONAN CON ENERG\u00cdA SOLAR Libera el poder de la luz con Urbanista Phoenix, los primeros auriculares solares del mundo con un estuche de<br \/>carga aerodin\u00e1mico integrado con c\u00e9lulas solares Powerfoyle. Gracias a su avanzada tecnolog\u00eda ecol\u00f3gica, los auriculares se recargan continuamente cuando est\u00e1n guardados en el estuche de<br \/>autocarga y expuesto a cualquier luz, ya sea natural o artificial. Los auriculares incorporan un avanzado sistema h\u00edbrido de cancelaci\u00f3n-activaci\u00f3n del ruido.<\/p>\n<p>EN LA APP<\/p>\n<p>NIVELES DE BATER\u00cdA. Controla los niveles de tu bater\u00eda.<\/p>\n<p>CARGA EN VIVO. Monitoriza el rendimiento de la carga de tu luz en tiempo real.<\/p>\n<p>DATOS HIST\u00d3RICOS. Controla el rendimiento y el historial de carga de tu luz.<\/p>\n<p>AJUSTES. Cambia los ajustes del ecualizador y personaliza los controles t\u00e1ctiles.<\/p>\n<p>CARACTER\u00cdSTICAS PRINCIPALES<\/p>\n<p>&#8211; Carga continua cuando se exponen a la luz interior y exterior<\/p>\n<p>&#8211; Anulaci\u00f3n activa del ruido<\/p>\n<p>&#8211; Conexi\u00f3n multipunto<\/p>\n<p>&#8211; Autonom\u00eda de 8 horas<\/p>\n<p>&#8211; 34 horas de reserva de bater\u00eda<\/p>\n<p>&#8211; Micr\u00f3fonos con reducci\u00f3n de ruido<\/p>\n<p>&#8211; Detecci\u00f3n autom\u00e1tica en el o\u00eddo<\/p>\n<p>&#8211; Auriculares resistentes al agua IPX4<\/p>\n<p>&#8211; Bluetooth\u00ae 5.2<\/p>\n<p>&#8211; APP Urbanista para para Android y Apple<\/p>\n<p>\u00a0<\/p>\n","protected":false},"excerpt":{"rendered":"<p>Auriculares urbanista true wireless inalambricos phoenix desert rose carga solar<\/p>\n","protected":false},"featured_media":235007,"comment_status":"closed","ping_status":"open","template":"","meta":{"_et_pb_use_builder":"","_et_pb_old_content":"","_et_gb_content_width":""},"product_brand":[2849],"product_cat":[2799,2800,2058],"product_tag":[2803,2804,3056,2068,2850],"class_list":{"0":"post-235005","1":"product","2":"type-product","3":"status-publish","4":"has-post-thumbnail","6":"product_brand-urbanista","7":"product_cat-altavoces-mp3-y-auriculares","8":"product_cat-auriculares","9":"product_cat-dispositivos","10":"product_tag-altavoces-mp3-y-auriculares","11":"product_tag-auriculares","12":"product_tag-auriculares-urbanista-true-wireless-inalambricos-phoenix","13":"product_tag-dispositivos","14":"product_tag-urbanista","15":"product_shipping_class-2059","16":"pa_canon-digital-incluida-0-e-incluidos","18":"first","19":"instock","20":"taxable","21":"shipping-taxable","22":"purchasable","23":"product-type-simple"},"_links":{"self":[{"href":"https:\/\/linkxa.es\/linkshop\/wp-json\/wp\/v2\/product\/235005","targetHints":{"allow":["GET"]}}],"collection":[{"href":"https:\/\/linkxa.es\/linkshop\/wp-json\/wp\/v2\/product"}],"about":[{"href":"https:\/\/linkxa.es\/linkshop\/wp-json\/wp\/v2\/types\/product"}],"replies":[{"embeddable":true,"href":"https:\/\/linkxa.es\/linkshop\/wp-json\/wp\/v2\/comments?post=235005"}],"wp:featuredmedia":[{"embeddable":true,"href":"https:\/\/linkxa.es\/linkshop\/wp-json\/wp\/v2\/media\/235007"}],"wp:attachment":[{"href":"https:\/\/linkxa.es\/linkshop\/wp-json\/wp\/v2\/media?parent=235005"}],"wp:term":[{"taxonomy":"product_brand","embeddable":true,"href":"https:\/\/linkxa.es\/linkshop\/wp-json\/wp\/v2\/product_brand?post=235005"},{"taxonomy":"product_cat","embeddable":true,"href":"https:\/\/linkxa.es\/linkshop\/wp-json\/wp\/v2\/product_cat?post=235005"},{"taxonomy":"product_tag","embeddable":true,"href":"https:\/\/linkxa.es\/linkshop\/wp-json\/wp\/v2\/product_tag?post=235005"}],"curies":[{"name":"wp","href":"https:\/\/api.w.org\/{rel}","templated":true}]}}