{"id":235028,"date":"2025-04-02T03:45:47","date_gmt":"2025-04-02T03:45:47","guid":{"rendered":"https:\/\/linkxa.es\/contratacion\/producto\/altavoces-creative-sbs-e2500-bluetooth-2-1\/"},"modified":"2025-08-02T10:09:43","modified_gmt":"2025-08-02T10:09:43","slug":"altavoces-creative-sbs-e2500-bluetooth-2-1","status":"publish","type":"product","link":"https:\/\/linkxa.es\/linkshop\/producto\/altavoces-creative-sbs-e2500-bluetooth-2-1\/","title":{"rendered":"Altavoces creative sbs e2500 bluetooth 2.1"},"content":{"rendered":"<h3 style=\"text-align: center;\"><strong>Creative\u00a0 |\u00a0 Altavoces<\/strong><\/h3>\n<p>\u00a0<\/p>\n<p>Creative SBS E2500 es un sistema de altavoces de alto rendimiento 2.1 que<br \/>produce un audio rico y audaz a trav\u00e9s de una amplia variedad de opciones<br \/>de conectividad.Transmita de forma inal\u00e1mbrica a trav\u00e9s de Bluetooth,<br \/>escuche sus emisoras de radio FM favoritas, o el audio que elija<br \/>reproduciendo directamente a trav\u00e9s de cualquier dispositivo USB.<\/p>\n<p>Para conectividad por cable, con\u00e9ctese a la clavija de entrada auxiliar de<br \/>3.5 mm. Adem\u00e1s de todo esto, puede acceder f\u00e1cilmente a los ajustes de<br \/>reproducci\u00f3n de m\u00fasica y ajustes de audio, directamente en los altavoces,<br \/>o acceder a las presinton\u00edas de EQ con el mando a distancia por infrarrojos.<\/p>\n<p>Creative SBS E2500 es la opci\u00f3n perfecta para todas sus necesidades de<br \/>entretenimiento de audio.<br \/>Caracter\u00edsticas:<\/p>\n<p>Sistema de altavoces 2.1 con drivers de campo lejano: Un sistema de<br \/>altavoces 2.1 Bluetooth de alto rendimiento que ofrece un rendimiento de<br \/>audio alto e impresionante con 30 W de RMS y hasta 60 W de pico m\u00e1ximo<br \/>de potencia. Los altavoces llevan unos drivers con sintonizaci\u00f3n<br \/>personalizada y campo lejano para producir una experiencia de audio<br \/>sorprendente.<br \/>Subwoofer MDF orientado hacia abajo: Subwoofer orientado hacia abajo<br \/>que mejora el audio con respuestas de bajo envolvente, perfecto para las<br \/>pel\u00edculas y eventos en directo.<br \/>Radio FM: Escuche sus emisoras o sus DJ favoritos con la radio FM<br \/>anal\u00f3gica que trae b\u00fasqueda autom\u00e1tica de emisoras. Adem\u00e1s para mayor<br \/>comodidad, el sistema recuerda la \u00faltima estaci\u00f3n FM con la que sintoniz\u00f3.<br \/>Bluetooth 5.0: Con la tecnolog\u00eda Bluetooth 5.0 m\u00e1s reciente, disfrute de<br \/>audio de gran calidad de forma inal\u00e1mbrica desde sus dispositivos, sin<br \/>cables de por medio.<br \/>Reproducci\u00f3n MP3 USB: Organ\u00edcese su propia sesi\u00f3n con su m\u00fasica<br \/>favorita desde un pen USB utilizando el reproductor MP3 incorporado a<br \/>trav\u00e9s de la funcionalidad plug-and-play.<br \/>Entrada Auxiliar: Puerto de entrada auxiliar de 3.5 mm para la<br \/>conectividad anal\u00f3gica con cable al ordenador, TV y m\u00e1s.<br \/>C\u00f3modos botones de control: Acceda con facilidad al control de<br \/>reproducci\u00f3n de m\u00fasica y volumen desde los botones de control frontales<br \/>del sistema.<br \/>Incluye mando a distancia con varias Presinton\u00edas de EQ: Para mayor<br \/>comodidad, hemos incluido un mando a distancia por infrarrojos para que<br \/>pueda configurar los ajustes de audio de los altavoces, el volumen y la<br \/>reproducci\u00f3n de m\u00fasica de forma inal\u00e1mbrica. Tambi\u00e9n puede seleccionar<br \/>diferentes presinton\u00edas de EQ5 a trav\u00e9s del mando a distancia para que se<br \/>adapten a la m\u00fasica que est\u00e9 escuchando, o a su estado de \u00e1nimo en el<br \/>momento.<\/p>\n<p>Especificaciones Creative SBS E2500:<\/p>\n<p>Dimensiones<br \/>Antena FM: 1.5 m<br \/>Sat\u00e9lite: 90 x 75 x 130 mm<br \/>Subwoofer: 155 x 270 x 264 mm<br \/>Control remoto con infrarrojos: 115 x 37 x 18 mm<br \/>Longitud de cable<br \/>Cable de corriente: 1.2 m<br \/>Cable 3.5 mm a 3.5 mm: 1,5m<br \/>Peso<br \/>Cable 3.5 mm a 3.5 mm: 27g<br \/>Sat\u00e9lites: 258g<br \/>Subwoofer: 2.15 kg<br \/>Control remoto con infrarrojos: 26g<br \/>Temperatura de funcionamiento: De 0 \u00b0C a 45 \u00b0C<br \/>Datos t\u00e9cnicos<br \/>Potencia total del sistema: 30W, 7,5W RMS por canal (2 canal)<br \/>Subwoofer: 15W RMS<br \/>Conductores: Sat\u00e9lite 3?<br \/>Subwoofer: 5?<br \/>Respuesta de frecuencia: 5020,000 Hz<br \/>Configuraci\u00f3n del sistema: Sistema 2.1<br \/>Relaci\u00f3n se\u00f1al\/ruido (SNR): ? 75 dB<br \/>Frecuencia operativa Bluetooth: 24022480 MHz<br \/>Mando a distancia: S\u00ed<br \/>Requisitos del sistema<br \/>Windows<br \/>Clavija est\u00e9reo de 3.5 mm<br \/>Bluetooth con soporte est\u00e9reo A2DP<br \/>Macintosh<br \/>Clavija est\u00e9reo de 3.5 mm<br \/>Bluetooth con soporte est\u00e9reo A2DP<br \/>iOS<br \/>Clavija est\u00e9reo de 3.5 mm<br \/>iPhones\/iPads con iOS 7 o superior para Bluetooth<br \/>Bluetooth con soporte est\u00e9reo A2DP<br \/>Android<br \/>Clavija est\u00e9reo de 3.5 mm<br \/>Tel\u00e9fonos\/tablets con Android 4.0 o superior para Bluetooth<br \/>Bluetooth con soporte est\u00e9reo A2DP<br \/>Contenido del paquete<br \/>2 altavoces sat\u00e9lite (sat\u00e9lites izquierdo y derecho)<br \/>1 subwoofer<br \/>1 Mando a distancia por infrarrojos<br \/>1 Cable 3.5 mm a 3.5 mm<br \/>1 Antena FM<br \/>1 gu\u00eda de inicio r\u00e1pido<\/p>\n<p>\u00a0<\/p>\n","protected":false},"excerpt":{"rendered":"<p>Altavoces creative sbs e2500 bluetooth &#8211; 2.1 &#8211; 30w<\/p>\n","protected":false},"featured_media":235029,"comment_status":"closed","ping_status":"open","template":"","meta":{"_et_pb_use_builder":"","_et_pb_old_content":"","_et_gb_content_width":""},"product_brand":[3033],"product_cat":[2822,2799,2058],"product_tag":[2824,2803,3059,3034,2068],"class_list":{"0":"post-235028","1":"product","2":"type-product","3":"status-publish","4":"has-post-thumbnail","6":"product_brand-creative","7":"product_cat-altavoces","8":"product_cat-altavoces-mp3-y-auriculares","9":"product_cat-dispositivos","10":"product_tag-altavoces","11":"product_tag-altavoces-mp3-y-auriculares","12":"product_tag-altavoces-creative-sbs-e2500-bluetooth-2-1","13":"product_tag-creative","14":"product_tag-dispositivos","15":"product_shipping_class-2059","16":"pa_canon-digital-incluida-0-e-incluidos","18":"first","19":"instock","20":"taxable","21":"shipping-taxable","22":"purchasable","23":"product-type-simple"},"_links":{"self":[{"href":"https:\/\/linkxa.es\/linkshop\/wp-json\/wp\/v2\/product\/235028","targetHints":{"allow":["GET"]}}],"collection":[{"href":"https:\/\/linkxa.es\/linkshop\/wp-json\/wp\/v2\/product"}],"about":[{"href":"https:\/\/linkxa.es\/linkshop\/wp-json\/wp\/v2\/types\/product"}],"replies":[{"embeddable":true,"href":"https:\/\/linkxa.es\/linkshop\/wp-json\/wp\/v2\/comments?post=235028"}],"wp:featuredmedia":[{"embeddable":true,"href":"https:\/\/linkxa.es\/linkshop\/wp-json\/wp\/v2\/media\/235029"}],"wp:attachment":[{"href":"https:\/\/linkxa.es\/linkshop\/wp-json\/wp\/v2\/media?parent=235028"}],"wp:term":[{"taxonomy":"product_brand","embeddable":true,"href":"https:\/\/linkxa.es\/linkshop\/wp-json\/wp\/v2\/product_brand?post=235028"},{"taxonomy":"product_cat","embeddable":true,"href":"https:\/\/linkxa.es\/linkshop\/wp-json\/wp\/v2\/product_cat?post=235028"},{"taxonomy":"product_tag","embeddable":true,"href":"https:\/\/linkxa.es\/linkshop\/wp-json\/wp\/v2\/product_tag?post=235028"}],"curies":[{"name":"wp","href":"https:\/\/api.w.org\/{rel}","templated":true}]}}