{"id":235036,"date":"2025-05-23T17:46:28","date_gmt":"2025-05-23T17:46:28","guid":{"rendered":"https:\/\/linkxa.es\/contratacion\/producto\/altavoz-portatil-urbanista-sydney-bluetooth-oro\/"},"modified":"2025-08-02T10:10:32","modified_gmt":"2025-08-02T10:10:32","slug":"altavoz-portatil-urbanista-sydney-bluetooth-oro","status":"publish","type":"product","link":"https:\/\/linkxa.es\/linkshop\/producto\/altavoz-portatil-urbanista-sydney-bluetooth-oro\/","title":{"rendered":"Altavoz portatil urbanista sydney bluetooth oro"},"content":{"rendered":"<h3 style=\"text-align: center;\"><strong>Urbanista\u00a0 |\u00a0 Altavoces<\/strong><\/h3>\n<p>\u00a0<\/p>\n<p>Disfruta de hasta 5 horas de sonido \u00e9pico con tu altavoz Sydney cuando est\u00e9s en la playa, en el parque o entre conciertos en un festival. Viene en cuatro tonos vibrantes, con una silueta limpia y una textura<br \/>suave, con funcionalidades como Bluetooth, controles de volumen y la posibilidad de emparejar un segundo altavoz Urbanista Sydney. F\u00e1cil de llevar en mano o en tu bolso, \u00a1Urbanista Sydney podr\u00eda ser<br \/>tu mejor compa\u00f1ero de viaje!<\/p>\n<p>CARACTERISTICAS<\/p>\n<p>Urbanista Sydney cubre su tecnolog\u00eda empaquetada en el interior con una hermosa silueta minimalista. El dise\u00f1o elegante con los botones m\u00e1gicos lo convierte en una declaraci\u00f3n de dise\u00f1o. Elige tu<br \/>favorito entre cuatro colores \u00e9picos.<br \/>Urbanista Sydney se desarrolla en estrecha colaboraci\u00f3n con el destacado ingeniero de audio Axel Grell. El resultado es un sonido cristalino con graves profundos. Entonces, aunque puede deslizarlo<br \/>en su bolsillo, obtendr\u00e1 una calidad de sonido impresionante. \u00bfUna obra maestra cl\u00e1sica o un ritmo pesado? \u00a1Dale!<br \/>Incluso si Urbanista Sydney cabe f\u00e1cilmente en su bolsillo, siempre brindar\u00e1 una experiencia musical completa. As\u00ed que empieza la fiesta, con hasta 5 horas de tiempo de juego ininterrumpido,<br \/>definitivamente podr\u00e1 brindar el estado de \u00e1nimo adecuado.<\/p>\n<p>ESPECIFICACIONES<br \/>Altavoces<br \/>N\u00famero de altavoces: 1<br \/>Di\u00e1metro del conductor: 4 cm<\/p>\n<p>Audio<br \/>Potencia estimada RMS: 3 W<br \/>Rango de frecuencia: 80 &#8211; 20000 Hz<br \/>Obstrucci\u00f3n: 4 ohms<br \/>Relaci\u00f3n se\u00f1al\/ruido (SNR): 80 dB<\/p>\n<p>Puertos e Interfaces<br \/>Tecnolog\u00eda de conectividad: Inal\u00e1mbrico<br \/>Wifi: No<br \/>Bluetooth: Si<br \/>Versi\u00f3n de Bluetooth: 5.0<br \/>alcance Bluetooth: 10 m<br \/>Conexi\u00f3n USB: Si<br \/>Conector USB: MicroUSB<\/p>\n<p>Dise\u00f1o<br \/>Color del producto: Rosa \/ Rosegold<br \/>Control de volumen: Botones<br \/>C\u00f3digo IP (International Protection): IPX5<\/p>\n<p>Desempe\u00f1o<br \/>Uso recomendado: Universal<br \/>Sistemas operativos m\u00f3viles soportados: Android, iOS<\/p>\n<p>Control de energ\u00eda<br \/>Tipo de bater\u00eda: Bater\u00eda integrada<br \/>Tecnolog\u00eda de bater\u00eda: I\u00f3n de litio<br \/>Capacidad de bater\u00eda: 600 mAh<br \/>Capacidad de bater\u00eda: 2,2 Wh<br \/>Autonom\u00eda: 5 h<br \/>Tiempo de recarga de la bater\u00eda: 1,5 h<br \/>Tiempo de reposo: 720 h<\/p>\n<p>Contenido del embalaje<br \/>Cantidad por paquete: 1 pieza(s)<br \/>Cables incluidos: MicroUSB<\/p>\n<p>\u00a0<\/p>\n","protected":false},"excerpt":{"rendered":"<p>Altavoz portatil urbanista sydney bluetooth oro rosa &#8211; rose gold<\/p>\n","protected":false},"featured_media":235037,"comment_status":"closed","ping_status":"open","template":"","meta":{"_et_pb_use_builder":"","_et_pb_old_content":"","_et_gb_content_width":""},"product_brand":[2849],"product_cat":[2822,2799,2058],"product_tag":[2824,2803,3060,2068,2850],"class_list":{"0":"post-235036","1":"product","2":"type-product","3":"status-publish","4":"has-post-thumbnail","6":"product_brand-urbanista","7":"product_cat-altavoces","8":"product_cat-altavoces-mp3-y-auriculares","9":"product_cat-dispositivos","10":"product_tag-altavoces","11":"product_tag-altavoces-mp3-y-auriculares","12":"product_tag-altavoz-portatil-urbanista-sydney-bluetooth-oro","13":"product_tag-dispositivos","14":"product_tag-urbanista","15":"product_shipping_class-2059","16":"pa_canon-digital-incluida-0-e-incluidos","18":"first","19":"instock","20":"taxable","21":"shipping-taxable","22":"purchasable","23":"product-type-simple"},"_links":{"self":[{"href":"https:\/\/linkxa.es\/linkshop\/wp-json\/wp\/v2\/product\/235036","targetHints":{"allow":["GET"]}}],"collection":[{"href":"https:\/\/linkxa.es\/linkshop\/wp-json\/wp\/v2\/product"}],"about":[{"href":"https:\/\/linkxa.es\/linkshop\/wp-json\/wp\/v2\/types\/product"}],"replies":[{"embeddable":true,"href":"https:\/\/linkxa.es\/linkshop\/wp-json\/wp\/v2\/comments?post=235036"}],"wp:featuredmedia":[{"embeddable":true,"href":"https:\/\/linkxa.es\/linkshop\/wp-json\/wp\/v2\/media\/235037"}],"wp:attachment":[{"href":"https:\/\/linkxa.es\/linkshop\/wp-json\/wp\/v2\/media?parent=235036"}],"wp:term":[{"taxonomy":"product_brand","embeddable":true,"href":"https:\/\/linkxa.es\/linkshop\/wp-json\/wp\/v2\/product_brand?post=235036"},{"taxonomy":"product_cat","embeddable":true,"href":"https:\/\/linkxa.es\/linkshop\/wp-json\/wp\/v2\/product_cat?post=235036"},{"taxonomy":"product_tag","embeddable":true,"href":"https:\/\/linkxa.es\/linkshop\/wp-json\/wp\/v2\/product_tag?post=235036"}],"curies":[{"name":"wp","href":"https:\/\/api.w.org\/{rel}","templated":true}]}}