{"id":235049,"date":"2025-01-10T17:56:38","date_gmt":"2025-01-10T17:56:38","guid":{"rendered":"https:\/\/linkxa.es\/contratacion\/producto\/auriculares-dell-wl5024-inalambrico-negro\/"},"modified":"2025-08-02T10:11:57","modified_gmt":"2025-08-02T10:11:57","slug":"auriculares-dell-wl5024-inalambrico-negro","status":"publish","type":"product","link":"https:\/\/linkxa.es\/linkshop\/producto\/auriculares-dell-wl5024-inalambrico-negro\/","title":{"rendered":"Auriculares dell wl5024 inalambrico negro"},"content":{"rendered":"<h3 style=\"text-align: center;\"><strong>Dell\u00a0 |\u00a0 Auriculares<\/strong><\/h3>\n<p>\u00a0<\/p>\n<p>\u00ab`<br \/>&#8211; FICHA T\u00c9CNICA\u00a0<\/p>\n<p>&#8211; GENERAL\u00a0<br \/>Tipo de producto: Auricular &#8211; Bluetooth &#8211; inal\u00e1mbrico\u00a0<br \/>Compatibilidad: Mac, Windows\u00a0<br \/>Distancia operativa m\u00e1xima: 30 m\u00a0<br \/>Peso: 219 g\u00a0<br \/>Funciones adicionales: Luces LED\u00a0<br \/>Protecci\u00f3n: Protecci\u00f3n auditiva\u00a0<br \/>Material de la banda de cabeza: Piel sint\u00e9tica, espuma de memoria\u00a0<br \/>Material de las almohadillas: Polipiel con espuma viscoel\u00e1stica\u00a0<br \/>Caracter\u00edsticas: Micr\u00f3fono giratorio de 100-130\u00b0, carga r\u00e1pida\u00a0<\/p>\n<p>&#8211; GARANT\u00cdA DEL FABRICANTE\u00a0<br \/>Servicio y mantenimiento:\u00a0<br \/>&#8211; Garant\u00eda limitada &#8211; 3 a\u00f1os\u00a0<br \/>&#8211; Advanced Exchange Service &#8211; 3 a\u00f1os\u00a0<\/p>\n<p>&#8211; DIVERSO\u00a0<br \/>Cumplimiento de normas: EN 50332\u00a0<br \/>Certificaci\u00f3n de software: Certificado para Equipos de Microsoft, Certificado por Zoom\u00a0<br \/>Accesorios incluidos: USB-C wireless dongle, cable de carga USB-C a USB-C, convertidor de USB-C a USB-A, bolsa de transporte\u00a0<br \/>Plataformas compatibles: macOS, Windows 10 (64-bit), Windows 11 (64-bit)\u00a0<\/p>\n<p>&#8211; ALIMENTACI\u00d3N\u00a0<br \/>Capacidad: 750 mAh\u00a0<br \/>Tiempo de recarga: 2.5 horas\u00a0<br \/>Tiempo de ejecuci\u00f3n m\u00e1ximo: 78 horas\u00a0<br \/>Datos de tiempo de ejecuci\u00f3n:\u00a0<br \/>&#8211; Reproducci\u00f3n continua (sin cancelaci\u00f3n de ruido): hasta 78 horas\u00a0<br \/>&#8211; Reproducci\u00f3n continua (con cancelaci\u00f3n de ruido): hasta 50 horas\u00a0<br \/>&#8211; Conversaci\u00f3n continua (con cancelaci\u00f3n de ruido y busylight apagada): hasta 34 horas\u00a0<br \/>&#8211; Conversaci\u00f3n continua (con cancelaci\u00f3n de ruido y busylight encendida): hasta 20 horas\u00a0<br \/>Bater\u00eda: Pila recargable para auriculares\u00a0<\/p>\n<p>&#8211; AUDIO SALIDA\u00a0<br \/>Modo de salida del sonido: Est\u00e9reo\u00a0<br \/>Cantidad de dispositivos conectables simult\u00e1neamente: 2\u00a0<br \/>Tecnolog\u00eda de conectividad: Inal\u00e1mbrico\u00a0<br \/>Respuesta de frecuencia: 20 &#8211; 20000 Hz\u00a0<br \/>Eliminaci\u00f3n activa de ruido: S\u00ed\u00a0<br \/>Tecnolog\u00eda de cancelaci\u00f3n de ruido activa: Hybrid ANC\u00a0<br \/>Tecnolog\u00eda de cancelaci\u00f3n de ruido adaptativa: Adaptive Transparency\u00a0<br \/>Diafragma: 40 mm\u00a0<br \/>Presi\u00f3n de sonido m\u00e1xima: 120 dB\u00a0<br \/>Tecnolog\u00eda inal\u00e1mbrica: Bluetooth\u00a0<br \/>Versi\u00f3n Bluetooth: 5.3\u00a0<br \/>C\u00f3decs de audio Bluetooth: AAC, SBC, LC3\u00a0<br \/>Caracter\u00edsticas: Aware Mode, Smart Sensor Technology\u00a0<br \/>Factor de forma: En oreja biauricular\u00a0<\/p>\n<p>&#8211; CONEXIONES\u00a0<br \/>Tipo de conector:\u00a0<br \/>&#8211; Adaptador inal\u00e1mbrico (USB Type-C)\u00a0<br \/>&#8211; USB-C (solo carga)\u00a0<\/p>\n<p>&#8211; MICR\u00d3FONO\u00a0<br \/>Tipo: Boom\u00a0<br \/>Relaci\u00f3n se\u00f1al a ruido: 55 dB\u00a0<br \/>Cancelaci\u00f3n de ruido: S\u00ed\u00a0<br \/>Sensibilidad: -45 dBV\/Pascal\u00a0<br \/>Respuesta de frecuencia: 100 &#8211; 14000 Hz\u00a0<br \/>Factor de forma: Micr\u00f3fono de auriculares\u00a0<br \/>Tecnolog\u00eda de cancelaci\u00f3n de ruido: AI-uplink\u00a0<br \/>Modo de operaci\u00f3n del micr\u00f3fono: Unidireccional, conformaci\u00f3n de haces\u00a0<\/p>\n<p>&#8211; CONTROL REMOTO\u00a0<br \/>Controles: Asistente de voz, modo ANC, sin sonido, volumen, bot\u00f3n para Microsoft Teams, bot\u00f3n multimedia\u00a0<br \/>\u00ab`<\/p>\n<p>\u00a0<\/p>\n","protected":false},"excerpt":{"rendered":"<p>Auriculares dell wl5024 inalambrico negro<\/p>\n","protected":false},"featured_media":235050,"comment_status":"closed","ping_status":"open","template":"","meta":{"_et_pb_use_builder":"","_et_pb_old_content":"","_et_gb_content_width":""},"product_brand":[2558],"product_cat":[2799,2800,2058],"product_tag":[2803,2804,3063,2559,2068],"class_list":{"0":"post-235049","1":"product","2":"type-product","3":"status-publish","4":"has-post-thumbnail","6":"product_brand-dell","7":"product_cat-altavoces-mp3-y-auriculares","8":"product_cat-auriculares","9":"product_cat-dispositivos","10":"product_tag-altavoces-mp3-y-auriculares","11":"product_tag-auriculares","12":"product_tag-auriculares-dell-wl5024-inalambrico-negro","13":"product_tag-dell","14":"product_tag-dispositivos","15":"product_shipping_class-2059","16":"pa_canon-digital-incluida-0-e-incluidos","18":"first","19":"instock","20":"taxable","21":"shipping-taxable","22":"purchasable","23":"product-type-simple"},"_links":{"self":[{"href":"https:\/\/linkxa.es\/linkshop\/wp-json\/wp\/v2\/product\/235049","targetHints":{"allow":["GET"]}}],"collection":[{"href":"https:\/\/linkxa.es\/linkshop\/wp-json\/wp\/v2\/product"}],"about":[{"href":"https:\/\/linkxa.es\/linkshop\/wp-json\/wp\/v2\/types\/product"}],"replies":[{"embeddable":true,"href":"https:\/\/linkxa.es\/linkshop\/wp-json\/wp\/v2\/comments?post=235049"}],"wp:featuredmedia":[{"embeddable":true,"href":"https:\/\/linkxa.es\/linkshop\/wp-json\/wp\/v2\/media\/235050"}],"wp:attachment":[{"href":"https:\/\/linkxa.es\/linkshop\/wp-json\/wp\/v2\/media?parent=235049"}],"wp:term":[{"taxonomy":"product_brand","embeddable":true,"href":"https:\/\/linkxa.es\/linkshop\/wp-json\/wp\/v2\/product_brand?post=235049"},{"taxonomy":"product_cat","embeddable":true,"href":"https:\/\/linkxa.es\/linkshop\/wp-json\/wp\/v2\/product_cat?post=235049"},{"taxonomy":"product_tag","embeddable":true,"href":"https:\/\/linkxa.es\/linkshop\/wp-json\/wp\/v2\/product_tag?post=235049"}],"curies":[{"name":"wp","href":"https:\/\/api.w.org\/{rel}","templated":true}]}}