{"id":235074,"date":"2025-03-18T01:26:01","date_gmt":"2025-03-18T01:26:01","guid":{"rendered":"https:\/\/linkxa.es\/contratacion\/producto\/auricular-equip-life-microfono-jack-3-5mm\/"},"modified":"2025-08-02T10:13:06","modified_gmt":"2025-08-02T10:13:06","slug":"auricular-equip-life-microfono-jack-3-5mm","status":"publish","type":"product","link":"https:\/\/linkxa.es\/linkshop\/producto\/auricular-equip-life-microfono-jack-3-5mm\/","title":{"rendered":"Auricular equip life microfono jack 3.5mm"},"content":{"rendered":"<h3 style=\"text-align: center;\"><strong>Equip\u00a0 |\u00a0 Auriculares<\/strong><\/h3>\n<p>\u00a0<\/p>\n<p>El 245302 es un auricular est\u00e9reo c\u00f3modo para usar en el hogar o en la oficina, que proporciona una excelente calidad de sonido para escuchar m\u00fasica, jugar, telefon\u00eda por Internet (VOIP), chatear y<br \/>videoconferencias. Los auriculares vers\u00e1tiles vienen con un cable plano y un controlador de volumen en l\u00ednea, un micr\u00f3fono flexible y un cable de 2 metros.<\/p>\n<p>Caracter\u00edsticas<br \/>Conector de 3,5 mm compatible con todos los dispositivos mediante un enchufe de 3,5 mm<br \/>Se puede utilizar para telefon\u00eda (VOIP), conversaciones y videoconferencias a trav\u00e9s de Internet<br \/>Micr\u00f3fono flexible<br \/>Control de volumen incluido<br \/>Cable dividido de audio (hembra x 1, macho x 2)<br \/>Especificaciones Equip 245302<br \/>Desempe\u00f1o<br \/>Tipo de producto: Auriculares<br \/>Estilo de uso: Diadema<br \/>Uso recomendado: Llamadas y m\u00fasica<br \/>Tipo de auricular: Binaural<br \/>Color del producto: Negro<br \/>Control de volumen: Giratorio<br \/>Tipo de controles: Caja de control en cable<br \/>Tipo de control: Giratorio<br \/>Plegable: No<br \/>Longitud de cable: 2 m<br \/>Color del cable: Negro<br \/>Cable extra\u00edble: No<br \/>Conectar y usar (Plug and Play): Si<br \/>Pa\u00eds de origen: China<br \/>Certificaci\u00f3n: CE<br \/>Puertos e Interfaces<br \/>Tecnolog\u00eda de conectividad: Al\u00e1mbrico<br \/>Conector de 3,5 mm: Si<br \/>2 conectores de 3,5 mm: Si<br \/>Conexi\u00f3n USB: No<br \/>Bluetooth: No<br \/>Auriculares<br \/>Audifonos: Circumaural<br \/>Frecuencia de auricular: 20 &#8211; 22000 Hz<br \/>Obstrucci\u00f3n: 32 ?<br \/>Sensibilidad de auricular: 96 dB<br \/>Micr\u00f3fono<br \/>Tipo de micr\u00f3fono: De brazo\/Integrado<br \/>Micr\u00f3fono: 3,5 mm<br \/>Peso y dimensiones<br \/>Ancho: 142 mm<br \/>Profundidad: 50 mm<br \/>Altura: 165 mm<br \/>Peso: 96 g<br \/>Contenido del embalaje<br \/>Adaptadores de audio incluidos: 2 x 3.5 mm<br \/>Cantidad: 1<br \/>Empaquetado<br \/>Ancho del paquete: 162 mm<br \/>Profundidad del paquete: 56 mm<br \/>Altura del paquete: 192 mm<br \/>Peso del paquete: 151 g<br \/>Tipo de embalaje: Caja<br \/>Otras caracter\u00edsticas<br \/>Manual de usuario: Si<br \/>Material: De pl\u00e1stico<\/p>\n<p>\u00a0<\/p>\n","protected":false},"excerpt":{"rendered":"<p>Auricular equip life microfono jack 3.5mm ( incluye adaptador 1 a 2 jacks ) negro<\/p>\n","protected":false},"featured_media":235075,"comment_status":"closed","ping_status":"open","template":"","meta":{"_et_pb_use_builder":"","_et_pb_old_content":"","_et_gb_content_width":""},"product_brand":[3036],"product_cat":[2799,2800,2058],"product_tag":[2803,3066,2804,2068,3037],"class_list":{"0":"post-235074","1":"product","2":"type-product","3":"status-publish","4":"has-post-thumbnail","6":"product_brand-equip","7":"product_cat-altavoces-mp3-y-auriculares","8":"product_cat-auriculares","9":"product_cat-dispositivos","10":"product_tag-altavoces-mp3-y-auriculares","11":"product_tag-auricular-equip-life-microfono-jack-3-5mm","12":"product_tag-auriculares","13":"product_tag-dispositivos","14":"product_tag-equip","15":"product_shipping_class-2088","16":"pa_canon-digital-incluida-0-e-incluidos","18":"first","19":"instock","20":"taxable","21":"shipping-taxable","22":"purchasable","23":"product-type-simple"},"_links":{"self":[{"href":"https:\/\/linkxa.es\/linkshop\/wp-json\/wp\/v2\/product\/235074","targetHints":{"allow":["GET"]}}],"collection":[{"href":"https:\/\/linkxa.es\/linkshop\/wp-json\/wp\/v2\/product"}],"about":[{"href":"https:\/\/linkxa.es\/linkshop\/wp-json\/wp\/v2\/types\/product"}],"replies":[{"embeddable":true,"href":"https:\/\/linkxa.es\/linkshop\/wp-json\/wp\/v2\/comments?post=235074"}],"wp:featuredmedia":[{"embeddable":true,"href":"https:\/\/linkxa.es\/linkshop\/wp-json\/wp\/v2\/media\/235075"}],"wp:attachment":[{"href":"https:\/\/linkxa.es\/linkshop\/wp-json\/wp\/v2\/media?parent=235074"}],"wp:term":[{"taxonomy":"product_brand","embeddable":true,"href":"https:\/\/linkxa.es\/linkshop\/wp-json\/wp\/v2\/product_brand?post=235074"},{"taxonomy":"product_cat","embeddable":true,"href":"https:\/\/linkxa.es\/linkshop\/wp-json\/wp\/v2\/product_cat?post=235074"},{"taxonomy":"product_tag","embeddable":true,"href":"https:\/\/linkxa.es\/linkshop\/wp-json\/wp\/v2\/product_tag?post=235074"}],"curies":[{"name":"wp","href":"https:\/\/api.w.org\/{rel}","templated":true}]}}