{"id":235078,"date":"2025-04-30T22:14:28","date_gmt":"2025-04-30T22:14:28","guid":{"rendered":"https:\/\/linkxa.es\/contratacion\/producto\/auriculares-phoenix-de-boton-con-microfono\/"},"modified":"2025-08-02T10:13:32","modified_gmt":"2025-08-02T10:13:32","slug":"auriculares-phoenix-de-boton-con-microfono","status":"publish","type":"product","link":"https:\/\/linkxa.es\/linkshop\/producto\/auriculares-phoenix-de-boton-con-microfono\/","title":{"rendered":"Auriculares phoenix de bot\u00f3n con microfono"},"content":{"rendered":"<h3 style=\"text-align: center;\"><strong>Phoenix technologies\u00a0 |\u00a0 Auriculares<\/strong><\/h3>\n<p>\u00a0<\/p>\n<p>\u00bfTe gusta salir a practicar ejercicio pero te aburre o estresa escuchar el ruido del tr\u00e1fico y de la gente a tu alrededor? A\u00edslate con tu m\u00fasica gracias a los auriculares TopSound de Phoenix Technologies.<br \/>Son muy c\u00f3modos de llevar y se ajustan perfectamente a tu o\u00eddo. Su ergonom\u00eda te permite disfrutar de tu m\u00fasica favorita sin molestias ni dolor. Simplemente col\u00f3calos y empieza a correr a tu ritmo.<br \/>Se conectan a tu tel\u00e9fono a trav\u00e9s del conector Mini Jack 3.5mm: plug&#038;amp,play, no\u00a0 necesitas nada m\u00e1s. Cuentan con un controlador con micr\u00f3fono integrado y un\u00a0 bot\u00f3n de acci\u00f3n que te permite parar o reproducir una canci\u00f3n, as\u00ed como contestar una llamada o colgar.<br \/>Dise\u00f1o elegante: cuentan con acabados met\u00e1licos inoxidable que te permitir\u00e1n\u00a0 disfrutar de ellos durante varios a\u00f1os.<br \/>Con los Phoenix TopSound tendr\u00e1s sonido elegante, equilibrado y robusto para tus entrenamientos diarios: tu aliado en el d\u00eda a d\u00eda.<\/p>\n<p>\u00a0<\/p>\n","protected":false},"excerpt":{"rendered":"<p>Auriculares phoenix de bot\u00f3n con microfono manos libres colgar y descolgar en cable conector jack 3.5 color negro<\/p>\n","protected":false},"featured_media":235079,"comment_status":"closed","ping_status":"open","template":"","meta":{"_et_pb_use_builder":"","_et_pb_old_content":"","_et_gb_content_width":""},"product_brand":[2657],"product_cat":[2799,2800,2058],"product_tag":[2803,2804,3067,2068,2658],"class_list":{"0":"post-235078","1":"product","2":"type-product","3":"status-publish","4":"has-post-thumbnail","6":"product_brand-phoenix-technologies","7":"product_cat-altavoces-mp3-y-auriculares","8":"product_cat-auriculares","9":"product_cat-dispositivos","10":"product_tag-altavoces-mp3-y-auriculares","11":"product_tag-auriculares","12":"product_tag-auriculares-phoenix-de-boton-con-microfono","13":"product_tag-dispositivos","14":"product_tag-phoenix-technologies","15":"product_shipping_class-2088","16":"pa_canon-digital-incluida-0-e-incluidos","18":"first","19":"instock","20":"taxable","21":"shipping-taxable","22":"purchasable","23":"product-type-simple"},"_links":{"self":[{"href":"https:\/\/linkxa.es\/linkshop\/wp-json\/wp\/v2\/product\/235078","targetHints":{"allow":["GET"]}}],"collection":[{"href":"https:\/\/linkxa.es\/linkshop\/wp-json\/wp\/v2\/product"}],"about":[{"href":"https:\/\/linkxa.es\/linkshop\/wp-json\/wp\/v2\/types\/product"}],"replies":[{"embeddable":true,"href":"https:\/\/linkxa.es\/linkshop\/wp-json\/wp\/v2\/comments?post=235078"}],"wp:featuredmedia":[{"embeddable":true,"href":"https:\/\/linkxa.es\/linkshop\/wp-json\/wp\/v2\/media\/235079"}],"wp:attachment":[{"href":"https:\/\/linkxa.es\/linkshop\/wp-json\/wp\/v2\/media?parent=235078"}],"wp:term":[{"taxonomy":"product_brand","embeddable":true,"href":"https:\/\/linkxa.es\/linkshop\/wp-json\/wp\/v2\/product_brand?post=235078"},{"taxonomy":"product_cat","embeddable":true,"href":"https:\/\/linkxa.es\/linkshop\/wp-json\/wp\/v2\/product_cat?post=235078"},{"taxonomy":"product_tag","embeddable":true,"href":"https:\/\/linkxa.es\/linkshop\/wp-json\/wp\/v2\/product_tag?post=235078"}],"curies":[{"name":"wp","href":"https:\/\/api.w.org\/{rel}","templated":true}]}}