{"id":235095,"date":"2025-05-25T18:18:57","date_gmt":"2025-05-25T18:18:57","guid":{"rendered":"https:\/\/linkxa.es\/contratacion\/producto\/auricular-conceptronic-polona02ba-jack-3-5mm-microfono\/"},"modified":"2025-08-02T10:15:19","modified_gmt":"2025-08-02T10:15:19","slug":"auricular-conceptronic-polona02ba-jack-3-5mm-microfono","status":"publish","type":"product","link":"https:\/\/linkxa.es\/linkshop\/producto\/auricular-conceptronic-polona02ba-jack-3-5mm-microfono\/","title":{"rendered":"Auricular conceptronic polona02ba jack 3.5mm microfono"},"content":{"rendered":"<h3 style=\"text-align: center;\"><strong>Conceptronic\u00a0 |\u00a0 Auriculares<\/strong><\/h3>\n<p>\u00a0<\/p>\n<p>Estos auriculares est\u00e9reo y c\u00f3modos se pueden utilizar tanto en casa<br \/>como en la oficina para escuchar m\u00fasica, jugar, chatear y hacer<br \/>videoconferencias. Estos auriculares cuentan con un micr\u00f3fono flexible y<br \/>un cable de 2 metros<\/p>\n<p>Especificaciones:<br \/>Desempe\u00f1o<br \/>Tipo de producto: Auriculares<br \/>Estilo de uso: Diadema<br \/>Uso recomendado: Llamadas y m\u00fasica<br \/>Tipo de auricular: Binaural<br \/>Color del producto: Negro<br \/>Teclas de funcionamiento: Volume +,Volume &#8211;<br \/>Tipo de control: Botones<br \/>Longitud de cable: 2 m<br \/>Puertos e Interfaces<br \/>Tecnolog\u00eda de conectividad: Al\u00e1mbrico<br \/>Conector de 3,5 mm:SI<br \/>Conexi\u00f3n USB: NO<br \/>Conector USB: USB tipo A<br \/>Bluetooth: No<br \/>Auriculares<br \/>Frecuencia de auricular: 42 &#8211; 17000 Hz<br \/>Obstrucci\u00f3n: 32 ?<br \/>Sensibilidad de auricular: 95 dB<br \/>Micr\u00f3fono<br \/>Tipo de micr\u00f3fono: Boom<br \/>Micr\u00f3fono mudo: Si<br \/>Peso y dimensiones<br \/>Ancho: 180 mm<br \/>Profundidad: 165 mm<br \/>Altura: 68 mm<br \/>Peso: 175 g<br \/>Contenido del embalaje<br \/>Gu\u00eda de configuraci\u00f3n r\u00e1pida: Si<br \/>Empaquetado<br \/>Ancho del paquete: 186 mm<br \/>Profundidad del paquete: 70 mm<br \/>Altura del paquete: 168 mm<br \/>Peso del paquete: 257 g<br \/>Tipo de embalaje: Caja<\/p>\n<p>\u00a0<\/p>\n","protected":false},"excerpt":{"rendered":"<p>Auricular conceptronic polona02ba &#8211; jack 3.5mm &#8211; microfono &#8211; control volumen<\/p>\n","protected":false},"featured_media":235096,"comment_status":"closed","ping_status":"open","template":"","meta":{"_et_pb_use_builder":"","_et_pb_old_content":"","_et_gb_content_width":""},"product_brand":[2897],"product_cat":[2799,2800,2058],"product_tag":[2803,3069,2804,2898,2068],"class_list":{"0":"post-235095","1":"product","2":"type-product","3":"status-publish","4":"has-post-thumbnail","6":"product_brand-conceptronic","7":"product_cat-altavoces-mp3-y-auriculares","8":"product_cat-auriculares","9":"product_cat-dispositivos","10":"product_tag-altavoces-mp3-y-auriculares","11":"product_tag-auricular-conceptronic-polona02ba-jack-3-5mm-microfono","12":"product_tag-auriculares","13":"product_tag-conceptronic","14":"product_tag-dispositivos","15":"product_shipping_class-2088","16":"pa_canon-digital-incluida-0-e-incluidos","18":"first","19":"instock","20":"taxable","21":"shipping-taxable","22":"purchasable","23":"product-type-simple"},"_links":{"self":[{"href":"https:\/\/linkxa.es\/linkshop\/wp-json\/wp\/v2\/product\/235095","targetHints":{"allow":["GET"]}}],"collection":[{"href":"https:\/\/linkxa.es\/linkshop\/wp-json\/wp\/v2\/product"}],"about":[{"href":"https:\/\/linkxa.es\/linkshop\/wp-json\/wp\/v2\/types\/product"}],"replies":[{"embeddable":true,"href":"https:\/\/linkxa.es\/linkshop\/wp-json\/wp\/v2\/comments?post=235095"}],"wp:featuredmedia":[{"embeddable":true,"href":"https:\/\/linkxa.es\/linkshop\/wp-json\/wp\/v2\/media\/235096"}],"wp:attachment":[{"href":"https:\/\/linkxa.es\/linkshop\/wp-json\/wp\/v2\/media?parent=235095"}],"wp:term":[{"taxonomy":"product_brand","embeddable":true,"href":"https:\/\/linkxa.es\/linkshop\/wp-json\/wp\/v2\/product_brand?post=235095"},{"taxonomy":"product_cat","embeddable":true,"href":"https:\/\/linkxa.es\/linkshop\/wp-json\/wp\/v2\/product_cat?post=235095"},{"taxonomy":"product_tag","embeddable":true,"href":"https:\/\/linkxa.es\/linkshop\/wp-json\/wp\/v2\/product_tag?post=235095"}],"curies":[{"name":"wp","href":"https:\/\/api.w.org\/{rel}","templated":true}]}}