{"id":235107,"date":"2025-05-06T20:54:53","date_gmt":"2025-05-06T20:54:53","guid":{"rendered":"https:\/\/linkxa.es\/contratacion\/producto\/auriculares-micro-epos-sennheiser-hd-400s\/"},"modified":"2025-08-02T10:17:20","modified_gmt":"2025-08-02T10:17:20","slug":"auriculares-micro-epos-sennheiser-hd-400s","status":"publish","type":"product","link":"https:\/\/linkxa.es\/linkshop\/producto\/auriculares-micro-epos-sennheiser-hd-400s\/","title":{"rendered":"Auriculares micro epos sennheiser hd 400s"},"content":{"rendered":"<h3 style=\"text-align: center;\"><strong>Epos sennheiser\u00a0 |\u00a0 Auriculares<\/strong><\/h3>\n<p>\u00a0<\/p>\n<p>El HD 4.20s ha sido sucedido por el HD 300 y el HD 400S. El HD 400S cuenta con un control remoto inteligente con un bot\u00f3n convenientemente ubicado en el cable, que te permite controlar la m\u00fasica y atender llamadas con facilidad, y el resistente dise\u00f1o plegable hace que estos auriculares sean duraderos y lo suficientemente compactos como para llevarlos a cualquier parte. Los controladores din\u00e1micos de Sennheiser ofrecen una respuesta de sonido bien extendida con bajos din\u00e1micos.<\/p>\n<p>\u00a0<\/p>\n","protected":false},"excerpt":{"rendered":"<p>Auriculares micro epos sennheiser hd 400s negro<\/p>\n","protected":false},"featured_media":235108,"comment_status":"closed","ping_status":"open","template":"","meta":{"_et_pb_use_builder":"","_et_pb_old_content":"","_et_gb_content_width":""},"product_brand":[2884],"product_cat":[2799,2800,2058],"product_tag":[2803,2804,3073,2068,2885],"class_list":{"0":"post-235107","1":"product","2":"type-product","3":"status-publish","4":"has-post-thumbnail","6":"product_brand-epos-sennheiser","7":"product_cat-altavoces-mp3-y-auriculares","8":"product_cat-auriculares","9":"product_cat-dispositivos","10":"product_tag-altavoces-mp3-y-auriculares","11":"product_tag-auriculares","12":"product_tag-auriculares-micro-epos-sennheiser-hd-400s","13":"product_tag-dispositivos","14":"product_tag-epos-sennheiser","15":"product_shipping_class-2059","16":"pa_canon-digital-incluida-0-e-incluidos","18":"first","19":"instock","20":"taxable","21":"shipping-taxable","22":"purchasable","23":"product-type-simple"},"_links":{"self":[{"href":"https:\/\/linkxa.es\/linkshop\/wp-json\/wp\/v2\/product\/235107","targetHints":{"allow":["GET"]}}],"collection":[{"href":"https:\/\/linkxa.es\/linkshop\/wp-json\/wp\/v2\/product"}],"about":[{"href":"https:\/\/linkxa.es\/linkshop\/wp-json\/wp\/v2\/types\/product"}],"replies":[{"embeddable":true,"href":"https:\/\/linkxa.es\/linkshop\/wp-json\/wp\/v2\/comments?post=235107"}],"wp:featuredmedia":[{"embeddable":true,"href":"https:\/\/linkxa.es\/linkshop\/wp-json\/wp\/v2\/media\/235108"}],"wp:attachment":[{"href":"https:\/\/linkxa.es\/linkshop\/wp-json\/wp\/v2\/media?parent=235107"}],"wp:term":[{"taxonomy":"product_brand","embeddable":true,"href":"https:\/\/linkxa.es\/linkshop\/wp-json\/wp\/v2\/product_brand?post=235107"},{"taxonomy":"product_cat","embeddable":true,"href":"https:\/\/linkxa.es\/linkshop\/wp-json\/wp\/v2\/product_cat?post=235107"},{"taxonomy":"product_tag","embeddable":true,"href":"https:\/\/linkxa.es\/linkshop\/wp-json\/wp\/v2\/product_tag?post=235107"}],"curies":[{"name":"wp","href":"https:\/\/api.w.org\/{rel}","templated":true}]}}