{"id":235118,"date":"2024-11-23T16:21:02","date_gmt":"2024-11-23T16:21:02","guid":{"rendered":"https:\/\/linkxa.es\/contratacion\/producto\/auriculares-mars-gaming-mh122-rosa\/"},"modified":"2025-08-02T10:18:08","modified_gmt":"2025-08-02T10:18:08","slug":"auriculares-mars-gaming-mh122-rosa","status":"publish","type":"product","link":"https:\/\/linkxa.es\/linkshop\/producto\/auriculares-mars-gaming-mh122-rosa\/","title":{"rendered":"Auriculares mars gaming mh122 rosa"},"content":{"rendered":"<h3 style=\"text-align: center;\"><strong>Mars gaming\u00a0 |\u00a0 Auriculares<\/strong><\/h3>\n<p>\u00a0<\/p>\n<p>Sobre el producto<\/p>\n<p>AURICULARES GAMING MH122.<\/p>\n<p>Sonido impactante y una comodidad extrema para disfrutar como nunca de tus partidas, pel\u00edculas y series.<\/p>\n<p>Ultraligeros, con iluminaci\u00f3n FRGB, cancelaci\u00f3n de ruido pasiva y compatibilidad total multiplataforma gracias a su doble sistema de conexi\u00f3n.<br \/>Especificaciones:<\/p>\n<p>Dimensiones: 156x200x90mm<br \/>Peso: 184g<br \/>Iluminaci\u00f3n: FRGB Rainbow<br \/>Materiales: ABS<br \/>Color: Rosa<br \/>Tipo de cable: Recubrimiento de goma<br \/>Diadema: Ajustable<br \/>Sonido: Est\u00e9reo<br \/>Compatibilidad: Windows, PS4, PS5, XBOX ONE, XBOX SERIES X-S, Mac, Nintendo Switch, Smartphone, Tablet<br \/>Longitud del cable: 180cm<br \/>Conector: Jack 3.5mm (Audio) + USB (Alimentaci\u00f3n LED)<br \/>Control de volumen: Si<br \/>Caja de control en cable: Si<br \/>Adaptador: Adaptador 2-1<br \/>Bot\u00f3n mute: No<br \/>Dimensiones (driver): Din\u00e1mico 50mm neodimio<br \/>Rango de frecuencia (driver): 18Hz-20KHz<br \/>Sensibilidad (driver): 108dB 3dB<br \/>Impedancia (driver): 32?<br \/>Direccionalidad (micr\u00f3fono): Omnidireccional<br \/>Impedancia (micr\u00f3fono): &#038;lt,2.2k?<br \/>Sensibilidad (micr\u00f3fono): -58dB2dB<br \/>Rango de frecuencia (micr\u00f3fono): 100Hz &#8211; 10KHz<br \/>Dimensiones (micr\u00f3fono): 6 x 2,7mm<br \/>Retr\u00e1ctil (micr\u00f3fono): Flexible<\/p>\n<p>\u00a0<\/p>\n","protected":false},"excerpt":{"rendered":"<p>Auriculares mars gaming mh122 rosa<\/p>\n","protected":false},"featured_media":235119,"comment_status":"closed","ping_status":"open","template":"","meta":{"_et_pb_use_builder":"","_et_pb_old_content":"","_et_gb_content_width":""},"product_brand":[2929],"product_cat":[2799,2800,2058],"product_tag":[2803,2804,3075,2068,2930],"class_list":{"0":"post-235118","1":"product","2":"type-product","3":"status-publish","4":"has-post-thumbnail","6":"product_brand-mars-gaming","7":"product_cat-altavoces-mp3-y-auriculares","8":"product_cat-auriculares","9":"product_cat-dispositivos","10":"product_tag-altavoces-mp3-y-auriculares","11":"product_tag-auriculares","12":"product_tag-auriculares-mars-gaming-mh122-rosa","13":"product_tag-dispositivos","14":"product_tag-mars-gaming","15":"product_shipping_class-2059","16":"pa_canon-digital-incluida-0-e-incluidos","18":"first","19":"instock","20":"taxable","21":"shipping-taxable","22":"purchasable","23":"product-type-simple"},"_links":{"self":[{"href":"https:\/\/linkxa.es\/linkshop\/wp-json\/wp\/v2\/product\/235118","targetHints":{"allow":["GET"]}}],"collection":[{"href":"https:\/\/linkxa.es\/linkshop\/wp-json\/wp\/v2\/product"}],"about":[{"href":"https:\/\/linkxa.es\/linkshop\/wp-json\/wp\/v2\/types\/product"}],"replies":[{"embeddable":true,"href":"https:\/\/linkxa.es\/linkshop\/wp-json\/wp\/v2\/comments?post=235118"}],"wp:featuredmedia":[{"embeddable":true,"href":"https:\/\/linkxa.es\/linkshop\/wp-json\/wp\/v2\/media\/235119"}],"wp:attachment":[{"href":"https:\/\/linkxa.es\/linkshop\/wp-json\/wp\/v2\/media?parent=235118"}],"wp:term":[{"taxonomy":"product_brand","embeddable":true,"href":"https:\/\/linkxa.es\/linkshop\/wp-json\/wp\/v2\/product_brand?post=235118"},{"taxonomy":"product_cat","embeddable":true,"href":"https:\/\/linkxa.es\/linkshop\/wp-json\/wp\/v2\/product_cat?post=235118"},{"taxonomy":"product_tag","embeddable":true,"href":"https:\/\/linkxa.es\/linkshop\/wp-json\/wp\/v2\/product_tag?post=235118"}],"curies":[{"name":"wp","href":"https:\/\/api.w.org\/{rel}","templated":true}]}}