{"id":235121,"date":"2025-07-13T00:59:29","date_gmt":"2025-07-13T00:59:29","guid":{"rendered":"https:\/\/linkxa.es\/contratacion\/producto\/auriculares-gaming-krom-kopa-pro-negro\/"},"modified":"2025-08-02T10:18:35","modified_gmt":"2025-08-02T10:18:35","slug":"auriculares-gaming-krom-kopa-pro-negro","status":"publish","type":"product","link":"https:\/\/linkxa.es\/linkshop\/producto\/auriculares-gaming-krom-kopa-pro-negro\/","title":{"rendered":"Auriculares gaming krom kopa pro negro"},"content":{"rendered":"<h3 style=\"text-align: center;\"><strong>Krom\u00a0 |\u00a0 Auriculares<\/strong><\/h3>\n<p>\u00a0<\/p>\n<p>KROM KOPA PRO | Auricular Gaming Stereo<br \/>Estos auriculares est\u00e9reo cuentan con compatibilidad multiplataforma, siendo compatibles con PC, PS4, PS5, Nintendo Switch, Tablets y Smartphones. Creados con un cuidado dise\u00f1o sobrio y una gran<br \/>ergonom\u00eda, con estos auriculares disfrutar\u00e1s de largas sesiones de juego o m\u00fasica en cualquier dispositivo.<\/p>\n<p>El micr\u00f3fono flexible omnidireccional que incorporan los auriculares Kopa PRO, te permitir\u00e1 ajustarlo a la distancia perfecta para ti, transfiriendo as\u00ed tu voz de forma clara y n\u00edtida, garantizando de este<br \/>modo la m\u00e1xima comunicaci\u00f3n con tu equipo y el resto de jugadores, ya que recoge tu voz con precisi\u00f3n.<\/p>\n<p>A\u00edslate del exterior y c\u00e9ntrate en el juego con los Krom Kopa PRO con sus altavoces de 50 mm y su sonido est\u00e9reo de gran calidad disfruta de sesiones de juego y m\u00fasica sin interrupciones, s\u00ed, incluso<br \/>en los ambientes m\u00e1s ruidosos. Que tus enemigos no te pillen desprevenido gracias a su sonido envolvente.<\/p>\n<p>Adem\u00e1s, podr\u00e1s controlar el volumen de tus Kopa PRO con el control de volumen y micr\u00f3fono que incorpora en el auricular izquierdo, obteniendo as\u00ed m\u00e1s libertad y control en cada momento.<br \/>Marca Krom<br \/>Modelo NXKROMKOPAPRO<br \/>Caracter\u00edsticas Auriculares<br \/>&#8211; Di\u00e1metro: 50 mm<br \/>&#8211; Frecuencia de respuesta: 20 Hz &#8211; 20.000 Hz<br \/>&#8211; Impedancia: 16 Ohm +\/- 15%<br \/>&#8211; Sensibilidad: 110 +\/- 3 dB<br \/>Micr\u00f3fono<br \/>&#8211; Directividad: Omnidireccional<br \/>&#8211; Frecuencia de respuesta: 50 Hz &#8211; 10.000 Hz<br \/>&#8211; Sensibilidad: -42dB \u00b1 3dB<br \/>&#8211; Impedancia: 2.2k Ohm<br \/>Conexi\u00f3n<br \/>&#8211; Jack 3.5 mm<br \/>Compatibilidad<br \/>&#8211; PC<br \/>&#8211; PS4 &#038; PS5<br \/>&#8211; Switch<br \/>&#8211; Smartphones<br \/>&#8211; Tablets<br \/>Dimensiones y peso<br \/>&#8211; Longitud del cable: 210 cm<br \/>&#8211; 216 x 205 x 103 mm<br \/>&#8211; 283 g<\/p>\n<p>\u00a0<\/p>\n","protected":false},"excerpt":{"rendered":"<p>Auriculares gaming krom kopa pro negro<\/p>\n","protected":false},"featured_media":235122,"comment_status":"closed","ping_status":"open","template":"","meta":{"_et_pb_use_builder":"","_et_pb_old_content":"","_et_gb_content_width":""},"product_brand":[2939],"product_cat":[2799,2800,2058],"product_tag":[2803,2804,3076,2068,2940],"class_list":{"0":"post-235121","1":"product","2":"type-product","3":"status-publish","4":"has-post-thumbnail","6":"product_brand-krom","7":"product_cat-altavoces-mp3-y-auriculares","8":"product_cat-auriculares","9":"product_cat-dispositivos","10":"product_tag-altavoces-mp3-y-auriculares","11":"product_tag-auriculares","12":"product_tag-auriculares-gaming-krom-kopa-pro-negro","13":"product_tag-dispositivos","14":"product_tag-krom","15":"product_shipping_class-2059","16":"pa_canon-digital-incluida-0-e-incluidos","18":"first","19":"instock","20":"taxable","21":"shipping-taxable","22":"purchasable","23":"product-type-simple"},"_links":{"self":[{"href":"https:\/\/linkxa.es\/linkshop\/wp-json\/wp\/v2\/product\/235121","targetHints":{"allow":["GET"]}}],"collection":[{"href":"https:\/\/linkxa.es\/linkshop\/wp-json\/wp\/v2\/product"}],"about":[{"href":"https:\/\/linkxa.es\/linkshop\/wp-json\/wp\/v2\/types\/product"}],"replies":[{"embeddable":true,"href":"https:\/\/linkxa.es\/linkshop\/wp-json\/wp\/v2\/comments?post=235121"}],"wp:featuredmedia":[{"embeddable":true,"href":"https:\/\/linkxa.es\/linkshop\/wp-json\/wp\/v2\/media\/235122"}],"wp:attachment":[{"href":"https:\/\/linkxa.es\/linkshop\/wp-json\/wp\/v2\/media?parent=235121"}],"wp:term":[{"taxonomy":"product_brand","embeddable":true,"href":"https:\/\/linkxa.es\/linkshop\/wp-json\/wp\/v2\/product_brand?post=235121"},{"taxonomy":"product_cat","embeddable":true,"href":"https:\/\/linkxa.es\/linkshop\/wp-json\/wp\/v2\/product_cat?post=235121"},{"taxonomy":"product_tag","embeddable":true,"href":"https:\/\/linkxa.es\/linkshop\/wp-json\/wp\/v2\/product_tag?post=235121"}],"curies":[{"name":"wp","href":"https:\/\/api.w.org\/{rel}","templated":true}]}}