{"id":235135,"date":"2025-04-05T04:28:50","date_gmt":"2025-04-05T04:28:50","guid":{"rendered":"https:\/\/linkxa.es\/contratacion\/producto\/auriculares-gaming-krom-kall-inalambrico-negro\/"},"modified":"2025-08-02T10:20:24","modified_gmt":"2025-08-02T10:20:24","slug":"auriculares-gaming-krom-kall-inalambrico-negro","status":"publish","type":"product","link":"https:\/\/linkxa.es\/linkshop\/producto\/auriculares-gaming-krom-kall-inalambrico-negro\/","title":{"rendered":"Auriculares gaming krom kall inalambrico negro"},"content":{"rendered":"<h3 style=\"text-align: center;\"><strong>Krom\u00a0 |\u00a0 Auriculares<\/strong><\/h3>\n<p>\u00a0<\/p>\n<p>Destacado<\/p>\n<p>Auriculares in-ear gaming con micr\u00f3fono integrado<br \/>Bluetooth 5.3 sin demora<br \/>Dise\u00f1o ergon\u00f3mico<br \/>F\u00e1cil de usar mediante toques<br \/>Estuche de carga de f\u00e1cil transporte<br \/>Cable de carga USB Type-C incluido<\/p>\n<p>KALL<br \/>Krom Kall son unos ergon\u00f3micos auriculares gaming in-ear inal\u00e1mbricos que liderar\u00e1n tu camino a la victoria. Con ellos no se te escapar\u00e1 ning\u00fan sonido que el enemigo pueda emitir y, adem\u00e1s con su<br \/>micr\u00f3fono integrado te har\u00e1s o\u00edr alto y claro. Incorpora un estuche de carga con el que podr\u00e1s tener listos y cargados totalmente tus auriculares inal\u00e1mbricos en tan solo una hora, del mismo modo<br \/>podr\u00e1s controlar lo que reproduces en ellos con tan solo un gesto.<\/p>\n<p>Libertad de movimiento<br \/>Krom Kall cuentan con Bluetooth 5.3 de baja latencia, lo que los hace ideales para usarlos como aliados en tus partidas. Di adi\u00f3s a los cables y sigue escuchando de manera \u00f3ptima a trav\u00e9s de tus<br \/>auriculares estando hasta a 10 metros de distancia de donde los tengas conectados.<\/p>\n<p>Sonido est\u00e9reo de gran calidad<br \/>Krom Kall ofrece un sonido est\u00e9reo gracias a sus drivers de 13 mm que brindan un audio inmersivo y preciso, de gran calidad. Estos auriculares ofrecen un sonido equilibrado, rico en matices y de una<br \/>calidad envidiable.<\/p>\n<p>Con estos auriculares inal\u00e1mbricos te sumergir\u00e1s en el juego, la m\u00fasica o disfrutar\u00e1s de tus series y pel\u00edculas favoritas como nunca antes. Adem\u00e1s, con su tecnolog\u00eda inal\u00e1mbrica, podr\u00e1s llevarlos<br \/>dondequiera que vayas.<\/p>\n<p>Contr\u00f3lalos con un solo gesto<br \/>Con un simple movimiento podr\u00e1s controlar cuando pausar o reproducir tu canci\u00f3n favorita, volver a esa canci\u00f3n que no has disfrutado c\u00f3mo deber\u00edas o colgar y coger las llamadas de tus amigos. Solo<br \/>tendr\u00e1s que tocar o presionar el auricular izquierdo o derecho, seg\u00fan se indica en el manual y comenzar a disfrutar de la experiencia sonora que te ofrecen estos auriculares gaming in-ear inal\u00e1mbricos.<\/p>\n<p>Micr\u00f3fono integrado<br \/>Su micr\u00f3fono integrado garantiza una conversaci\u00f3n fluida, bien sea durante una llamada o en una partida fren\u00e9tica. Asimismo, te ayudar\u00e1 a que se te escuche de manera clara, incluso si eres de los que<br \/>se pasean por toda la habitaci\u00f3n mientras hablan por tel\u00e9fono<\/p>\n<p>Carga r\u00e1pida<br \/>Krom Kall incluye un estuche de carga que har\u00e1 que vuelvas a tener tus auriculares inal\u00e1mbricos ready en tan solo 1 hora. Disfruta de una autonom\u00eda de hasta 4 horas cuando su carga est\u00e1 completa.<br \/>Sabr\u00e1s que tus auriculares est\u00e1n cargando porque ver\u00e1s que en los mismos se enciende una luz roja cuando comienzan a cargarse y, esa misma luz se apaga cuando la carga est\u00e1 completa.<\/p>\n<p>Auriculares<br \/>Audifonos<br \/>Intraaural<br \/>Auriculares de tipo Intraural<br \/>Auriculares<br \/>Frecuencia de auricular<br \/>20 &#8211; 20000 Hz<br \/>Obstrucci\u00f3n<br \/>32 O<br \/>Sensibilidad de auricular<br \/>105 dB<br \/>Unidad de disco<br \/>1,3 cm<br \/>Micr\u00f3fono<br \/>Frecuencia de micr\u00f3fono<br \/>100 &#8211; 8000 Hz<br \/>Sensibilidad de micr\u00f3fono<br \/>-42 dB<br \/>Tipo de micr\u00f3fono<br \/>Integrado<br \/>Peso y dimensiones<br \/>Dimensiones de funda de carga (Ancho x Largo x Alto)<br \/>68 x 53 x 29 mm<br \/>Altura<br \/>36 mm<br \/>Ancho<br \/>17 mm<br \/>Estuche de carga<br \/>43,1 g<br \/>Peso de auricular izquierdo<br \/>3,6 g<br \/>Peso de auricular derecho<br \/>3,6 g<br \/>Profundidad<br \/>18 mm<br \/>Empaquetado<br \/>Tipo de embalaje<br \/>Caja<\/p>\n<p>Bater\u00eda<br \/>Bater\u00eda<br \/>Si<br \/>Capacidad de bater\u00eda de auricular derecho<br \/>30 mAh<br \/>Capacidad de bater\u00eda de auricular izquierdo<br \/>30 mAh<br \/>Capacidad de la bater\u00eda (estuche de carga)<br \/>300 mAh<br \/>Fuente de carga<br \/>USB<br \/>Tiempo continuo de reproducci\u00f3n de audio<br \/>4 h<br \/>Tiempo de recarga de la bater\u00eda (estuche de carga)<br \/>1 h<br \/>Tiempo de recarga de la bater\u00eda<br \/>1 h<br \/>Tipo de bater\u00eda<br \/>Bater\u00eda integrada<br \/>Puertos e Interfaces<br \/>Alcance inal\u00e1mbrico<br \/>10 m<br \/>Bluetooth<br \/>Si<br \/>Perfiles de Bluetooth<br \/>A2DP, AVCTP, AVDTP, AVRCP, HFP<br \/>Versi\u00f3n de Bluetooth<br \/>5.3<br \/>Tecnolog\u00eda de conectividad<br \/>Inal\u00e1mbrico<br \/>Desempe\u00f1o<br \/>Color del producto<br \/>Negro<br \/>Estilo de uso<br \/>Dentro de o\u00eddo<br \/>Indicadores LED<br \/>Si<br \/>Tipo de producto<br \/>Auriculares<br \/>Tipo de auricular<br \/>Binaural<br \/>Uso recomendado<br \/>Juego<br \/>Contenido del embalaje<br \/>Cables incluidos<br \/>USB tipo A a USB tipo C<br \/>Cantidad<br \/>1<br \/>Capacidad del estuche de carga<br \/>300 mAh<br \/>Funda de carga<br \/>Si<\/p>\n<p>\u00a0<\/p>\n","protected":false},"excerpt":{"rendered":"<p>Auriculares gaming krom kall inalambrico negro<\/p>\n","protected":false},"featured_media":235136,"comment_status":"closed","ping_status":"open","template":"","meta":{"_et_pb_use_builder":"","_et_pb_old_content":"","_et_gb_content_width":""},"product_brand":[2939],"product_cat":[2799,2800,2058],"product_tag":[2803,2804,3080,2068,2940],"class_list":{"0":"post-235135","1":"product","2":"type-product","3":"status-publish","4":"has-post-thumbnail","6":"product_brand-krom","7":"product_cat-altavoces-mp3-y-auriculares","8":"product_cat-auriculares","9":"product_cat-dispositivos","10":"product_tag-altavoces-mp3-y-auriculares","11":"product_tag-auriculares","12":"product_tag-auriculares-gaming-krom-kall-inalambrico-negro","13":"product_tag-dispositivos","14":"product_tag-krom","15":"product_shipping_class-2059","16":"pa_canon-digital-incluida-0-e-incluidos","18":"first","19":"instock","20":"taxable","21":"shipping-taxable","22":"purchasable","23":"product-type-simple"},"_links":{"self":[{"href":"https:\/\/linkxa.es\/linkshop\/wp-json\/wp\/v2\/product\/235135","targetHints":{"allow":["GET"]}}],"collection":[{"href":"https:\/\/linkxa.es\/linkshop\/wp-json\/wp\/v2\/product"}],"about":[{"href":"https:\/\/linkxa.es\/linkshop\/wp-json\/wp\/v2\/types\/product"}],"replies":[{"embeddable":true,"href":"https:\/\/linkxa.es\/linkshop\/wp-json\/wp\/v2\/comments?post=235135"}],"wp:featuredmedia":[{"embeddable":true,"href":"https:\/\/linkxa.es\/linkshop\/wp-json\/wp\/v2\/media\/235136"}],"wp:attachment":[{"href":"https:\/\/linkxa.es\/linkshop\/wp-json\/wp\/v2\/media?parent=235135"}],"wp:term":[{"taxonomy":"product_brand","embeddable":true,"href":"https:\/\/linkxa.es\/linkshop\/wp-json\/wp\/v2\/product_brand?post=235135"},{"taxonomy":"product_cat","embeddable":true,"href":"https:\/\/linkxa.es\/linkshop\/wp-json\/wp\/v2\/product_cat?post=235135"},{"taxonomy":"product_tag","embeddable":true,"href":"https:\/\/linkxa.es\/linkshop\/wp-json\/wp\/v2\/product_tag?post=235135"}],"curies":[{"name":"wp","href":"https:\/\/api.w.org\/{rel}","templated":true}]}}