{"id":235176,"date":"2025-05-04T16:04:17","date_gmt":"2025-05-04T16:04:17","guid":{"rendered":"https:\/\/linkxa.es\/contratacion\/producto\/auriculares-micro-energy-sistem-lolroll-orange\/"},"modified":"2025-08-02T10:23:30","modified_gmt":"2025-08-02T10:23:30","slug":"auriculares-micro-energy-sistem-lolroll-orange","status":"publish","type":"product","link":"https:\/\/linkxa.es\/linkshop\/producto\/auriculares-micro-energy-sistem-lolroll-orange\/","title":{"rendered":"Auriculares micro energy sistem lol&#038;roll orange"},"content":{"rendered":"<h3 style=\"text-align: center;\"><strong>Energy sistem\u00a0 |\u00a0 Auriculares<\/strong><\/h3>\n<p>\u00a0<\/p>\n<p>Auriculares para ni\u00f1@s dise\u00f1ados para disfrutar de la m\u00fasica, contenido<br \/>multimedia y poder compartir la experiencia con \u00abMusic Share\u00bb. La<br \/>limitaci\u00f3n de volumen a 85dB protege la salud auditiva de los ni\u00f1@s. Cable<br \/>extra\u00edble con micr\u00f3fono incluido.<\/p>\n<p>Playlist a lo loco, con l\u00edmite de volumen<\/p>\n<p>La energ\u00eda de nuestros peque\u00f1os no tiene tope, \u00a1pero los decibelios de sus<br \/>auriculares s\u00ed! Los cascos infantiles Lol&#038;amp,Roll Pop est\u00e1n dise\u00f1ados con<br \/>l\u00edmite de volumen (85dBs), para proteger su salud auditiva. Adem\u00e1s, todos<br \/>los materiales utilizados son aptos para el uso por parte de los ni\u00f1os. Ellos<br \/>juegan seguros, y t\u00fa est\u00e1s tranquil@.<\/p>\n<p>Diversi\u00f3n compartida<\/p>\n<p>Con la funci\u00f3n Music Share podr\u00e1s enlazar dos auriculares con la toma de<br \/>salida de audio. \u00a1Doble diversi\u00f3n! Los peques disfrutar\u00e1n de la m\u00fasica y de<br \/>todo su contenido multimedia preferido en compa\u00f1\u00eda de sus amigos y<br \/>familia. \u00a1Hora de conectar y divertirse juntos!<\/p>\n<p>\u00a1No todo es jugar!<\/p>\n<p>Auriculares para ni\u00f1os con micr\u00f3fono integrado en el cable, para que los<br \/>peques puedan comunicarse en las videollamadas de la escuela, las clases<br \/>extraescolares, los trabajos en grupo con los compa\u00f1eros del cole La<br \/>herramienta perfecta para aprender y divertirse al mismo tiempo.<\/p>\n<p>Sin rollos con el cable<\/p>\n<p>Auriculares para ni\u00f1os con cable de audio extra\u00edble para una mayor<br \/>seguridad y comodidad. Puedes quitar el cable en cualquier momento y<br \/>guardarlo f\u00e1cilmente, para que no ocupe espacio ni se rompa.<\/p>\n<p>General<br \/>Marca: ENERGY SISTEM<br \/>Garant\u00eda: 2<br \/>Part Number: 451869<br \/>Categor\u00edas: SONIDO<br \/>Reacondicionado: No<br \/>Reposici\u00f3n &#8211; Etiqueta: No<br \/>Peso Volumetrico 0.4 Kg.<br \/>Contenido del embalaje<br \/>Material incluido: Audio (3.5mm), Pegatina<br \/>Gu\u00eda de configuraci\u00f3n r\u00e1pida: Si<br \/>Detalles t\u00e9cnicos<br \/>Tipolog\u00eda Imagen Sonido: Auriculares<br \/>Conexi\u00f3n inal\u00e1mbrica: No<br \/>Entrada de audio: 1<br \/>Tipo de auricular: Binaurale<br \/>Tipo de control remoto: Al\u00e1mbrico<br \/>Conectividad<br \/>Interfaz: Jack<br \/>Conectividad del dispositivo: Al\u00e1mbrico<br \/>Conector: 3.5 mm<br \/>Longitud: 1.2 m<br \/>Otras caracter\u00edsticas<br \/>Altavoz, auricular, jack de salida: 1<br \/>Micr\u00f3fono, jack de entrada: 1<br \/>Peso y dimensiones<br \/>Altura: 165 mm<br \/>Ancho: 140 mm<br \/>Peso: 105 g<br \/>Profundidad: 65 mm<br \/>Auriculares<br \/>Tipolog\u00eda Auriculares: Micr\u00f3fono Incluido<br \/>Auriculares: 3.5 mm<br \/>Estilo de uso: Diadema<br \/>Frecuencia de auricular: 20 &#8211; 20000 Hz<br \/>Sensibilidad de auricular: 85 dB<br \/>Impedancia: 32<br \/>Unidad de disco: 30 mm<br \/>Color<br \/>Color: Naranja<br \/>Auriculares<br \/>Audifonos: Supraaural<br \/>Micr\u00f3fono<br \/>Micr\u00f3fono incluido: Si<br \/>Sensibilidad de micr\u00f3fono: -42 dB<\/p>\n<p>\u00a0<\/p>\n","protected":false},"excerpt":{"rendered":"<p>Auriculares micro energy sistem lol&#038;roll orange supraural &#8211;  diadema &#8211;  jack 3.5mm &#8211;  limitador de volumen<\/p>\n","protected":false},"featured_media":235177,"comment_status":"closed","ping_status":"open","template":"","meta":{"_et_pb_use_builder":"","_et_pb_old_content":"","_et_gb_content_width":""},"product_brand":[2879],"product_cat":[2799,2800,2058],"product_tag":[2803,2804,3089,2068,2880],"class_list":{"0":"post-235176","1":"product","2":"type-product","3":"status-publish","4":"has-post-thumbnail","6":"product_brand-energy-sistem","7":"product_cat-altavoces-mp3-y-auriculares","8":"product_cat-auriculares","9":"product_cat-dispositivos","10":"product_tag-altavoces-mp3-y-auriculares","11":"product_tag-auriculares","12":"product_tag-auriculares-micro-energy-sistem-lolroll-orange","13":"product_tag-dispositivos","14":"product_tag-energy-sistem","15":"product_shipping_class-2059","16":"pa_canon-digital-incluida-0-e-incluidos","18":"first","19":"instock","20":"taxable","21":"shipping-taxable","22":"purchasable","23":"product-type-simple"},"_links":{"self":[{"href":"https:\/\/linkxa.es\/linkshop\/wp-json\/wp\/v2\/product\/235176","targetHints":{"allow":["GET"]}}],"collection":[{"href":"https:\/\/linkxa.es\/linkshop\/wp-json\/wp\/v2\/product"}],"about":[{"href":"https:\/\/linkxa.es\/linkshop\/wp-json\/wp\/v2\/types\/product"}],"replies":[{"embeddable":true,"href":"https:\/\/linkxa.es\/linkshop\/wp-json\/wp\/v2\/comments?post=235176"}],"wp:featuredmedia":[{"embeddable":true,"href":"https:\/\/linkxa.es\/linkshop\/wp-json\/wp\/v2\/media\/235177"}],"wp:attachment":[{"href":"https:\/\/linkxa.es\/linkshop\/wp-json\/wp\/v2\/media?parent=235176"}],"wp:term":[{"taxonomy":"product_brand","embeddable":true,"href":"https:\/\/linkxa.es\/linkshop\/wp-json\/wp\/v2\/product_brand?post=235176"},{"taxonomy":"product_cat","embeddable":true,"href":"https:\/\/linkxa.es\/linkshop\/wp-json\/wp\/v2\/product_cat?post=235176"},{"taxonomy":"product_tag","embeddable":true,"href":"https:\/\/linkxa.es\/linkshop\/wp-json\/wp\/v2\/product_tag?post=235176"}],"curies":[{"name":"wp","href":"https:\/\/api.w.org\/{rel}","templated":true}]}}