{"id":235184,"date":"2024-12-17T06:30:07","date_gmt":"2024-12-17T06:30:07","guid":{"rendered":"https:\/\/linkxa.es\/contratacion\/producto\/auriculares-mars-gaming-mh122-frgb-jack\/"},"modified":"2025-08-02T10:24:20","modified_gmt":"2025-08-02T10:24:20","slug":"auriculares-mars-gaming-mh122-frgb-jack","status":"publish","type":"product","link":"https:\/\/linkxa.es\/linkshop\/producto\/auriculares-mars-gaming-mh122-frgb-jack\/","title":{"rendered":"Auriculares mars gaming mh122 frgb jack"},"content":{"rendered":"<h3 style=\"text-align: center;\"><strong>Mars gaming\u00a0 |\u00a0 Auriculares<\/strong><\/h3>\n<p>\u00a0<\/p>\n<p>Especificaciones MARS GAMING Aur+micro MH122 FRGB Cancel.ruid Black<br \/>Auriculares gaming MH122<br \/>Sonido impactante y una comodidad extrema para disfrutar como nunca de tus partidas, pel\u00edculas y series. Ultraligeros, con iluminaci\u00f3n FRGB, cancelaci\u00f3n de ruido pasiva y compatibilidad total multiplataforma gracias a su doble sistema<br \/>de conexi\u00f3n.<\/p>\n<p>Iluminaci\u00f3n FRGB RAINBOW<br \/>Dotados de una iluminaci\u00f3n FRGB rainbow para dar un toque de estilo gamer a tu setup. Descubre todas las prestaciones de los MH122 con un dise\u00f1o ergon\u00f3mico ultraligero ideales para tus partidas m\u00e1s exigentes.<\/p>\n<p>Sonido hi-fi ultra-bass spatial sound<br \/>Los MH122 reproducen el sonido con una calidad profesional, meti\u00e9ndote de lleno en cada partida adem\u00e1s de potenciar los graves y la espacialidad para ofrecer una experiencia superior. A trav\u00e9s de sus imanes de neodimio de 50mm y<br \/>sus membranas biol\u00f3gicas garantizan una total fidelidad sonora Multinivel. Ideal para localizar r\u00e1pidamente a tus rivales en partidas online, emocionarte con tus series y pel\u00edculas o disfrutar al m\u00e1ximo de la m\u00fasica que te gusta.<\/p>\n<p>Dise\u00f1o ultraligero ergon\u00f3mico<br \/>Pensada para proporcionar comodidad durante muchas horas continuas de uso, la estructura de los MH122 es ultraligera, adaptable y resistente. Sus almohadillas de memory-foam y su tama\u00f1o extragrande permiten reducir al m\u00e1ximo la<br \/>presi\u00f3n en tus orejas.<\/p>\n<p>Comunicaci\u00f3n profesional<br \/>El micr\u00f3fono flexible de los MH122 proporciona un sonido claro y n\u00edtido a la hora de comunicarte con tus compa\u00f1eros en partidas online gracias a su filtrado de ruido y su c\u00e1psula de alta calidad.<\/p>\n<p>Marca Mars Gaming<br \/>Modelo MH122<br \/>Caracter\u00edsticas &#8211; Dimensiones: 156x200x90mm<br \/>&#8211; Peso: 184g<br \/>&#8211; Iluminaci\u00f3n: FRGB Rainbow<br \/>&#8211; Materiales: ABS<br \/>&#8211; Tipo de cable: Recubrimiento de goma<br \/>&#8211; Diadema: Ajustable<br \/>&#8211; Sonido: Est\u00e9reo<br \/>&#8211; Compatibilidad: Windows, PS4, PS5, XBOX ONE, XBOX SERIES X-S, Mac, Nintendo Switch, Smartphone, Tablet<br \/>&#8211; Longitud del cable: 180cm<br \/>&#8211; Conector: Jack 3.5mm (Audio) + USB (Alimentaci\u00f3n LED)<br \/>&#8211; Control de volumen: Si<br \/>&#8211; Caja de control en cable: Si<br \/>&#8211; Adaptador: Adaptador 2-1<br \/>&#8211; Bot\u00f3n mute: No<br \/>&#8211; Dimensiones (driver): Din\u00e1mico 50mm neodimio<br \/>&#8211; Rango de frecuencia (driver): 18Hz-20KHz<br \/>&#8211; Sensibilidad (driver): 108dB 3dB<br \/>&#8211; Impedancia (driver): 32<br \/>&#8211; Direccionalidad (micr\u00f3fono): Omnidireccional<br \/>&#8211; Impedancia (micr\u00f3fono): &#038;lt,2.2k<br \/>&#8211; Sensibilidad (micr\u00f3fono): -58dB2dB<br \/>&#8211; Rango de frecuencia (micr\u00f3fono): 100Hz &#8211; 10KHz<br \/>&#8211; Dimensiones (micr\u00f3fono): 6 x 2,7mm<br \/>&#8211; Retr\u00e1ctil (micr\u00f3fono): Flexible<br \/>Cotenido<br \/>&#8211; Auriculares<br \/>&#8211; Adaptador 2-1<br \/>&#8211; Manual<\/p>\n<p>\u00a0<\/p>\n","protected":false},"excerpt":{"rendered":"<p>Auriculares mars gaming mh122 frgb jack 3.5mm con microfono compatible con windows &#8211;  ps4 &#8211;  ps5 &#8211;  xbox one &#8211;  xbox series x &#8211; s &#8211;  mac &#8211;  nintendo switch &#8211;  smartphone &#8211;  tablet<\/p>\n","protected":false},"featured_media":235185,"comment_status":"closed","ping_status":"open","template":"","meta":{"_et_pb_use_builder":"","_et_pb_old_content":"","_et_gb_content_width":""},"product_brand":[2929],"product_cat":[2799,2800,2058],"product_tag":[2803,2804,3090,2068,2930],"class_list":{"0":"post-235184","1":"product","2":"type-product","3":"status-publish","4":"has-post-thumbnail","6":"product_brand-mars-gaming","7":"product_cat-altavoces-mp3-y-auriculares","8":"product_cat-auriculares","9":"product_cat-dispositivos","10":"product_tag-altavoces-mp3-y-auriculares","11":"product_tag-auriculares","12":"product_tag-auriculares-mars-gaming-mh122-frgb-jack","13":"product_tag-dispositivos","14":"product_tag-mars-gaming","15":"product_shipping_class-2059","16":"pa_canon-digital-incluida-0-e-incluidos","18":"first","19":"instock","20":"taxable","21":"shipping-taxable","22":"purchasable","23":"product-type-simple"},"_links":{"self":[{"href":"https:\/\/linkxa.es\/linkshop\/wp-json\/wp\/v2\/product\/235184","targetHints":{"allow":["GET"]}}],"collection":[{"href":"https:\/\/linkxa.es\/linkshop\/wp-json\/wp\/v2\/product"}],"about":[{"href":"https:\/\/linkxa.es\/linkshop\/wp-json\/wp\/v2\/types\/product"}],"replies":[{"embeddable":true,"href":"https:\/\/linkxa.es\/linkshop\/wp-json\/wp\/v2\/comments?post=235184"}],"wp:featuredmedia":[{"embeddable":true,"href":"https:\/\/linkxa.es\/linkshop\/wp-json\/wp\/v2\/media\/235185"}],"wp:attachment":[{"href":"https:\/\/linkxa.es\/linkshop\/wp-json\/wp\/v2\/media?parent=235184"}],"wp:term":[{"taxonomy":"product_brand","embeddable":true,"href":"https:\/\/linkxa.es\/linkshop\/wp-json\/wp\/v2\/product_brand?post=235184"},{"taxonomy":"product_cat","embeddable":true,"href":"https:\/\/linkxa.es\/linkshop\/wp-json\/wp\/v2\/product_cat?post=235184"},{"taxonomy":"product_tag","embeddable":true,"href":"https:\/\/linkxa.es\/linkshop\/wp-json\/wp\/v2\/product_tag?post=235184"}],"curies":[{"name":"wp","href":"https:\/\/api.w.org\/{rel}","templated":true}]}}