{"id":235188,"date":"2025-07-08T05:50:06","date_gmt":"2025-07-08T05:50:06","guid":{"rendered":"https:\/\/linkxa.es\/contratacion\/producto\/microfono-rode-lavalier-go-black-jack\/"},"modified":"2025-08-02T10:24:46","modified_gmt":"2025-08-02T10:24:46","slug":"microfono-rode-lavalier-go-black-jack","status":"publish","type":"product","link":"https:\/\/linkxa.es\/linkshop\/producto\/microfono-rode-lavalier-go-black-jack\/","title":{"rendered":"Microfono rode lavalier go black jack"},"content":{"rendered":"<h3 style=\"text-align: center;\"><strong>Rode\u00a0 |\u00a0 Micr\u00f3fonos<\/strong><\/h3>\n<p>\u00a0<\/p>\n<p>Lavalier GO es un micr\u00f3fono de solapa de calidad profesional dise\u00f1ado para su uso en una amplia gama de aplicaciones. El conector TRS de 3,5 mm est\u00e1 dise\u00f1ado para emparejarse perfectamente con el<br \/>RODE Wireless GO y la mayor\u00eda de los dispositivos de grabaci\u00f3n con una entrada de micr\u00f3fono TRS de 3,5 mm.<\/p>\n<p>Lavalier GO est\u00e1 dise\u00f1ado para funcionar de manera excelente en cualquier aplicaci\u00f3n de transmisi\u00f3n. Con un micr\u00f3fono omnidireccional discreto de 4,5 mm, ofrece un audio n\u00edtido en todos los entornos y es<br \/>incre\u00edblemente indulgente cuando se trata de ubicar al talento, lo que permite una mayor flexibilidad en situaciones de ritmo r\u00e1pido.<\/p>\n<p>Se suministra un protector contra golpes de espuma para minimizar el ruido del viento y las oclusivas vocales (sonidos duros de &#8216;b&#8217;, &#8216;t&#8217; y &#8216;p&#8217;), as\u00ed como un clip de montaje duradero con gesti\u00f3n de cables<br \/>incorporada para un montaje r\u00e1pido y f\u00e1cil. Tambi\u00e9n cuenta con un cable reforzado de Kevlar de 1,2 m (4 pies) de largo resistente, dise\u00f1ado para soportar los rigores de cualquier disparo.<\/p>\n<p>Lavalier GO tambi\u00e9n viene en blanco para ocultarlo f\u00e1cilmente contra la ropa brillante.<br \/>Caracter\u00edsticas<\/p>\n<p>Micr\u00f3fono lavalier de calidad profesional con conector TRS de 3,5 mm<br \/>C\u00e1psula de condensador omnidireccional de alta calidad<br \/>Discreto micr\u00f3fono en miniatura de 4,5 mm<br \/>Cable reforzado con Kevlar<br \/>Incluye protector contra pop y clip de montaje duradero<\/p>\n<p>Especificaciones Rode Lavalier GO<\/p>\n<p>Principio ac\u00fastico Condensador permanentemente polarizado<br \/>Patr\u00f3n polar Omnidireccional<br \/>Rango de frecuencia 20 Hz &#8211; 20 kHz<br \/>Impedancia de salida 3k ohms t\u00edpico<br \/>Relaci\u00f3n se\u00f1al a ruido 67 dB<br \/>Ruido equivalente 27 dB t\u00edpico<br \/>SPL m\u00e1ximo 110 dB<br \/>Sensibilidad -35dB (17.8mV a 94dB SPL)<br \/>Gama din\u00e1mica 83dB t\u00edpico<br \/>Requerimientos de energ\u00eda Alimentado por enchufe TRS de alimentaci\u00f3n (2,7 V)<br \/>Conexi\u00f3n de salida Enchufe TRS chapado en oro<\/p>\n<p>\u00a0<\/p>\n","protected":false},"excerpt":{"rendered":"<p>Microfono rode lavalier go black jack 3.5mm trs &#8211; 110db &#8211; omnidirectional<\/p>\n","protected":false},"featured_media":235189,"comment_status":"closed","ping_status":"open","template":"","meta":{"_et_pb_use_builder":"","_et_pb_old_content":"","_et_gb_content_width":""},"product_brand":[3042],"product_cat":[2799,2058,2831],"product_tag":[2803,2068,3091,2833,3043],"class_list":{"0":"post-235188","1":"product","2":"type-product","3":"status-publish","4":"has-post-thumbnail","6":"product_brand-rode","7":"product_cat-altavoces-mp3-y-auriculares","8":"product_cat-dispositivos","9":"product_cat-microfonos","10":"product_tag-altavoces-mp3-y-auriculares","11":"product_tag-dispositivos","12":"product_tag-microfono-rode-lavalier-go-black-jack","13":"product_tag-microfonos","14":"product_tag-rode","15":"product_shipping_class-2059","16":"pa_canon-digital-incluida-0-e-incluidos","18":"first","19":"instock","20":"taxable","21":"shipping-taxable","22":"purchasable","23":"product-type-simple"},"_links":{"self":[{"href":"https:\/\/linkxa.es\/linkshop\/wp-json\/wp\/v2\/product\/235188","targetHints":{"allow":["GET"]}}],"collection":[{"href":"https:\/\/linkxa.es\/linkshop\/wp-json\/wp\/v2\/product"}],"about":[{"href":"https:\/\/linkxa.es\/linkshop\/wp-json\/wp\/v2\/types\/product"}],"replies":[{"embeddable":true,"href":"https:\/\/linkxa.es\/linkshop\/wp-json\/wp\/v2\/comments?post=235188"}],"wp:featuredmedia":[{"embeddable":true,"href":"https:\/\/linkxa.es\/linkshop\/wp-json\/wp\/v2\/media\/235189"}],"wp:attachment":[{"href":"https:\/\/linkxa.es\/linkshop\/wp-json\/wp\/v2\/media?parent=235188"}],"wp:term":[{"taxonomy":"product_brand","embeddable":true,"href":"https:\/\/linkxa.es\/linkshop\/wp-json\/wp\/v2\/product_brand?post=235188"},{"taxonomy":"product_cat","embeddable":true,"href":"https:\/\/linkxa.es\/linkshop\/wp-json\/wp\/v2\/product_cat?post=235188"},{"taxonomy":"product_tag","embeddable":true,"href":"https:\/\/linkxa.es\/linkshop\/wp-json\/wp\/v2\/product_tag?post=235188"}],"curies":[{"name":"wp","href":"https:\/\/api.w.org\/{rel}","templated":true}]}}