{"id":235194,"date":"2025-07-13T17:23:19","date_gmt":"2025-07-13T17:23:19","guid":{"rendered":"https:\/\/linkxa.es\/contratacion\/producto\/altavoz-bluetooth-forever-bs-10-led-black\/"},"modified":"2025-08-02T10:25:09","modified_gmt":"2025-08-02T10:25:09","slug":"altavoz-bluetooth-forever-bs-10-led-black","status":"publish","type":"product","link":"https:\/\/linkxa.es\/linkshop\/producto\/altavoz-bluetooth-forever-bs-10-led-black\/","title":{"rendered":"Altavoz bluetooth forever bs &#8211; 10 led black"},"content":{"rendered":"<h3 style=\"text-align: center;\"><strong>Forever\u00a0 |\u00a0 Altavoces<\/strong><\/h3>\n<p>\u00a0<\/p>\n<p>Altavoz Bluetooth inal\u00e1mbrico extremadamente compacto y funcional, perfecto para llevar en viajes y eventos.<\/p>\n<p>Diferentes modos de retroiluminaci\u00f3n RGB, saltando al ritmo, disfrutar\u00e1 de un estado de \u00e1nimo divertido y din\u00e1mico.<\/p>\n<p>Disfruta de un sonido de alta calidad.<\/p>\n<p>Los graves profundos y los tonos claros son de muy buena calidad.<\/p>\n<p>El altavoz inal\u00e1mbrico reproduce con una potencia de 10 W, y el tiempo de funcionamiento alcanza hasta 5 horas a m\u00e1xima potencia.<\/p>\n<p>Puedes cargar r\u00e1pidamente la bater\u00eda a trav\u00e9s del conector USB-C.<\/p>\n<p>Forever&#8217;s BS-10 tiene una clasificaci\u00f3n de impermeabilidad IPX5, que lo hace resistente a la humedad y las salpicaduras.<\/p>\n<p>La funci\u00f3n TWS del altavoz te permite conectar 2 dispositivos de la misma serie entre s\u00ed para emitir sonido estero.<\/p>\n<p>Forever Altavoz Bluetooth BS-10 LED<\/p>\n<p>Altavoz Bluetooth inal\u00e1mbrico extremadamente compacto y funcional, perfecto para llevar en viajes y eventos.<\/p>\n<p>Puede guardarlo f\u00e1cilmente en su equipaje.<\/p>\n<p>Cabe en cualquier espacio, funcionar\u00e1 muy bien en casa o de viaje.<\/p>\n<p>Diferentes modos de retroiluminaci\u00f3n RGB, saltando al ritmo, disfrutar\u00e1 de un estado de \u00e1nimo divertido y din\u00e1mico.<\/p>\n<p>Disfruta de un sonido de alta calidad.<\/p>\n<p>Los graves profundos y los tonos claros son de muy buena calidad.<\/p>\n<p>El altavoz inal\u00e1mbrico reproduce con una potencia de 10 W, y el tiempo de funcionamiento alcanza hasta 5 horas a m\u00e1xima potencia.<\/p>\n<p>Puedes cargar r\u00e1pidamente la bater\u00eda a trav\u00e9s del conector USB-C.<\/p>\n<p>Forever&#8217;s BS-10 tiene una clasificaci\u00f3n de impermeabilidad IPX5, que lo hace resistente a la humedad y las salpicaduras.<\/p>\n<p>Perfecto para acampar al aire libre.<\/p>\n<p>\u00bfSue\u00f1as con conseguir un efecto est\u00e9reo?<\/p>\n<p>La funci\u00f3n TWS del altavoz te permite conectar 2 dispositivos de la misma serie entre s\u00ed para emitir sonido estero.<\/p>\n<p>El altavoz Bluetooth port\u00e1til BS-10 de Forever demostrar\u00e1 su val\u00eda en cualquier situaci\u00f3n.<\/p>\n<p>Bluetooth: Version 5.0<br \/>Soporta protocolos:HFP,HSP,A2DP,AVRCP<br \/>Autonom\u00eda:Hasta 5 horas<br \/>Alcance Bluetooth: Hasta 10 m<br \/>Funci\u00f3n TWS<br \/>Bateria: 1800 mAh<br \/>Diametro: 66mm x 2<br \/>Potencia de altavoz:10 W (5Wx2)<br \/>Impedancia: 4<br \/>Potencia de entrada :5V\/1A<br \/>Frecuencia de respuesta: 80Hz-15kHz<br \/>Clase de protecci\u00f3n(IP):IPX5<br \/>Conector Input: USB-C<br \/>Conector AUX Jack 3.5<br \/>Conector: USB<br \/>Slot para tarjeta de memoria microSD<br \/>Garant\u00eda: 3 a\u00f1os<\/p>\n<p>\u00a0<\/p>\n","protected":false},"excerpt":{"rendered":"<p>Altavoz bluetooth forever bs &#8211; 10 led black color negro<\/p>\n","protected":false},"featured_media":235195,"comment_status":"closed","ping_status":"open","template":"","meta":{"_et_pb_use_builder":"","_et_pb_old_content":"","_et_gb_content_width":""},"product_brand":[2334],"product_cat":[2822,2799,2058],"product_tag":[2824,2803,3092,2068,2335],"class_list":{"0":"post-235194","1":"product","2":"type-product","3":"status-publish","4":"has-post-thumbnail","6":"product_brand-forever","7":"product_cat-altavoces","8":"product_cat-altavoces-mp3-y-auriculares","9":"product_cat-dispositivos","10":"product_tag-altavoces","11":"product_tag-altavoces-mp3-y-auriculares","12":"product_tag-altavoz-bluetooth-forever-bs-10-led-black","13":"product_tag-dispositivos","14":"product_tag-forever","15":"product_shipping_class-2059","16":"pa_canon-digital-incluida-0-e-incluidos","18":"first","19":"instock","20":"taxable","21":"shipping-taxable","22":"purchasable","23":"product-type-simple"},"_links":{"self":[{"href":"https:\/\/linkxa.es\/linkshop\/wp-json\/wp\/v2\/product\/235194","targetHints":{"allow":["GET"]}}],"collection":[{"href":"https:\/\/linkxa.es\/linkshop\/wp-json\/wp\/v2\/product"}],"about":[{"href":"https:\/\/linkxa.es\/linkshop\/wp-json\/wp\/v2\/types\/product"}],"replies":[{"embeddable":true,"href":"https:\/\/linkxa.es\/linkshop\/wp-json\/wp\/v2\/comments?post=235194"}],"wp:featuredmedia":[{"embeddable":true,"href":"https:\/\/linkxa.es\/linkshop\/wp-json\/wp\/v2\/media\/235195"}],"wp:attachment":[{"href":"https:\/\/linkxa.es\/linkshop\/wp-json\/wp\/v2\/media?parent=235194"}],"wp:term":[{"taxonomy":"product_brand","embeddable":true,"href":"https:\/\/linkxa.es\/linkshop\/wp-json\/wp\/v2\/product_brand?post=235194"},{"taxonomy":"product_cat","embeddable":true,"href":"https:\/\/linkxa.es\/linkshop\/wp-json\/wp\/v2\/product_cat?post=235194"},{"taxonomy":"product_tag","embeddable":true,"href":"https:\/\/linkxa.es\/linkshop\/wp-json\/wp\/v2\/product_tag?post=235194"}],"curies":[{"name":"wp","href":"https:\/\/api.w.org\/{rel}","templated":true}]}}