{"id":235208,"date":"2025-02-19T02:48:36","date_gmt":"2025-02-19T02:48:36","guid":{"rendered":"https:\/\/linkxa.es\/contratacion\/producto\/microfono-rode-nt1-signature-black\/"},"modified":"2025-08-02T10:25:51","modified_gmt":"2025-08-02T10:25:51","slug":"microfono-rode-nt1-signature-black","status":"publish","type":"product","link":"https:\/\/linkxa.es\/linkshop\/producto\/microfono-rode-nt1-signature-black\/","title":{"rendered":"Microfono rode nt1 signature black"},"content":{"rendered":"<h3 style=\"text-align: center;\"><strong>Rode\u00a0 |\u00a0 Micr\u00f3fonos<\/strong><\/h3>\n<p>\u00a0<\/p>\n<p>Micr\u00f3fono Rode Nt1 Signature Black<\/p>\n<p>Un potente micr\u00f3fono de condensador de estudio con un car\u00e1cter c\u00e1lido y sedoso, un ruido excepcionalmente bajo y un alto manejo de SPL, ideal en una amplia gama de aplicaciones de estudio.<\/p>\n<p>El micr\u00f3fono de estudio m\u00e1s popular del mundo<\/p>\n<p>Desde su lanzamiento hace m\u00e1s de 30 a\u00f1os, el NT1 se ha convertido en el micr\u00f3fono de estudio m\u00e1s popular del mundo y en el recurso preferido de innumerables creadores de todo el mundo, desde<br \/>m\u00fasicos de dormitorio y profesionales de estudio hasta streamers, podcasters y locutores. La serie NT1 Signature contin\u00faa con este legado y ofrece sonido de estudio cl\u00e1sico para los creadores de hoy.<\/p>\n<p>Sonido caracter\u00edstico ic\u00f3nico<\/p>\n<p>Con nuestra impresionante c\u00e1psula de condensador real HF6 de 1 pulgada, la serie NT1 Signature cuenta con la misma firma de sonido ic\u00f3nica por la que sus antepasados son venerados. Los agudos<br \/>brillantes, los medios muy detallados y los graves ricos y c\u00e1lidos lo hacen brillar en casi cualquier aplicaci\u00f3n de grabaci\u00f3n que puedas imaginar, desde voz, piano y guitarra ac\u00fastica hasta bater\u00eda,<br \/>percusi\u00f3n y guitarra el\u00e9ctrica.<\/p>\n<p>Tu micr\u00f3fono, a tu manera<\/p>\n<p>Por primera vez en los 30 a\u00f1os de historia del NT1, este micr\u00f3fono ic\u00f3nico est\u00e1 disponible en una gama de colores ic\u00f3nicos. Esta colecci\u00f3n de edici\u00f3n limitada presenta cinco combinaciones de colores<br \/>vibrantes junto con el acabado negro atemporal, que incluyen rojo, verde, morado, rosa y azul.<\/p>\n<p>Un verdadero caballo de batalla<\/p>\n<p>Un verdadero caballo de batalla que sobresale en una amplia gama de aplicaciones de estudio. Con un nivel de ruido excepcionalmente bajo y un SPL m\u00e1ximo incre\u00edblemente alto, captura todo, desde<br \/>susurros hasta tambores con la m\u00e1xima claridad. El micr\u00f3fono de estudio perfecto y todoterreno.<\/p>\n<p>Calidad legendaria RDE<\/p>\n<p>La serie NT1 Signature est\u00e1 dise\u00f1ada y fabricada con componentes de la m\u00e1s alta calidad en las instalaciones de fabricaci\u00f3n de precisi\u00f3n de RDE en Sydney, Australia. Est\u00e1 dise\u00f1ado para durar, con<br \/>un cuerpo resistente mecanizado en aluminio de alta calidad y viene con nuestra garant\u00eda de 10 a\u00f1os l\u00edder en la industria, por lo que puede estar seguro de que seguir\u00e1 siendo su opci\u00f3n a largo plazo.<\/p>\n<p>Kit de accesorios de primera calidad<\/p>\n<p>Mantenga sus grabaciones impecables con el soporte amortiguador de estudio y el filtro pop incluidos con la serie NT1 Signature, las herramientas perfectas para minimizar los artefactos de audio<br \/>causados por golpes, estruendos y explosiones. Tambi\u00e9n se entrega con un cable XLR premium para que pueda comenzar a crear de inmediato: simplemente con\u00e9ctelo directamente a su interfaz de<br \/>audio o mezclador y comience a grabar audio excepcional.<\/p>\n<p>Gu\u00eda del usuario de la serie NT1 Signature<\/p>\n<p>Descubra todo lo que necesita saber sobre el uso de su micr\u00f3fono de condensador de estudio NT1 Signature Series en esta completa gu\u00eda del usuario, que incluye c\u00f3mo conectar y montar su micr\u00f3fono,<br \/>filtro antipop y soporte antivibraci\u00f3n, y c\u00f3mo conectar y alimentar su NT1 Signature Series.<\/p>\n<p>General<br \/>Marca: RODE<br \/>Garant\u00eda: 36<br \/>Part Number: NT1SIGNATUREBLACK<br \/>Categor\u00edas: SONIDO<br \/>Reacondicionado: No<br \/>Reposici\u00f3n &#8211; Etiqueta: No<br \/>Peso Volumetrico 2.13 Kg.<br \/>Contenido del embalaje<br \/>Adaptador AC incluido: Si<br \/>Material incluido: SM6, XLR<br \/>Manual de usuario: Si<br \/>Detalles t\u00e9cnicos<br \/>Tipolog\u00eda Imagen Sonido: Micr\u00f3fonos<br \/>Entrada de audio: Si<br \/>N\u00famero de productos incluidos: 1 pieza(s)<br \/>Tipo de cable: XLR<br \/>Tipo de control remoto: Al\u00e1mbrico<br \/>Conectividad<br \/>Conectividad del dispositivo: Al\u00e1mbrico<br \/>Conector: XLR<br \/>Control de energ\u00eda<br \/>Alimentaci\u00f3n: AC<br \/>Fuente de energ\u00eda: Cable<br \/>Otras caracter\u00edsticas<br \/>Micr\u00f3fono, jack de entrada: Si<br \/>Requisitos de energ\u00eda: P48<br \/>Peso y dimensiones<br \/>Altura: 189 mm<br \/>Ancho: 52 mm<br \/>Peso: 313 g<br \/>Profundidad: 52 mm<br \/>Audio<br \/>Rango de frecuencia: 20 &#8211; 20000 Hz<br \/>Color<br \/>Color: Negro<br \/>Color: Negro<br \/>Ports &#038; interfaces<br \/>Conectividad: Al\u00e1mbrico<br \/>Micr\u00f3fono<br \/>Micr\u00f3fono incluido: Si<br \/>Micr\u00f3fono, impedancia de salida: 100<br \/>Efecto de cancelaci\u00f3n de ruido: Si<br \/>Frecuencia de micr\u00f3fono: 20 &#8211; 20000 Hz<br \/>Micr\u00f3fono: XLR<br \/>Sensibilidad de micr\u00f3fono: -32 dB<\/p>\n<p>\u00a0<\/p>\n","protected":false},"excerpt":{"rendered":"<p>Microfono rode nt1 signature black<\/p>\n","protected":false},"featured_media":235209,"comment_status":"closed","ping_status":"open","template":"","meta":{"_et_pb_use_builder":"","_et_pb_old_content":"","_et_gb_content_width":""},"product_brand":[3042],"product_cat":[2799,2058,2831],"product_tag":[2803,2068,3094,2833,3043],"class_list":{"0":"post-235208","1":"product","2":"type-product","3":"status-publish","4":"has-post-thumbnail","6":"product_brand-rode","7":"product_cat-altavoces-mp3-y-auriculares","8":"product_cat-dispositivos","9":"product_cat-microfonos","10":"product_tag-altavoces-mp3-y-auriculares","11":"product_tag-dispositivos","12":"product_tag-microfono-rode-nt1-signature-black","13":"product_tag-microfonos","14":"product_tag-rode","15":"product_shipping_class-2059","16":"pa_canon-digital-incluida-0-e-incluidos","18":"first","19":"instock","20":"taxable","21":"shipping-taxable","22":"purchasable","23":"product-type-simple"},"_links":{"self":[{"href":"https:\/\/linkxa.es\/linkshop\/wp-json\/wp\/v2\/product\/235208","targetHints":{"allow":["GET"]}}],"collection":[{"href":"https:\/\/linkxa.es\/linkshop\/wp-json\/wp\/v2\/product"}],"about":[{"href":"https:\/\/linkxa.es\/linkshop\/wp-json\/wp\/v2\/types\/product"}],"replies":[{"embeddable":true,"href":"https:\/\/linkxa.es\/linkshop\/wp-json\/wp\/v2\/comments?post=235208"}],"wp:featuredmedia":[{"embeddable":true,"href":"https:\/\/linkxa.es\/linkshop\/wp-json\/wp\/v2\/media\/235209"}],"wp:attachment":[{"href":"https:\/\/linkxa.es\/linkshop\/wp-json\/wp\/v2\/media?parent=235208"}],"wp:term":[{"taxonomy":"product_brand","embeddable":true,"href":"https:\/\/linkxa.es\/linkshop\/wp-json\/wp\/v2\/product_brand?post=235208"},{"taxonomy":"product_cat","embeddable":true,"href":"https:\/\/linkxa.es\/linkshop\/wp-json\/wp\/v2\/product_cat?post=235208"},{"taxonomy":"product_tag","embeddable":true,"href":"https:\/\/linkxa.es\/linkshop\/wp-json\/wp\/v2\/product_tag?post=235208"}],"curies":[{"name":"wp","href":"https:\/\/api.w.org\/{rel}","templated":true}]}}