{"id":235214,"date":"2025-01-04T23:33:11","date_gmt":"2025-01-04T23:33:11","guid":{"rendered":"https:\/\/linkxa.es\/contratacion\/producto\/auriculares-gaming-krom-kopa-move-jack\/"},"modified":"2025-08-02T12:04:49","modified_gmt":"2025-08-02T12:04:49","slug":"auriculares-gaming-krom-kopa-move-jack","status":"publish","type":"product","link":"https:\/\/linkxa.es\/linkshop\/producto\/auriculares-gaming-krom-kopa-move-jack\/","title":{"rendered":"Auriculares gaming krom kopa move jack"},"content":{"rendered":"<h3 style=\"text-align: center;\"><strong>Krom\u00a0 |\u00a0 Auriculares<\/strong><\/h3>\n<p>\u00a0<\/p>\n<p>KROM KOPA MOVE AURICULAR GAMNG ESTEREO NEGRO ROJO<\/p>\n<p>Krom Kopa Move son unos auriculares est\u00e9reo que cuentan con una compatibilidad sin l\u00edmites, siendo compatible con una gran gama de dispositivos desde consolas con entrada anal\u00f3gica a Tablets y Smartphones<br \/>gracias a su conexi\u00f3n jack 3,5 mm. Lleva tus Kopa Move a cualquier parte, est\u00e1n dise\u00f1ados para acompa\u00f1arte en cualquier misi\u00f3n.<br \/>Caracter\u00edsticas &#8211; Sonido est\u00e9reo<br \/>&#8211; Auriculares de 50 mm de gran calidad de sonido<br \/>&#8211; Control de volumen y mute de micr\u00f3fono en el auricular<br \/>&#8211; Diadema ajustable y ligera para una mayor comodidad<br \/>&#8211; Conexi\u00f3n jack 3.5 mm<br \/>&#8211; Compatible con PC, PS4, PS5, SWITCH , tablets &#038; smartphones<br \/>Auricular<br \/>&#8211; Orejeras de tejido suave y transpirable<br \/>&#8211; Di\u00e1metro: 50 mm<br \/>&#8211; Frecuencia de respuesta: 20 Hz &#8211; 20.000 Hz<br \/>&#8211; Impedancia: 32 Ohm +\/- 15%<br \/>&#8211; Sensibilidad: 115 +\/- 3 dB<br \/>Micr\u00f3fono<br \/>&#8211; Directividad: Omnidireccional<br \/>&#8211; Impedancia: 2.2k Ohm<br \/>&#8211; Rango de frecuencia: 50 Hz &#8211; 10.000 Hz<br \/>&#8211; Sensibilidad: -42dB 3dB<br \/>Conexi\u00f3n<br \/>&#8211; 3.5 mm jack<br \/>Compatibilidad<br \/>&#8211; PC*<br \/>&#8211; PS4<br \/>&#8211; PS5<br \/>&#8211; SWITCH<br \/>&#8211; Tablets<br \/>&#8211; Smartphones<br \/>** Incluye cable adaptador para PC<br \/>** Tablets y Smartphones con conexi\u00f3n jack 3.5 mm<br \/>Dimensiones y peso<br \/>&#8211; Longitud Cable: 200 cm<br \/>&#8211; 210 x 200 x 103 mm<br \/>&#8211; 320 g<\/p>\n<p>\u00a0<\/p>\n","protected":false},"excerpt":{"rendered":"<p>Auriculares gaming krom kopa move jack 3.5mm negro &#8211; rojo<\/p>\n","protected":false},"featured_media":235627,"comment_status":"closed","ping_status":"open","template":"","meta":{"_et_pb_use_builder":"","_et_pb_old_content":"","_et_gb_content_width":""},"product_brand":[2939],"product_cat":[2799,2800,2058],"product_tag":[2803,2804,3095,2068,2940],"class_list":{"0":"post-235214","1":"product","2":"type-product","3":"status-publish","4":"has-post-thumbnail","6":"product_brand-krom","7":"product_cat-altavoces-mp3-y-auriculares","8":"product_cat-auriculares","9":"product_cat-dispositivos","10":"product_tag-altavoces-mp3-y-auriculares","11":"product_tag-auriculares","12":"product_tag-auriculares-gaming-krom-kopa-move-jack","13":"product_tag-dispositivos","14":"product_tag-krom","15":"product_shipping_class-2059","16":"pa_canon-digital-incluida-0-e-incluidos","18":"first","19":"instock","20":"taxable","21":"shipping-taxable","22":"purchasable","23":"product-type-simple"},"_links":{"self":[{"href":"https:\/\/linkxa.es\/linkshop\/wp-json\/wp\/v2\/product\/235214","targetHints":{"allow":["GET"]}}],"collection":[{"href":"https:\/\/linkxa.es\/linkshop\/wp-json\/wp\/v2\/product"}],"about":[{"href":"https:\/\/linkxa.es\/linkshop\/wp-json\/wp\/v2\/types\/product"}],"replies":[{"embeddable":true,"href":"https:\/\/linkxa.es\/linkshop\/wp-json\/wp\/v2\/comments?post=235214"}],"wp:featuredmedia":[{"embeddable":true,"href":"https:\/\/linkxa.es\/linkshop\/wp-json\/wp\/v2\/media\/235627"}],"wp:attachment":[{"href":"https:\/\/linkxa.es\/linkshop\/wp-json\/wp\/v2\/media?parent=235214"}],"wp:term":[{"taxonomy":"product_brand","embeddable":true,"href":"https:\/\/linkxa.es\/linkshop\/wp-json\/wp\/v2\/product_brand?post=235214"},{"taxonomy":"product_cat","embeddable":true,"href":"https:\/\/linkxa.es\/linkshop\/wp-json\/wp\/v2\/product_cat?post=235214"},{"taxonomy":"product_tag","embeddable":true,"href":"https:\/\/linkxa.es\/linkshop\/wp-json\/wp\/v2\/product_tag?post=235214"}],"curies":[{"name":"wp","href":"https:\/\/api.w.org\/{rel}","templated":true}]}}