{"id":235229,"date":"2024-12-23T00:33:41","date_gmt":"2024-12-23T00:33:41","guid":{"rendered":"https:\/\/linkxa.es\/contratacion\/producto\/auricular-conceptronic-polona02b-jack-3-5mm-microfono\/"},"modified":"2025-08-02T10:28:04","modified_gmt":"2025-08-02T10:28:04","slug":"auricular-conceptronic-polona02b-jack-3-5mm-microfono","status":"publish","type":"product","link":"https:\/\/linkxa.es\/linkshop\/producto\/auricular-conceptronic-polona02b-jack-3-5mm-microfono\/","title":{"rendered":"Auricular conceptronic polona02b jack 3.5mm microfono"},"content":{"rendered":"<h3 style=\"text-align: center;\"><strong>Conceptronic\u00a0 |\u00a0 Auriculares<\/strong><\/h3>\n<p>\u00a0<\/p>\n<p>Tipo de producto Auriculares<br \/>Estilo de uso Diadema<br \/>Uso recomendado Juego<br \/>Tipo de auricular Binaural<br \/>Color del producto Negro<br \/>Control de volumen Giratorio<br \/>Longitud de cable 2 m<br \/>Color del cable Negro<br \/>Conectar y usar (Plug and Play) Si<br \/>Pa\u00eds de origen China<br \/>Puertos e Interfaces<br \/>Tecnolog\u00eda de conectividad Al\u00e1mbrico<br \/>Conector de 3,5 mm Si<br \/>Conexi\u00f3n USB No<br \/>Bluetooth No<br \/>Auriculares<br \/>Audifonos Supraaural<br \/>Frecuencia de auricular 20 &#8211; 20000 Hz<br \/>Obstrucci\u00f3n 32 O<br \/>Sensibilidad de auricular 96 dB<br \/>Micr\u00f3fono<br \/>Tipo de micr\u00f3fono Integrado<br \/>Peso y dimensiones<br \/>Ancho 180 mm<br \/>Profundidad 165 mm<br \/>Altura 68 mm<br \/>Peso 154 g<br \/>Contenido del embalaje<br \/>Gu\u00eda de configuraci\u00f3n r\u00e1pida Si<br \/>Cantidad 1<br \/>Empaquetado<br \/>Ancho del paquete 186 mm<br \/>Profundidad del paquete 70 mm<br \/>Altura del paquete 168 mm<br \/>Peso del paquete 235 g<br \/>Tipo de embalaje Caja<\/p>\n<p>\u00a0<\/p>\n","protected":false},"excerpt":{"rendered":"<p>Auricular conceptronic polona02b  &#8211; jack 3.5mm &#8211; microfono &#8211; control volumen<\/p>\n","protected":false},"featured_media":235230,"comment_status":"closed","ping_status":"open","template":"","meta":{"_et_pb_use_builder":"","_et_pb_old_content":"","_et_gb_content_width":""},"product_brand":[2897],"product_cat":[2799,2800,2058],"product_tag":[2803,3099,2804,2898,2068],"class_list":{"0":"post-235229","1":"product","2":"type-product","3":"status-publish","4":"has-post-thumbnail","6":"product_brand-conceptronic","7":"product_cat-altavoces-mp3-y-auriculares","8":"product_cat-auriculares","9":"product_cat-dispositivos","10":"product_tag-altavoces-mp3-y-auriculares","11":"product_tag-auricular-conceptronic-polona02b-jack-3-5mm-microfono","12":"product_tag-auriculares","13":"product_tag-conceptronic","14":"product_tag-dispositivos","15":"product_shipping_class-2088","16":"pa_canon-digital-incluida-0-e-incluidos","18":"first","19":"instock","20":"taxable","21":"shipping-taxable","22":"purchasable","23":"product-type-simple"},"_links":{"self":[{"href":"https:\/\/linkxa.es\/linkshop\/wp-json\/wp\/v2\/product\/235229","targetHints":{"allow":["GET"]}}],"collection":[{"href":"https:\/\/linkxa.es\/linkshop\/wp-json\/wp\/v2\/product"}],"about":[{"href":"https:\/\/linkxa.es\/linkshop\/wp-json\/wp\/v2\/types\/product"}],"replies":[{"embeddable":true,"href":"https:\/\/linkxa.es\/linkshop\/wp-json\/wp\/v2\/comments?post=235229"}],"wp:featuredmedia":[{"embeddable":true,"href":"https:\/\/linkxa.es\/linkshop\/wp-json\/wp\/v2\/media\/235230"}],"wp:attachment":[{"href":"https:\/\/linkxa.es\/linkshop\/wp-json\/wp\/v2\/media?parent=235229"}],"wp:term":[{"taxonomy":"product_brand","embeddable":true,"href":"https:\/\/linkxa.es\/linkshop\/wp-json\/wp\/v2\/product_brand?post=235229"},{"taxonomy":"product_cat","embeddable":true,"href":"https:\/\/linkxa.es\/linkshop\/wp-json\/wp\/v2\/product_cat?post=235229"},{"taxonomy":"product_tag","embeddable":true,"href":"https:\/\/linkxa.es\/linkshop\/wp-json\/wp\/v2\/product_tag?post=235229"}],"curies":[{"name":"wp","href":"https:\/\/api.w.org\/{rel}","templated":true}]}}