{"id":235235,"date":"2025-03-14T03:38:37","date_gmt":"2025-03-14T03:38:37","guid":{"rendered":"https:\/\/linkxa.es\/contratacion\/producto\/auriculares-gaming-xspectrum-rgb-con-cable\/"},"modified":"2025-08-02T10:28:59","modified_gmt":"2025-08-02T10:28:59","slug":"auriculares-gaming-xspectrum-rgb-con-cable","status":"publish","type":"product","link":"https:\/\/linkxa.es\/linkshop\/producto\/auriculares-gaming-xspectrum-rgb-con-cable\/","title":{"rendered":"Auriculares gaming xspectrum rgb con cable"},"content":{"rendered":"<h3 style=\"text-align: center;\"><strong>Phoenix technologies\u00a0 |\u00a0 Auriculares<\/strong><\/h3>\n<p>\u00a0<\/p>\n<p>Dise\u00f1o, comodidad, sonido y calidad<br \/>Presentamos nuestros auriculares Phoenix X-Spectrum.<br \/>Con sonido 7.1 envolvente y ofrecen una gran calidad de sonido e iluminaci\u00f3n RGB.<br \/>Todo gamer o fan de los videojuegos desea unos auriculares con los que pueda estar jugando durante horas y este ha sido nuestro mayor foco. Con diamdema rigida con su parte inferior con gran acolchado para una sujeci\u00f3n perfecta. Del mismo modo hemos reforzado el acolchado de las orejeras para ofrecer el m\u00e1ximo aislamiento de sonido y dejar que te sumerjas en el juego.<br \/>El sonido es importante, por ello hemos pasado a la tecnolog\u00eda 7.1 virtual con chip y altavoces mejorados para ampliar cada paso, disparo o habilidad que lances. Sentir\u00e1s donde esta cada enemigo.\u00a0 Notaras su llegada y ampliaras cada efecto, melod\u00eda o sonido de tu juego.<br \/>Con un dise\u00f1o elegante, terminado en color negro y logo con iluminaci\u00f3n RGB. Incorpora un controlador en el cable para ajustar cada par\u00e1metro del auricular: silenciar micr\u00f3fono, subir y bajar volumen o cambiar los efectos de luz.<br \/>Un conjunto pensado para Ordenador con conexi\u00f3n USB por lo que solo tendr\u00e1s que conectar y listo.<br \/>Un paso adelante en mejoras que har\u00e1n de tus sesiones de juego una experiencia a\u00fan m\u00e1s \u00fanica.<\/p>\n<p>\u00a0<\/p>\n","protected":false},"excerpt":{"rendered":"<p>Auriculares gaming xspectrum rgb con cable<\/p>\n","protected":false},"featured_media":235236,"comment_status":"closed","ping_status":"open","template":"","meta":{"_et_pb_use_builder":"","_et_pb_old_content":"","_et_gb_content_width":""},"product_brand":[2657],"product_cat":[2799,2800,2058],"product_tag":[2803,2804,3100,2068,2658],"class_list":{"0":"post-235235","1":"product","2":"type-product","3":"status-publish","4":"has-post-thumbnail","6":"product_brand-phoenix-technologies","7":"product_cat-altavoces-mp3-y-auriculares","8":"product_cat-auriculares","9":"product_cat-dispositivos","10":"product_tag-altavoces-mp3-y-auriculares","11":"product_tag-auriculares","12":"product_tag-auriculares-gaming-xspectrum-rgb-con-cable","13":"product_tag-dispositivos","14":"product_tag-phoenix-technologies","15":"product_shipping_class-2088","16":"pa_canon-digital-incluida-0-e-incluidos","18":"first","19":"instock","20":"taxable","21":"shipping-taxable","22":"purchasable","23":"product-type-simple"},"_links":{"self":[{"href":"https:\/\/linkxa.es\/linkshop\/wp-json\/wp\/v2\/product\/235235","targetHints":{"allow":["GET"]}}],"collection":[{"href":"https:\/\/linkxa.es\/linkshop\/wp-json\/wp\/v2\/product"}],"about":[{"href":"https:\/\/linkxa.es\/linkshop\/wp-json\/wp\/v2\/types\/product"}],"replies":[{"embeddable":true,"href":"https:\/\/linkxa.es\/linkshop\/wp-json\/wp\/v2\/comments?post=235235"}],"wp:featuredmedia":[{"embeddable":true,"href":"https:\/\/linkxa.es\/linkshop\/wp-json\/wp\/v2\/media\/235236"}],"wp:attachment":[{"href":"https:\/\/linkxa.es\/linkshop\/wp-json\/wp\/v2\/media?parent=235235"}],"wp:term":[{"taxonomy":"product_brand","embeddable":true,"href":"https:\/\/linkxa.es\/linkshop\/wp-json\/wp\/v2\/product_brand?post=235235"},{"taxonomy":"product_cat","embeddable":true,"href":"https:\/\/linkxa.es\/linkshop\/wp-json\/wp\/v2\/product_cat?post=235235"},{"taxonomy":"product_tag","embeddable":true,"href":"https:\/\/linkxa.es\/linkshop\/wp-json\/wp\/v2\/product_tag?post=235235"}],"curies":[{"name":"wp","href":"https:\/\/api.w.org\/{rel}","templated":true}]}}