{"id":235248,"date":"2025-03-15T06:26:56","date_gmt":"2025-03-15T06:26:56","guid":{"rendered":"https:\/\/linkxa.es\/contratacion\/producto\/altavoces-mars-gaming-ms22-2-2-35w\/"},"modified":"2025-08-02T10:29:57","modified_gmt":"2025-08-02T10:29:57","slug":"altavoces-mars-gaming-ms22-2-2-35w","status":"publish","type":"product","link":"https:\/\/linkxa.es\/linkshop\/producto\/altavoces-mars-gaming-ms22-2-2-35w\/","title":{"rendered":"Altavoces mars gaming ms22 2.2 35w"},"content":{"rendered":"<h3 style=\"text-align: center;\"><strong>Mars gaming\u00a0 |\u00a0 Altavoces<\/strong><\/h3>\n<p>\u00a0<\/p>\n<p>Especificaciones MARS GAMING Altavoces MS22 2.2 35W Black<br \/>Altavoces MS22<br \/>Potencia y calidad de sonido con el m\u00e1s innovador sistema 2.2. 35W de<br \/>potencia con DSP digital, doble subwoofer, control directo de volumen e<br \/>iluminaci\u00f3n RGB flow.<br \/>Dise\u00f1ado especialmente para conseguir un potente rendimiento de graves<br \/>y tonos medios totalmente n\u00edtidos, el sistema de sonido MS22 revoluciona<br \/>tu setup con un look espectacular y la mejor tecnolog\u00eda de sonido.<\/p>\n<p>35W De potencia<br \/>Disfruta sin limitaciones de volumen y una calidad de sonido excepcional<br \/>durante tus partidas, viendo pel\u00edculas, series o escuchando m\u00fasica. Y todo<br \/>ello con una c\u00f3moda alimentaci\u00f3n a trav\u00e9s de USB.<\/p>\n<p>Innovador sonido 2.2<br \/>El MS22 es un sistema 2.2 que divide el sonido en 4 drivers activos para<br \/>lograr un espectacular equilibrio entre graves potentes, agudos n\u00edtidos y<br \/>espacialidad mejorada, consiguiendo ofrecer una transmisi\u00f3n de audio de<br \/>la mayor calidad para tus pel\u00edculas, canciones favoritas, videojuegos y todo<br \/>tipo de contenido multimedia.<\/p>\n<p>Procesador de sonido DSP<br \/>Gracias a su avanzado procesador de sonido DSP digital, los MS22<br \/>reproducen el sonido con una espacialidad multinivel y graves mejorados,<br \/>meti\u00e9ndote de lleno en el centro de acci\u00f3n y haci\u00e9ndote disfrutar como<br \/>nunca.<\/p>\n<p>RGB FLOW<br \/>Discreto efecto ecualizador con RGB FLOW para darle luz y color<\/p>\n<p>Conexi\u00f3n universal jack<br \/>Versatilidad total gracias a su conexi\u00f3n jack aux-in. Util\u00edzalo sin l\u00edmites ni<br \/>limitaciones, con tu PC, port\u00e1til, consola, televisor o cualquier dispositivo<br \/>con salida jack audio est\u00e1ndar.<\/p>\n<p>Marca Mars Gaming<br \/>Modelo MS22<br \/>Caracter\u00edsticas &#8211; Dimensiones: 232 x 107 x 100mm (subwoofer)<br \/>&#8211; Dimensiones: 75 x 98 x 102mm (sat\u00e9lites)<br \/>&#8211; Peso: 900g<br \/>&#8211; Tama\u00f1o: Compacto<br \/>&#8211; Iluminaci\u00f3n: RGB Flow<br \/>&#8211; Acabado: Mate<br \/>&#8211; Materiales: ABS<br \/>&#8211; Tipo de cable: Recubrimiento de goma<br \/>&#8211; Potencia: 35W<br \/>&#8211; Conector: USB alimentaci\u00f3n + Jack 3.5mm audio<br \/>&#8211; Drivers: 4 Activos<br \/>&#8211; Subwoofer: S\u00ed<br \/>&#8211; Rango de frecuencia: 20Hz-20KHz<br \/>&#8211; Impedancia: 4<br \/>&#8211; Control de volumen: S\u00ed<br \/>&#8211; Entrada auriculares: No<br \/>&#8211; Voltaje: DC 5V<br \/>&#8211; Corriente: 1A<br \/>&#8211; Longitud del cable: 160cm (altavoz-altavoz) 130cm (altavoz &#8211; USB)<br \/>&#8211; Compatibilidad: PC\/Mac\/Smartphone\/Tablet<\/p>\n<p>\u00a0<\/p>\n","protected":false},"excerpt":{"rendered":"<p>Altavoces mars gaming ms22 2.2 35w usb + jack 3.5mm rgb negro<\/p>\n","protected":false},"featured_media":235249,"comment_status":"closed","ping_status":"open","template":"","meta":{"_et_pb_use_builder":"","_et_pb_old_content":"","_et_gb_content_width":""},"product_brand":[2929],"product_cat":[2822,2799,2058],"product_tag":[2824,2803,3102,2068,2930],"class_list":{"0":"post-235248","1":"product","2":"type-product","3":"status-publish","4":"has-post-thumbnail","6":"product_brand-mars-gaming","7":"product_cat-altavoces","8":"product_cat-altavoces-mp3-y-auriculares","9":"product_cat-dispositivos","10":"product_tag-altavoces","11":"product_tag-altavoces-mp3-y-auriculares","12":"product_tag-altavoces-mars-gaming-ms22-2-2-35w","13":"product_tag-dispositivos","14":"product_tag-mars-gaming","15":"product_shipping_class-2059","16":"pa_canon-digital-incluida-0-e-incluidos","18":"first","19":"instock","20":"taxable","21":"shipping-taxable","22":"purchasable","23":"product-type-simple"},"_links":{"self":[{"href":"https:\/\/linkxa.es\/linkshop\/wp-json\/wp\/v2\/product\/235248","targetHints":{"allow":["GET"]}}],"collection":[{"href":"https:\/\/linkxa.es\/linkshop\/wp-json\/wp\/v2\/product"}],"about":[{"href":"https:\/\/linkxa.es\/linkshop\/wp-json\/wp\/v2\/types\/product"}],"replies":[{"embeddable":true,"href":"https:\/\/linkxa.es\/linkshop\/wp-json\/wp\/v2\/comments?post=235248"}],"wp:featuredmedia":[{"embeddable":true,"href":"https:\/\/linkxa.es\/linkshop\/wp-json\/wp\/v2\/media\/235249"}],"wp:attachment":[{"href":"https:\/\/linkxa.es\/linkshop\/wp-json\/wp\/v2\/media?parent=235248"}],"wp:term":[{"taxonomy":"product_brand","embeddable":true,"href":"https:\/\/linkxa.es\/linkshop\/wp-json\/wp\/v2\/product_brand?post=235248"},{"taxonomy":"product_cat","embeddable":true,"href":"https:\/\/linkxa.es\/linkshop\/wp-json\/wp\/v2\/product_cat?post=235248"},{"taxonomy":"product_tag","embeddable":true,"href":"https:\/\/linkxa.es\/linkshop\/wp-json\/wp\/v2\/product_tag?post=235248"}],"curies":[{"name":"wp","href":"https:\/\/api.w.org\/{rel}","templated":true}]}}