{"id":235266,"date":"2025-06-12T06:03:56","date_gmt":"2025-06-12T06:03:56","guid":{"rendered":"https:\/\/linkxa.es\/contratacion\/producto\/altavoz-energy-sistem-hyperbeat-negro\/"},"modified":"2025-08-02T10:32:19","modified_gmt":"2025-08-02T10:32:19","slug":"altavoz-energy-sistem-hyperbeat-negro","status":"publish","type":"product","link":"https:\/\/linkxa.es\/linkshop\/producto\/altavoz-energy-sistem-hyperbeat-negro\/","title":{"rendered":"Altavoz energy sistem hyperbeat negro"},"content":{"rendered":"<h3 style=\"text-align: center;\"><strong>Energy sistem\u00a0 |\u00a0 Altavoces<\/strong><\/h3>\n<p>\u00a0<\/p>\n<p>HyperBeat &#8211; Altavoz Bluetooth<br \/>Experimenta la m\u00e1xima libertad y potencia de sonido<\/p>\n<p>Altavoz est\u00e9reo de 80 W de potencia, resistente al agua, con luces LED y tecnolog\u00eda inal\u00e1mbrica Bluetooth 5.3. Utiliza la tecnolog\u00eda True Wireless Stereo para sincronizar dos altavoces a la vez. \u00a1La fiesta<br \/>se desata donde t\u00fa quieras!<\/p>\n<p>Duplica la potencia, multiplica la diversi\u00f3n<br \/>Altavoz Bluetooth con 80 W de potencia y Deep Bass para que disfrutes de bajos m\u00e1s potentes. Gracias a la tecnolog\u00eda True Wireless Stereo, podr\u00e1s conectar dos altavoces de forma inal\u00e1mbrica,<br \/>multiplicando la potencia y la emoci\u00f3n de tu m\u00fasica favorita.<\/p>\n<p>Haz que tu fiesta brille con estilo<br \/>A\u00f1ade un toque de color y diversi\u00f3n a tus fiestas con las luces LED RGB integradas del altavoz port\u00e1til HyperBeat. La tecnolog\u00eda Bluetooth 5.3 garantiza una conexi\u00f3n estable para que vivas tu m\u00fasica en<br \/>cualquier momento y lugar.<\/p>\n<p>Toda tu m\u00fasica contigo<br \/>Disfruta de la libertad de llevar tu m\u00fasica a cualquier parte. Con lector de tarjetas microSD y memorias USB integrado reproduce archivos MP3 directamente desde tus dispositivos de almacenamiento,<br \/>garantizando una experiencia musical total.<\/p>\n<p>Desde el amanecer hasta el anochecer<br \/>Lleva c\u00f3modamente este altavoz inal\u00e1mbrico a donde quieras y experimenta hasta 15 horas de m\u00fasica sin interrupciones. Gracias a su resistencia al agua conforme a la norma IPX6 \u00a1s\u00f3lo tendr\u00e1s que<br \/>preocuparte de disfrutar!<\/p>\n<p>Energy Sistem HyperBeat. Canales de salida de audio: 2.0 canales, Tipo de altavoces: Rango completo. Potencia estimada RMS: 80 W, Rango de frecuencia: 50 &#8211; 18000 Hz, Relaci\u00f3n se\u00f1al\/ruido (SNR):<br \/>90 dB. Tecnolog\u00eda de conectividad: Inal\u00e1mbrico, Alcance de frecuencia: 2,402 &#8211; 2,48 GHz, Perfiles de Bluetooth: A2DP, AVRCP, HFP, SBC. Color del producto: Negro, Dise\u00f1o de producto: Bolsa, Control de<br \/>volumen: Botones. Uso recomendado: Universal, Tarjetas de memoria compatibles: MicroSD (TransFlash), Tama\u00f1o m\u00e1ximo de tarjeta de memoria: 128 GB<br \/>Altavoces<br \/>Canales de salida de audio 2.0 canales<br \/>N\u00famero de altavoces 1<br \/>Tipo de altavoces Rango completo<br \/>Tecnolog\u00eda True Wireless Stereo (TWS) Si<br \/>Audio<br \/>Potencia estimada RMS 80 W<br \/>Rango de frecuencia 50 &#8211; 18000 Hz<br \/>Relaci\u00f3n se\u00f1al\/ruido (SNR) 90 dB<br \/>Puertos e Interfaces<br \/>Tecnolog\u00eda de conectividad Inal\u00e1mbrico<br \/>Wifi No<br \/>Bluetooth Si<br \/>Versi\u00f3n de Bluetooth 5.3<br \/>Alcance de frecuencia 2,402 &#8211; 2,48 GHz<br \/>Perfiles de Bluetooth A2DP, AVRCP, HFP, SBC<br \/>alcance Bluetooth 20 m<br \/>Conector de 3,5 mm Si<br \/>Conector USB USB Tipo C<br \/>Entrada auxiliar Si<br \/>Puerto de carga USB Si<br \/>Dise\u00f1o<br \/>Dise\u00f1o de producto Bolsa<br \/>Color del producto Negro<br \/>Control de volumen Botones<br \/>Interruptor de encendido\/apagado integrado Si<br \/>Funciones de protecci\u00f3n A prueba de salpicaduras<br \/>Iluminaci\u00f3n LED Si<br \/>Iluminaci\u00f3n de color Multi<br \/>Asa de transporte Si<br \/>C\u00f3digo IP (International Protection) IPX6<br \/>Indicadores LED Si<br \/>Desempe\u00f1o<br \/>Uso recomendado Universal<br \/>Tarjeta de lectura integrada Si<br \/>Tarjetas de memoria compatibles MicroSD (TransFlash)<br \/>Tama\u00f1o m\u00e1ximo de tarjeta de memoria 128 GB<br \/>Micr\u00f3fono incorporado Si<br \/>Modo manos libres Si<br \/>Reflejo de bajo Si<br \/>Asistente virtual Google Assistant &#038; Apple Siri<br \/>Control de energ\u00eda<br \/>Tipo de bater\u00eda Bater\u00eda integrada<br \/>Tecnolog\u00eda de bater\u00eda I\u00f3n de litio<br \/>Capacidad de bater\u00eda 4400 mAh<br \/>Voltaje de la pila 7,4 V<br \/>Autonom\u00eda 15 h<br \/>Tiempo de recarga de la bater\u00eda 4 h<br \/>Peso y dimensiones<br \/>Ancho 320 mm<br \/>Profundidad 140 mm<br \/>Altura 180 mm<br \/>Peso 2,02 kg<br \/>Empaquetado<br \/>Tipo de embalaje Envase para colgar<br \/>Contenido del embalaje<br \/>Cantidad por paquete 1 pieza(s)<br \/>Cables incluidos Audio (3.5mm), USB Tipo C<br \/>Manual de usuario Si<\/p>\n<p>\u00a0<\/p>\n","protected":false},"excerpt":{"rendered":"<p>Altavoz energy sistem hyperbeat negro<\/p>\n","protected":false},"featured_media":235267,"comment_status":"closed","ping_status":"open","template":"","meta":{"_et_pb_use_builder":"","_et_pb_old_content":"","_et_gb_content_width":""},"product_brand":[2879],"product_cat":[2822,2799,2058],"product_tag":[2824,2803,3109,2068,2880],"class_list":{"0":"post-235266","1":"product","2":"type-product","3":"status-publish","4":"has-post-thumbnail","6":"product_brand-energy-sistem","7":"product_cat-altavoces","8":"product_cat-altavoces-mp3-y-auriculares","9":"product_cat-dispositivos","10":"product_tag-altavoces","11":"product_tag-altavoces-mp3-y-auriculares","12":"product_tag-altavoz-energy-sistem-hyperbeat-negro","13":"product_tag-dispositivos","14":"product_tag-energy-sistem","15":"product_shipping_class-2059","16":"pa_canon-digital-incluida-0-e-incluidos","18":"first","19":"instock","20":"taxable","21":"shipping-taxable","22":"purchasable","23":"product-type-simple"},"_links":{"self":[{"href":"https:\/\/linkxa.es\/linkshop\/wp-json\/wp\/v2\/product\/235266","targetHints":{"allow":["GET"]}}],"collection":[{"href":"https:\/\/linkxa.es\/linkshop\/wp-json\/wp\/v2\/product"}],"about":[{"href":"https:\/\/linkxa.es\/linkshop\/wp-json\/wp\/v2\/types\/product"}],"replies":[{"embeddable":true,"href":"https:\/\/linkxa.es\/linkshop\/wp-json\/wp\/v2\/comments?post=235266"}],"wp:featuredmedia":[{"embeddable":true,"href":"https:\/\/linkxa.es\/linkshop\/wp-json\/wp\/v2\/media\/235267"}],"wp:attachment":[{"href":"https:\/\/linkxa.es\/linkshop\/wp-json\/wp\/v2\/media?parent=235266"}],"wp:term":[{"taxonomy":"product_brand","embeddable":true,"href":"https:\/\/linkxa.es\/linkshop\/wp-json\/wp\/v2\/product_brand?post=235266"},{"taxonomy":"product_cat","embeddable":true,"href":"https:\/\/linkxa.es\/linkshop\/wp-json\/wp\/v2\/product_cat?post=235266"},{"taxonomy":"product_tag","embeddable":true,"href":"https:\/\/linkxa.es\/linkshop\/wp-json\/wp\/v2\/product_tag?post=235266"}],"curies":[{"name":"wp","href":"https:\/\/api.w.org\/{rel}","templated":true}]}}