{"id":235272,"date":"2025-04-06T14:11:23","date_gmt":"2025-04-06T14:11:23","guid":{"rendered":"https:\/\/linkxa.es\/contratacion\/producto\/auriculares-con-microfono-krom-kappa-gaming\/"},"modified":"2025-08-02T10:32:42","modified_gmt":"2025-08-02T10:32:42","slug":"auriculares-con-microfono-krom-kappa-gaming","status":"publish","type":"product","link":"https:\/\/linkxa.es\/linkshop\/producto\/auriculares-con-microfono-krom-kappa-gaming\/","title":{"rendered":"Auriculares con microfono krom kappa gaming"},"content":{"rendered":"<h3 style=\"text-align: center;\"><strong>Krom\u00a0 |\u00a0 Auriculares<\/strong><\/h3>\n<p>\u00a0<\/p>\n<p>Kappa<br \/>Acolchado, c\u00f3modo, ligero. Krom Kappa lo tiene todo para ser el<br \/>compa\u00f1ero ideal en las largas sesiones de gaming. Con estos<br \/>ergon\u00f3micos auriculares con micr\u00f3fono e iluminaci\u00f3n RGB para PC, el<br \/>lugar donde se encuentra tu enemigo no ser\u00e1 ning\u00fan secreto para ti<br \/>gracias a su alta calidad sonora.<\/p>\n<p>Stereo RGB Gaming Headset<\/p>\n<p>Auriculares de 50 mm de gran calidad de sonido<br \/>Micr\u00f3fono flexible<br \/>Iluminaci\u00f3n efecto Rainbow RGB LED<br \/>Dise\u00f1o ergon\u00f3mico con diadema ajustable<br \/>Compatible con PC<\/p>\n<p>\u00a0<\/p>\n","protected":false},"excerpt":{"rendered":"<p>Auriculares con microfono krom kappa gaming<\/p>\n","protected":false},"featured_media":235273,"comment_status":"closed","ping_status":"open","template":"","meta":{"_et_pb_use_builder":"","_et_pb_old_content":"","_et_gb_content_width":""},"product_brand":[2939],"product_cat":[2799,2800,2058],"product_tag":[2803,2804,3110,2068,2940],"class_list":{"0":"post-235272","1":"product","2":"type-product","3":"status-publish","4":"has-post-thumbnail","6":"product_brand-krom","7":"product_cat-altavoces-mp3-y-auriculares","8":"product_cat-auriculares","9":"product_cat-dispositivos","10":"product_tag-altavoces-mp3-y-auriculares","11":"product_tag-auriculares","12":"product_tag-auriculares-con-microfono-krom-kappa-gaming","13":"product_tag-dispositivos","14":"product_tag-krom","15":"product_shipping_class-2059","16":"pa_canon-digital-incluida-0-e-incluidos","18":"first","19":"instock","20":"taxable","21":"shipping-taxable","22":"purchasable","23":"product-type-simple"},"_links":{"self":[{"href":"https:\/\/linkxa.es\/linkshop\/wp-json\/wp\/v2\/product\/235272","targetHints":{"allow":["GET"]}}],"collection":[{"href":"https:\/\/linkxa.es\/linkshop\/wp-json\/wp\/v2\/product"}],"about":[{"href":"https:\/\/linkxa.es\/linkshop\/wp-json\/wp\/v2\/types\/product"}],"replies":[{"embeddable":true,"href":"https:\/\/linkxa.es\/linkshop\/wp-json\/wp\/v2\/comments?post=235272"}],"wp:featuredmedia":[{"embeddable":true,"href":"https:\/\/linkxa.es\/linkshop\/wp-json\/wp\/v2\/media\/235273"}],"wp:attachment":[{"href":"https:\/\/linkxa.es\/linkshop\/wp-json\/wp\/v2\/media?parent=235272"}],"wp:term":[{"taxonomy":"product_brand","embeddable":true,"href":"https:\/\/linkxa.es\/linkshop\/wp-json\/wp\/v2\/product_brand?post=235272"},{"taxonomy":"product_cat","embeddable":true,"href":"https:\/\/linkxa.es\/linkshop\/wp-json\/wp\/v2\/product_cat?post=235272"},{"taxonomy":"product_tag","embeddable":true,"href":"https:\/\/linkxa.es\/linkshop\/wp-json\/wp\/v2\/product_tag?post=235272"}],"curies":[{"name":"wp","href":"https:\/\/api.w.org\/{rel}","templated":true}]}}