{"id":235282,"date":"2025-06-27T07:40:35","date_gmt":"2025-06-27T07:40:35","guid":{"rendered":"https:\/\/linkxa.es\/contratacion\/producto\/auriculares-con-microfono-logitech-headset-h540\/"},"modified":"2025-08-02T10:33:30","modified_gmt":"2025-08-02T10:33:30","slug":"auriculares-con-microfono-logitech-headset-h540","status":"publish","type":"product","link":"https:\/\/linkxa.es\/linkshop\/producto\/auriculares-con-microfono-logitech-headset-h540\/","title":{"rendered":"Auriculares con microfono logitech headset h540"},"content":{"rendered":"<h3 style=\"text-align: center;\"><strong>Logitech\u00a0 |\u00a0 Auriculares<\/strong><\/h3>\n<p>\u00a0<\/p>\n<p>AURICULARES CON MICROFONO LOGITECH HEADSET H540 USB<br \/>Audio de alto rendimiento para m\u00fasica y llamadas a trav\u00e9s del PC y m\u00e1s.<br \/>Los transductores optimizados por l\u00e1ser y el ecualizador integrado ofrecen<br \/>sonido de calidad incomparable y graves potentes, para que disfrute al<br \/>m\u00e1ximo de lo que escuche.<br \/>Puede controlar el nivel de graves y volumen y silenciar el micr\u00f3fono con<br \/>toda facilidad.<br \/>Con la diadema acolchada de piel sint\u00e9tica y los auriculares puede escuchar<br \/>c\u00f3modamente durante horas.<\/p>\n<p>\u00a0<\/p>\n","protected":false},"excerpt":{"rendered":"<p>Auriculares con microfono logitech headset h540 usb<\/p>\n","protected":false},"featured_media":235283,"comment_status":"closed","ping_status":"open","template":"","meta":{"_et_pb_use_builder":"","_et_pb_old_content":"","_et_gb_content_width":""},"product_brand":[2798],"product_cat":[2799,2800,2058],"product_tag":[2803,2804,3111,2068,2801],"class_list":{"0":"post-235282","1":"product","2":"type-product","3":"status-publish","4":"has-post-thumbnail","6":"product_brand-logitech","7":"product_cat-altavoces-mp3-y-auriculares","8":"product_cat-auriculares","9":"product_cat-dispositivos","10":"product_tag-altavoces-mp3-y-auriculares","11":"product_tag-auriculares","12":"product_tag-auriculares-con-microfono-logitech-headset-h540","13":"product_tag-dispositivos","14":"product_tag-logitech","15":"product_shipping_class-2088","16":"pa_canon-digital-incluida-0-e-incluidos","18":"first","19":"instock","20":"taxable","21":"shipping-taxable","22":"purchasable","23":"product-type-simple"},"_links":{"self":[{"href":"https:\/\/linkxa.es\/linkshop\/wp-json\/wp\/v2\/product\/235282","targetHints":{"allow":["GET"]}}],"collection":[{"href":"https:\/\/linkxa.es\/linkshop\/wp-json\/wp\/v2\/product"}],"about":[{"href":"https:\/\/linkxa.es\/linkshop\/wp-json\/wp\/v2\/types\/product"}],"replies":[{"embeddable":true,"href":"https:\/\/linkxa.es\/linkshop\/wp-json\/wp\/v2\/comments?post=235282"}],"wp:featuredmedia":[{"embeddable":true,"href":"https:\/\/linkxa.es\/linkshop\/wp-json\/wp\/v2\/media\/235283"}],"wp:attachment":[{"href":"https:\/\/linkxa.es\/linkshop\/wp-json\/wp\/v2\/media?parent=235282"}],"wp:term":[{"taxonomy":"product_brand","embeddable":true,"href":"https:\/\/linkxa.es\/linkshop\/wp-json\/wp\/v2\/product_brand?post=235282"},{"taxonomy":"product_cat","embeddable":true,"href":"https:\/\/linkxa.es\/linkshop\/wp-json\/wp\/v2\/product_cat?post=235282"},{"taxonomy":"product_tag","embeddable":true,"href":"https:\/\/linkxa.es\/linkshop\/wp-json\/wp\/v2\/product_tag?post=235282"}],"curies":[{"name":"wp","href":"https:\/\/api.w.org\/{rel}","templated":true}]}}