{"id":235284,"date":"2024-12-04T21:33:32","date_gmt":"2024-12-04T21:33:32","guid":{"rendered":"https:\/\/linkxa.es\/contratacion\/producto\/altavoces-mars-gaming-mscubew-8w-blanco\/"},"modified":"2025-08-02T10:33:59","modified_gmt":"2025-08-02T10:33:59","slug":"altavoces-mars-gaming-mscubew-8w-blanco","status":"publish","type":"product","link":"https:\/\/linkxa.es\/linkshop\/producto\/altavoces-mars-gaming-mscubew-8w-blanco\/","title":{"rendered":"Altavoces mars gaming mscubew 8w blanco"},"content":{"rendered":"<h3 style=\"text-align: center;\"><strong>Mars gaming\u00a0 |\u00a0 Altavoces<\/strong><\/h3>\n<p>\u00a0<\/p>\n<p>Especificaciones MARS GAMING Altavoces MSCUBE Premium 8W White<br \/>ALTAVOCES GAMING MSCUBE<br \/>Iluminaci\u00f3n RGB, sonido DSP espacial, tama\u00f1o compacto y excelentes<br \/>materiales en los altavoces gaming m\u00e1s vers\u00e1tiles de Mars Gaming<\/p>\n<p>8W DE POTENCIA<br \/>Disfruta de una calidad de sonido excepcional con un tama\u00f1o reducido al<br \/>m\u00e1ximo durante tus partidas, viendo pel\u00edculas, series o escuchando<br \/>m\u00fasica. Y todo ello con una c\u00f3moda alimentaci\u00f3n a trav\u00e9s de USB.<\/p>\n<p>RGB ACTIVE-FLOW<br \/>Da un toque de luz y color a tu setup con un elegante sistema de<br \/>iluminaci\u00f3n RGB ACTIVE-FLOW.<\/p>\n<p>PROCESADOR DE SONIDO DSP<br \/>Gracias a su avanzado procesador de sonido DSP digital, los MSCUBE<br \/>reproducen el sonido con una espacialidad multi-nivel y graves mejorados,<br \/>meti\u00e9ndote de lleno en el centro de acci\u00f3n y haci\u00e9ndote disfrutar como<br \/>nunca.<\/p>\n<p>CONTROL BOX<br \/>Elige c\u00f3modamente el nivel de volumen de tus MSCUBE a trav\u00e9s de su caja<br \/>de control.<\/p>\n<p>Marca Mars Gaming<br \/>Modelo MSCUBEW<br \/>Especificaciones &#8211; Dimensiones: 73x73x66mm<br \/>&#8211; Peso: 274g<br \/>&#8211; Tama\u00f1o: Compacto<br \/>&#8211; Acabado: Mate<br \/>&#8211; Tipo de cable: Recubrimiento de goma<br \/>&#8211; Potencia: 8W<br \/>&#8211; Conector: USB alimentaci\u00f3n + Jack 3.5mm audio<br \/>&#8211; Drivers: 2 Activos<br \/>&#8211; Rango de frecuencia: 20Hz-20KHz<br \/>&#8211; Impedancia: 4<br \/>&#8211; Control de volumen: S\u00ed<br \/>&#8211; Voltaje: DC 5V<br \/>&#8211; Corriente: 0.5A<br \/>&#8211; Longitud del cable: 45cm (altavoz-caja control) 110cm (caja control-USB)<\/p>\n<p>\u00a0<\/p>\n","protected":false},"excerpt":{"rendered":"<p>Altavoces mars gaming mscubew 8w blanco<\/p>\n","protected":false},"featured_media":235285,"comment_status":"closed","ping_status":"open","template":"","meta":{"_et_pb_use_builder":"","_et_pb_old_content":"","_et_gb_content_width":""},"product_brand":[2929],"product_cat":[2822,2799,2058],"product_tag":[2824,2803,3112,2068,2930],"class_list":{"0":"post-235284","1":"product","2":"type-product","3":"status-publish","4":"has-post-thumbnail","6":"product_brand-mars-gaming","7":"product_cat-altavoces","8":"product_cat-altavoces-mp3-y-auriculares","9":"product_cat-dispositivos","10":"product_tag-altavoces","11":"product_tag-altavoces-mp3-y-auriculares","12":"product_tag-altavoces-mars-gaming-mscubew-8w-blanco","13":"product_tag-dispositivos","14":"product_tag-mars-gaming","15":"product_shipping_class-2059","16":"pa_canon-digital-incluida-0-e-incluidos","18":"first","19":"instock","20":"taxable","21":"shipping-taxable","22":"purchasable","23":"product-type-simple"},"_links":{"self":[{"href":"https:\/\/linkxa.es\/linkshop\/wp-json\/wp\/v2\/product\/235284","targetHints":{"allow":["GET"]}}],"collection":[{"href":"https:\/\/linkxa.es\/linkshop\/wp-json\/wp\/v2\/product"}],"about":[{"href":"https:\/\/linkxa.es\/linkshop\/wp-json\/wp\/v2\/types\/product"}],"replies":[{"embeddable":true,"href":"https:\/\/linkxa.es\/linkshop\/wp-json\/wp\/v2\/comments?post=235284"}],"wp:featuredmedia":[{"embeddable":true,"href":"https:\/\/linkxa.es\/linkshop\/wp-json\/wp\/v2\/media\/235285"}],"wp:attachment":[{"href":"https:\/\/linkxa.es\/linkshop\/wp-json\/wp\/v2\/media?parent=235284"}],"wp:term":[{"taxonomy":"product_brand","embeddable":true,"href":"https:\/\/linkxa.es\/linkshop\/wp-json\/wp\/v2\/product_brand?post=235284"},{"taxonomy":"product_cat","embeddable":true,"href":"https:\/\/linkxa.es\/linkshop\/wp-json\/wp\/v2\/product_cat?post=235284"},{"taxonomy":"product_tag","embeddable":true,"href":"https:\/\/linkxa.es\/linkshop\/wp-json\/wp\/v2\/product_tag?post=235284"}],"curies":[{"name":"wp","href":"https:\/\/api.w.org\/{rel}","templated":true}]}}