{"id":235288,"date":"2025-05-17T13:08:04","date_gmt":"2025-05-17T13:08:04","guid":{"rendered":"https:\/\/linkxa.es\/contratacion\/producto\/auriculares-gaming-sennheiser-micro-headphones-gsp\/"},"modified":"2025-08-02T10:34:26","modified_gmt":"2025-08-02T10:34:26","slug":"auriculares-gaming-sennheiser-micro-headphones-gsp","status":"publish","type":"product","link":"https:\/\/linkxa.es\/linkshop\/producto\/auriculares-gaming-sennheiser-micro-headphones-gsp\/","title":{"rendered":"Auriculares gaming sennheiser micro headphones gsp"},"content":{"rendered":"<h3 style=\"text-align: center;\"><strong>Epos sennheiser\u00a0 |\u00a0 Auriculares<\/strong><\/h3>\n<p>\u00a0<\/p>\n<p>Los auriculares de la serie GSP 300 son la mejora definitiva para gamers que est\u00e9n preparados para subir de nivel: las almohadillas ultrac\u00f3modas de espuma viscoel\u00e1stica garantizan el mejor<br \/>aislamiento ac\u00fastico de su clase, mientras que el micr\u00f3fono con cancelaci\u00f3n de ruido y calidad apta para difusi\u00f3n se encarga de minimizar el ruido de fondo, para que puedas sumergirte plenamente en<br \/>el juego. Los GSP 300 emplean la afamada tecnolog\u00eda ac\u00fastica de Sennheiser para mejorar cualquier sesi\u00f3n de juego con una nitidez y un realismo a\u00fan mayores. Sennheiser ha reforzado los bajos para<br \/>agregar mayor intensidad al juego, para que puedas disfrutar al m\u00e1ximo de la experiencia. Est\u00e1n equipados con una diadema dividida, inspirada en las diademas de aviaci\u00f3n, que reduce la presi\u00f3n<br \/>proporcionando la mayor comodidad y el mejor ajuste, incluso durante largas sesiones de juego. Ese ajuste perfecto tambi\u00e9n se asegura mediante la inteligente inclusi\u00f3n de una bisagra de junta<br \/>esf\u00e9rica, que permite doblar los altavoces perfectamente para que se ajusten a la forma de tu cabeza. Los GSP 300 incorporan un micr\u00f3fono con cancelaci\u00f3n de ruido y calidad apta para difusi\u00f3n, que<br \/>minimiza el ruido de fondo, y un brazo corto que suprime el sonido de tu respiraci\u00f3n, proporcion\u00e1ndote una comunicaci\u00f3n m\u00e1s n\u00edtida durante el juego. Para silenciarlo, solo tienes que levantar el brazo del<br \/>micr\u00f3fono y ya est\u00e1s off air . Gracias al PCV 05, puedes usar los GSP 300 en m\u00faltiples plataformas, como PC, MAC, consolas, m\u00f3viles y tabletas. Prep\u00e1rate para una experiencia al m\u00e1ximo.<\/p>\n<p>ESPECIFICACIONES<\/p>\n<p>General<br \/>Tipo del art\u00edculo: Gaming<br \/>Marca: EPOS SENNHEISER<br \/>Part Number: 1000240<br \/>Categor\u00edas: SONIDO<br \/>Reacondicionado: No<br \/>Reposici\u00f3n &#8211; Etiqueta: No<br \/>Peso Volumetrico 0.97 Kg.<br \/>Detalles t\u00e9cnicos<br \/>Tipolog\u00eda Imagen Sonido: Auriculares<br \/>Marca compatible: Universal<br \/>Tipo de auricular: Binaurale<br \/>Conectividad<br \/>Interfaz: 3.5 mm<br \/>Conectividad del dispositivo: Al\u00e1mbrico<br \/>Auriculares<br \/>Tipolog\u00eda Auriculares: Diadema, Gaming, Micr\u00f3fono Incluido<br \/>Auriculares: 3.5 mm<br \/>Frecuencia de auricular: 15 &#8211; 26000 Hz<br \/>Sensibilidad de auricular: 113 dB<br \/>Sistema ac\u00fastico: Cerrado<br \/>Ports &#038; interfaces<br \/>Conectividad: Al\u00e1mbrico<br \/>Auriculares<br \/>Audifonos: Circumaural<br \/>Micr\u00f3fono<br \/>Micr\u00f3fono incluido: Si<br \/>Frecuencia de micr\u00f3fono: 10 &#8211; 15000 Hz<br \/>Sensibilidad de micr\u00f3fono: -41 dB<\/p>\n<p>\u00a0<\/p>\n","protected":false},"excerpt":{"rendered":"<p>Auriculares gaming sennheiser micro headphones gsp 301<\/p>\n","protected":false},"featured_media":235289,"comment_status":"closed","ping_status":"open","template":"","meta":{"_et_pb_use_builder":"","_et_pb_old_content":"","_et_gb_content_width":""},"product_brand":[2884],"product_cat":[2799,2800,2058],"product_tag":[2803,2804,3113,2068,2885],"class_list":{"0":"post-235288","1":"product","2":"type-product","3":"status-publish","4":"has-post-thumbnail","6":"product_brand-epos-sennheiser","7":"product_cat-altavoces-mp3-y-auriculares","8":"product_cat-auriculares","9":"product_cat-dispositivos","10":"product_tag-altavoces-mp3-y-auriculares","11":"product_tag-auriculares","12":"product_tag-auriculares-gaming-sennheiser-micro-headphones-gsp","13":"product_tag-dispositivos","14":"product_tag-epos-sennheiser","15":"product_shipping_class-2059","16":"pa_canon-digital-incluida-0-e-incluidos","18":"first","19":"instock","20":"taxable","21":"shipping-taxable","22":"purchasable","23":"product-type-simple"},"_links":{"self":[{"href":"https:\/\/linkxa.es\/linkshop\/wp-json\/wp\/v2\/product\/235288","targetHints":{"allow":["GET"]}}],"collection":[{"href":"https:\/\/linkxa.es\/linkshop\/wp-json\/wp\/v2\/product"}],"about":[{"href":"https:\/\/linkxa.es\/linkshop\/wp-json\/wp\/v2\/types\/product"}],"replies":[{"embeddable":true,"href":"https:\/\/linkxa.es\/linkshop\/wp-json\/wp\/v2\/comments?post=235288"}],"wp:featuredmedia":[{"embeddable":true,"href":"https:\/\/linkxa.es\/linkshop\/wp-json\/wp\/v2\/media\/235289"}],"wp:attachment":[{"href":"https:\/\/linkxa.es\/linkshop\/wp-json\/wp\/v2\/media?parent=235288"}],"wp:term":[{"taxonomy":"product_brand","embeddable":true,"href":"https:\/\/linkxa.es\/linkshop\/wp-json\/wp\/v2\/product_brand?post=235288"},{"taxonomy":"product_cat","embeddable":true,"href":"https:\/\/linkxa.es\/linkshop\/wp-json\/wp\/v2\/product_cat?post=235288"},{"taxonomy":"product_tag","embeddable":true,"href":"https:\/\/linkxa.es\/linkshop\/wp-json\/wp\/v2\/product_tag?post=235288"}],"curies":[{"name":"wp","href":"https:\/\/api.w.org\/{rel}","templated":true}]}}