{"id":235312,"date":"2025-01-21T03:05:18","date_gmt":"2025-01-21T03:05:18","guid":{"rendered":"https:\/\/linkxa.es\/contratacion\/producto\/barra-sonido-gaming-ewent-ew3525-rgb\/"},"modified":"2025-08-02T10:36:32","modified_gmt":"2025-08-02T10:36:32","slug":"barra-sonido-gaming-ewent-ew3525-rgb","status":"publish","type":"product","link":"https:\/\/linkxa.es\/linkshop\/producto\/barra-sonido-gaming-ewent-ew3525-rgb\/","title":{"rendered":"Barra sonido gaming ewent ew3525 rgb"},"content":{"rendered":"<h3 style=\"text-align: center;\"><strong>Ewent\u00a0 |\u00a0 Barras de sonido<\/strong><\/h3>\n<p>\u00a0<\/p>\n<p>Barra de sonido RGB para gaming con Bluetooth<br \/>EW3525<\/p>\n<p>Perilla de volumen con encendido \/ apagado<br \/>Control t\u00e1ctil de luz LED encendido \/ apagado<br \/>Compacto para reproducir m\u00fasica en su PC \/ computadora port\u00e1til \/ tel\u00e9fono<br \/>inteligente<br \/>4 modos de luz RGB (BAILE \/ RITMO \/ RESPIRACI\u00d3N \/ 3 modos FIX)<br \/>Conexi\u00f3n Bluetooth<br \/>Details<\/p>\n<p>La barra de sonido est\u00e9reo EW3524 de EWENT con 12W de potencia m\u00e1xima, se<br \/>ha dise\u00f1ado para llegar a todo el p\u00fablico gamer y a todos aquellos usuarios que<br \/>desean disfrutar del mejor sonido sin necesitar un gran espacio. Su dise\u00f1o de<br \/>formato reducido, su accesibilidad en todo momento y su variedad de<br \/>combinaciones de luces de colores garantizan una experiencia gaming<br \/>inimaginable.<\/p>\n<p>La conexi\u00f3n Bluetooth de la barra de sonido EWENT EW3525 y su conexi\u00f3n de<br \/>sonido mediante cable, permiten tambi\u00e9n pr\u00e1cticamente conectar casi cualquier<br \/>televisor.<br \/>Su mando volumen iluminado, permite apagar o encender el dispositivo a parte<br \/>de subir o bajar el volumen.<br \/>Los 12W de potencia m\u00e1xima junto con la gran variedad de combinaciones de<br \/>luces con control de luz t\u00e1ctil (puedes eligir entre 6 modos. Entre ellos r\u00edtmico,<br \/>respiraci\u00f3n o RGB fijo) har\u00e1 que tu experiencia de juego sea inmejorable y<br \/>disfrutes al m\u00e1ximo .<\/p>\n<p>Unicamente hay que realizar la conexi\u00f3n de su cable con conector jack de 3,5mm<br \/>a la toma de auriculares de 3,5mm del PC o port\u00e1til y el cable USB al propio<br \/>dispositivo donde se conecte el cable de sonido o una toma exterena USB de 5V<br \/>para obtener electricidad.<br \/>La barra de sonido EWENT EW3525 cuenta con la \u00faltima tecnolog\u00eda Bluetooth que<br \/>permirir\u00e1 conectarla a su fuente de sonido Bluetooth y disgfrutar de su m\u00fasica<br \/>preferida almacenada en su dispositivo. Su vers\u00e1til tama\u00f1o la hace<br \/>imprescindible para acompa\u00f1arle durante sus viajes y de esta forma seguir<br \/>disfrutando de su m\u00fasica en cualquier lugar. La conexi\u00f3n Bluetooth y su conexi\u00f3n<br \/>de sonido mediante cable, permiten tambi\u00e9n pr\u00e1cticamente conectar casi<br \/>cualquier televisor.<br \/>Su mando volumen iluminado, permite apagar o encender el dispositivo a parte<br \/>de subir o bajar el volumen.<br \/>Datos t\u00e9cnicos<\/p>\n<p>Modelo: EW3525<br \/>Tama\u00f1o del altavoz: 2 pulgadas x 2<br \/>Potencia de salida por canal (R.M.S): 2 x 3W<br \/>Respuesta de frecuencia: 150Hz-20 KHz<br \/>Sensibilidad: 750 mV \u00b1 50 mV<br \/>SNR: 65dB<br \/>Impedancia nominal: 4 x 2<br \/>Voltaje de suministro: USB 5.0V \/ 1A<br \/>Interfaz de entrada: conector de audio de 3,5 mm y Bluetooth<br \/>Botones y controles en el dispositivo: Control de volumen<br \/>Material: carcasa de pl\u00e1stico + rejilla met\u00e1lica<br \/>Tama\u00f1o de la unidad: 400 x 75 x 67 mm<br \/>Peso: 700 g<br \/>Color: negro<\/p>\n<p>EAN:<br \/>8052101430226<\/p>\n<p>\u00a0<\/p>\n","protected":false},"excerpt":{"rendered":"<p>Barra de sonido gaming ewent ew3525 rgb bluetooth<\/p>\n","protected":false},"featured_media":235313,"comment_status":"closed","ping_status":"open","template":"","meta":{"_et_pb_use_builder":"","_et_pb_old_content":"","_et_gb_content_width":""},"product_brand":[2990],"product_cat":[2799,2826,2058],"product_tag":[2803,3117,2828,2068,2991],"class_list":{"0":"post-235312","1":"product","2":"type-product","3":"status-publish","4":"has-post-thumbnail","6":"product_brand-ewent","7":"product_cat-altavoces-mp3-y-auriculares","8":"product_cat-barras-de-sonido","9":"product_cat-dispositivos","10":"product_tag-altavoces-mp3-y-auriculares","11":"product_tag-barra-sonido-gaming-ewent-ew3525-rgb","12":"product_tag-barras-de-sonido","13":"product_tag-dispositivos","14":"product_tag-ewent","15":"product_shipping_class-2059","16":"pa_canon-digital-incluida-0-e-incluidos","18":"first","19":"instock","20":"taxable","21":"shipping-taxable","22":"purchasable","23":"product-type-simple"},"_links":{"self":[{"href":"https:\/\/linkxa.es\/linkshop\/wp-json\/wp\/v2\/product\/235312","targetHints":{"allow":["GET"]}}],"collection":[{"href":"https:\/\/linkxa.es\/linkshop\/wp-json\/wp\/v2\/product"}],"about":[{"href":"https:\/\/linkxa.es\/linkshop\/wp-json\/wp\/v2\/types\/product"}],"replies":[{"embeddable":true,"href":"https:\/\/linkxa.es\/linkshop\/wp-json\/wp\/v2\/comments?post=235312"}],"wp:featuredmedia":[{"embeddable":true,"href":"https:\/\/linkxa.es\/linkshop\/wp-json\/wp\/v2\/media\/235313"}],"wp:attachment":[{"href":"https:\/\/linkxa.es\/linkshop\/wp-json\/wp\/v2\/media?parent=235312"}],"wp:term":[{"taxonomy":"product_brand","embeddable":true,"href":"https:\/\/linkxa.es\/linkshop\/wp-json\/wp\/v2\/product_brand?post=235312"},{"taxonomy":"product_cat","embeddable":true,"href":"https:\/\/linkxa.es\/linkshop\/wp-json\/wp\/v2\/product_cat?post=235312"},{"taxonomy":"product_tag","embeddable":true,"href":"https:\/\/linkxa.es\/linkshop\/wp-json\/wp\/v2\/product_tag?post=235312"}],"curies":[{"name":"wp","href":"https:\/\/api.w.org\/{rel}","templated":true}]}}