{"id":235338,"date":"2024-12-28T01:59:02","date_gmt":"2024-12-28T01:59:02","guid":{"rendered":"https:\/\/linkxa.es\/contratacion\/producto\/barra-sonido-inalambrica-coolbox-band-bs23\/"},"modified":"2025-08-02T10:38:32","modified_gmt":"2025-08-02T10:38:32","slug":"barra-sonido-inalambrica-coolbox-band-bs23","status":"publish","type":"product","link":"https:\/\/linkxa.es\/linkshop\/producto\/barra-sonido-inalambrica-coolbox-band-bs23\/","title":{"rendered":"Barra sonido inalambrica coolbox band bs23"},"content":{"rendered":"<h3 style=\"text-align: center;\"><strong>Coolbox\u00a0 |\u00a0 Barras de sonido<\/strong><\/h3>\n<p>\u00a0<\/p>\n<p>La barra de sonido BS23 es tu compa\u00f1era ideal para disfrutar al m\u00e1ximo de tus pel\u00edculas, series o m\u00fasica en tu hogar. Con dos controladores de 57 mm cada uno, te proporcionar\u00e1 un audio claro y definido, y el<br \/>alcance inal\u00e1mbrico de hasta 10 metros y la conexi\u00f3n auxiliar cableada permite adaptar su colocaci\u00f3n seg\u00fan las necesidades de cada usuario.<\/p>\n<p>Bluetooth: 5.3<br \/>Alcance: 10m<br \/>Potencia: 10W RMS x 2<br \/>Frecuencia: 100Hz ~ 20kHz<br \/>Relaci\u00f3n se\u00f1al\/ruido: 80dB<br \/>Driver (di\u00e1metro): 57 mm x 2<br \/>Alimentaci\u00f3n: DC5V (conexi\u00f3n USB-C)<br \/>Bater\u00eda: interna, no extra\u00edble, 2400mAh<br \/>Tiempo de carga: 2,5 horas<br \/>Dimensiones: 406 x 70 x 73 mm<br \/>Peso: 780 gramos<\/p>\n<p>CONEXIONES<br \/>USB-C (carga)<br \/>Entrada AUX<\/p>\n<p>CONTROLES<br \/>Play\/Pausa<br \/>Volumen + (Avance pista) y Volumen (Pista anterior)<br \/>Encendido<br \/>Selector de modo de sonido<\/p>\n<p>\u00a0<\/p>\n","protected":false},"excerpt":{"rendered":"<p>Barra de sonido inalambrica coolbox band bs23<\/p>\n","protected":false},"featured_media":235339,"comment_status":"closed","ping_status":"open","template":"","meta":{"_et_pb_use_builder":"","_et_pb_old_content":"","_et_gb_content_width":""},"product_brand":[3119],"product_cat":[2799,2826,2058],"product_tag":[2803,3126,2828,3120,2068],"class_list":{"0":"post-235338","1":"product","2":"type-product","3":"status-publish","4":"has-post-thumbnail","6":"product_brand-coolbox","7":"product_cat-altavoces-mp3-y-auriculares","8":"product_cat-barras-de-sonido","9":"product_cat-dispositivos","10":"product_tag-altavoces-mp3-y-auriculares","11":"product_tag-barra-sonido-inalambrica-coolbox-band-bs23","12":"product_tag-barras-de-sonido","13":"product_tag-coolbox","14":"product_tag-dispositivos","15":"product_shipping_class-2059","16":"pa_canon-digital-incluida-0-e-incluidos","18":"first","19":"instock","20":"taxable","21":"shipping-taxable","22":"purchasable","23":"product-type-simple"},"_links":{"self":[{"href":"https:\/\/linkxa.es\/linkshop\/wp-json\/wp\/v2\/product\/235338","targetHints":{"allow":["GET"]}}],"collection":[{"href":"https:\/\/linkxa.es\/linkshop\/wp-json\/wp\/v2\/product"}],"about":[{"href":"https:\/\/linkxa.es\/linkshop\/wp-json\/wp\/v2\/types\/product"}],"replies":[{"embeddable":true,"href":"https:\/\/linkxa.es\/linkshop\/wp-json\/wp\/v2\/comments?post=235338"}],"wp:featuredmedia":[{"embeddable":true,"href":"https:\/\/linkxa.es\/linkshop\/wp-json\/wp\/v2\/media\/235339"}],"wp:attachment":[{"href":"https:\/\/linkxa.es\/linkshop\/wp-json\/wp\/v2\/media?parent=235338"}],"wp:term":[{"taxonomy":"product_brand","embeddable":true,"href":"https:\/\/linkxa.es\/linkshop\/wp-json\/wp\/v2\/product_brand?post=235338"},{"taxonomy":"product_cat","embeddable":true,"href":"https:\/\/linkxa.es\/linkshop\/wp-json\/wp\/v2\/product_cat?post=235338"},{"taxonomy":"product_tag","embeddable":true,"href":"https:\/\/linkxa.es\/linkshop\/wp-json\/wp\/v2\/product_tag?post=235338"}],"curies":[{"name":"wp","href":"https:\/\/api.w.org\/{rel}","templated":true}]}}