{"id":235343,"date":"2025-06-08T20:15:43","date_gmt":"2025-06-08T20:15:43","guid":{"rendered":"https:\/\/linkxa.es\/contratacion\/producto\/auriculares-logitech-h570e-con-microfono-headset\/"},"modified":"2025-08-02T11:42:10","modified_gmt":"2025-08-02T11:42:10","slug":"auriculares-logitech-h570e-con-microfono-headset","status":"publish","type":"product","link":"https:\/\/linkxa.es\/linkshop\/producto\/auriculares-logitech-h570e-con-microfono-headset\/","title":{"rendered":"Auriculares logitech h570e con microfono headset"},"content":{"rendered":"<h3 style=\"text-align: center;\"><strong>Logitech\u00a0 |\u00a0 Auriculares<\/strong><\/h3>\n<p>\u00a0<\/p>\n<p>Logitech H570e Headset<\/p>\n<p>Comodidad, asequibilidad y duraci\u00f3n<\/p>\n<p>Resistencia y ligereza para comodidad duradera<br \/>Controles integrados f\u00e1ciles de encontrar<br \/>Audio claro a un precio excelente<\/p>\n<p>CLARIDAD Y COMODIDAD ASEQUIBLES<\/p>\n<p>Para quienes se ganan la vida al tel\u00e9fono, unos c\u00f3modos auriculares con<br \/>micr\u00f3fono ayudan a que cada llamada resulte m\u00e1s productiva. Elegante y<br \/>duradero, Logitech H570e Headset ofrece comodidad d\u00eda tras d\u00eda. Y adem\u00e1s<br \/>es f\u00e1cil de usar: Basta con conectarlo al PC o Mac con el cable USB.<br \/>H570e incluye funciones premium de supresi\u00f3n de ruido para ofrecer<br \/>sonido nitid\u00edsimo a un precio asequible.<br \/>Caracter\u00edsticas principales<br \/>MUY BUEN PRECIO PARA MUY BUENAS FUNCIONES<\/p>\n<p>Logitech H570e Headset ofrece funciones premium a un precio asequible.<br \/>La cancelaci\u00f3n de eco ac\u00fastico, un micr\u00f3fono con supresi\u00f3n de ruido y el<br \/>procesamiento de se\u00f1ales digitales (DSP) bloquean el ruido no deseado<br \/>para disfrutar de conversaciones n\u00edtidas con estupenda calidad de sonido.<br \/>Elija H570e Mono o H570e Stereo para tener uno o dos altavoces.<br \/>COMODIDAD Y DURACI\u00d3N<\/p>\n<p>La gente de negocios que se pasa horas al tel\u00e9fono disfrutar\u00e1 de la<br \/>comodidad de estos auriculares con micr\u00f3fono. El dise\u00f1o elegante y ligero,<br \/>junto con los materiales duraderos permiten llevar H570e todo el d\u00eda. Las<br \/>almohadillas de piel sint\u00e9tica, m\u00e1s la diadema acolchada con refuerzo<br \/>met\u00e1lico proporcionan resistencia y flexibilidad, con un ajuste perfecto.<br \/>DISE\u00d1O PARA LOS NEGOCIOS<\/p>\n<p>Las certificaciones con los principales programas de software garantizan<br \/>una experiencia integrada con aplicaciones como Skype for Business y<br \/>Cisco Jabber. Un cable plano sin enredos se conecta al puerto USB en un<br \/>Mac o PC con toda la simplicidad de Plug and Play.<br \/>Funciones adicionales<br \/>DIADEMA ACOLCHADA REFORZADA<\/p>\n<p>La duradera diadema acolchada es ajustable para que pueda usarse todo el<br \/>d\u00eda c\u00f3modamente, y est\u00e1 reforzada con metal para una mayor resistencia y<br \/>flexibilidad que hacen que ajuste a la perfecci\u00f3n.<br \/>CANCELACI\u00d3N DE ECO Y SUPRESI\u00d3N DE RUIDO<\/p>\n<p>Con cancelaci\u00f3n de eco y micr\u00f3fono con supresi\u00f3n de ruido, H570e se ha<br \/>optimizado para o\u00edr y que le oigan incluso en los entornos m\u00e1s ruidosos.<br \/>CONTROLES INTEGRADOS INTUITIVOS<\/p>\n<p>Controle la llamada mediante los botones de respuesta\/finalizaci\u00f3n,<br \/>volumen y silencio. Un cable plano y flexible resiste enredos.<br \/>OPTIMIZACI\u00d3N PARA VOZ Y M\u00daSICA<\/p>\n<p>Un ecualizador din\u00e1mico cambia autom\u00e1ticamente de modo de m\u00fasica a<br \/>modo de voz, con la mejor calidad de sonido posible en cada caso.<br \/>AUDICI\u00d3N SEGURA<\/p>\n<p>Logitech Sound Protection protege contra sonidos superiores a 115 dBA,<br \/>para escuchar m\u00fasica y voz con total comodidad, conforme a EN60950-1.<\/p>\n<p>Dimensiones<br \/>Altura x Anchura x Profundidad:<br \/>172 mm x 165 mm x 50 mm<br \/>Peso: 111 g (est\u00e9reo)<br \/>Peso: 85 g (mono)<br \/>Requisitos del sistema<br \/>Windows 7 o posterior<br \/>macOS 10.7 o posterior<br \/>Linux<br \/>Un puerto USB 2.0<br \/>Compatibilidad con aplicaciones<br \/>Certificaci\u00f3n para Skype for Business y compatibilidad con los<br \/>principales servicios como Zoom, BlueJeans, Google Hangouts Pro, Cisco y<br \/>muchos m\u00e1s.<br \/>Especificaciones<br \/>Micr\u00f3fono (Tx)<br \/>Tipo: ECM direccional<br \/>Respuesta de frecuencia: 100 Hz &#8211; 18 kHz<br \/>Sensibilidad: -47 dB +\/- 3 dB<br \/>Distorsi\u00f3n: &#038;lt, 2% a 1 kHz, 94 dB SPL<br \/>Tensi\u00f3n de servicio: 1,4 &#8211; 5,0 V (CC)<br \/>Altavoces (Rx)<br \/>Respuesta de frecuencia: 31,5 Hz &#8211; 20 kHz (campo difuso)<br \/>Sensibilidad: 94 dB 3 dB a 1 kHz, 0,01 m, 0,01 W<br \/>Distorsi\u00f3n: &#038;lt, 5% a 1 kHz, 10 mW, 1 kHz<br \/>Compatible con EN60950-1<br \/>Contenido de la caja<\/p>\n<p>Logitech H570e Headset<br \/>Gu\u00eda de inicio r\u00e1pido y tarjeta de garant\u00eda<br \/>Informaci\u00f3n de garant\u00eda<\/p>\n<p>Dos a\u00f1os de garant\u00eda de hardware limitada<br \/>N\u00famero de referencia<br \/>Mono<\/p>\n<p>N\u00ba de referencia: 981-000571<\/p>\n<p>\u00a0<\/p>\n","protected":false},"excerpt":{"rendered":"<p>Auriculares logitech h570e con microfono  headset mono<\/p>\n","protected":false},"featured_media":235344,"comment_status":"closed","ping_status":"open","template":"","meta":{"_et_pb_use_builder":"","_et_pb_old_content":"","_et_gb_content_width":""},"product_brand":[2798],"product_cat":[2799,2800,2058],"product_tag":[2803,2804,3127,2068,2801],"class_list":{"0":"post-235343","1":"product","2":"type-product","3":"status-publish","4":"has-post-thumbnail","6":"product_brand-logitech","7":"product_cat-altavoces-mp3-y-auriculares","8":"product_cat-auriculares","9":"product_cat-dispositivos","10":"product_tag-altavoces-mp3-y-auriculares","11":"product_tag-auriculares","12":"product_tag-auriculares-logitech-h570e-con-microfono-headset","13":"product_tag-dispositivos","14":"product_tag-logitech","15":"product_shipping_class-2059","16":"pa_canon-digital-incluida-0-e-incluidos","18":"first","19":"instock","20":"taxable","21":"shipping-taxable","22":"purchasable","23":"product-type-simple"},"_links":{"self":[{"href":"https:\/\/linkxa.es\/linkshop\/wp-json\/wp\/v2\/product\/235343","targetHints":{"allow":["GET"]}}],"collection":[{"href":"https:\/\/linkxa.es\/linkshop\/wp-json\/wp\/v2\/product"}],"about":[{"href":"https:\/\/linkxa.es\/linkshop\/wp-json\/wp\/v2\/types\/product"}],"replies":[{"embeddable":true,"href":"https:\/\/linkxa.es\/linkshop\/wp-json\/wp\/v2\/comments?post=235343"}],"wp:featuredmedia":[{"embeddable":true,"href":"https:\/\/linkxa.es\/linkshop\/wp-json\/wp\/v2\/media\/235344"}],"wp:attachment":[{"href":"https:\/\/linkxa.es\/linkshop\/wp-json\/wp\/v2\/media?parent=235343"}],"wp:term":[{"taxonomy":"product_brand","embeddable":true,"href":"https:\/\/linkxa.es\/linkshop\/wp-json\/wp\/v2\/product_brand?post=235343"},{"taxonomy":"product_cat","embeddable":true,"href":"https:\/\/linkxa.es\/linkshop\/wp-json\/wp\/v2\/product_cat?post=235343"},{"taxonomy":"product_tag","embeddable":true,"href":"https:\/\/linkxa.es\/linkshop\/wp-json\/wp\/v2\/product_tag?post=235343"}],"curies":[{"name":"wp","href":"https:\/\/api.w.org\/{rel}","templated":true}]}}