{"id":235376,"date":"2024-12-07T19:22:42","date_gmt":"2024-12-07T19:22:42","guid":{"rendered":"https:\/\/linkxa.es\/contratacion\/producto\/auriculares-micro-energy-sistem-style-2\/"},"modified":"2025-08-02T11:42:39","modified_gmt":"2025-08-02T11:42:39","slug":"auriculares-micro-energy-sistem-style-2","status":"publish","type":"product","link":"https:\/\/linkxa.es\/linkshop\/producto\/auriculares-micro-energy-sistem-style-2\/","title":{"rendered":"Auriculares micro energy sistem style 2+"},"content":{"rendered":"<h3 style=\"text-align: center;\"><strong>Energy sistem\u00a0 |\u00a0 Auriculares<\/strong><\/h3>\n<p>\u00a0<\/p>\n<p>Auriculares de bot\u00f3n con 2 tipos de almohadillas, micr\u00f3fono incorporado para responder a tus llamadas y bot\u00f3n multifunci\u00f3n para controlar la reproducci\u00f3n. Descubre un auricular lleno de color y estilo<br \/>para tu d\u00eda a d\u00eda.<\/p>\n<p>\u00a0<\/p>\n<p>Con un solo clic<\/p>\n<p>Olv\u00eddate de sacar tu smartphone del bolsillo. Responde a tus llamadas y controla la reproducci\u00f3n de tu m\u00fasica gracias al micr\u00f3fono y al bot\u00f3n multifunci\u00f3n integrado.<\/p>\n<p>\u00a0<\/p>\n<p>1 auricular, 2 formas de llevarlo<\/p>\n<p>Un dise\u00f1o de bot\u00f3n muy innovador que te ofrece la ergonom\u00eda y sujeci\u00f3n que necesitas. Elige entre las diferentes almohadillas que incluye el producto y consigue la mejor experiencia de sonido del<br \/>auricular.<\/p>\n<p>\u00a0<\/p>\n<p>Potencia las notas m\u00e1s graves<\/p>\n<p>La tecnolog\u00eda Deep Bass te permite disfrutar de graves m\u00e1s potentes y n\u00edtidos para que vibres con tus canciones y no te pierdas ni un matiz de tu m\u00fasica.<\/p>\n<p>ESPECIFICACIONES<\/p>\n<p>General<br \/>Marca: ENERGY SISTEM<br \/>Garant\u00eda: 2<br \/>Part Number: 447183<br \/>Categor\u00edas: SONIDO<br \/>Reacondicionado: No<br \/>Reposici\u00f3n &#8211; Etiqueta: No<br \/>Peso Volumetrico 0.05 Kg.<br \/>Detalles t\u00e9cnicos<br \/>Tipolog\u00eda Imagen Sonido: Auriculares<br \/>Marca compatible: Universal<br \/>Tipo de auricular: Dentro de o\u00eddo<br \/>Conectividad<br \/>Interfaz: 3.5 mm<br \/>Conectividad del dispositivo: Al\u00e1mbrico<br \/>Conector: 3.5 mm<br \/>Peso y dimensiones<br \/>Peso: 12 g<br \/>Auriculares<br \/>Tipolog\u00eda Auriculares: Bot\u00f3n, Micr\u00f3fono Incluido<br \/>Auriculares: 3.5 mm<br \/>Estilo de uso: Dentro de o\u00eddo<br \/>Frecuencia de auricular: 20 &#8211; 20000 Hz<br \/>Potencia m\u00e1xima de entrada: 3 mW<br \/>Impedancia: 32<br \/>Tipo de controlador: Din\u00e1mico<br \/>Ports &#038; interfaces<br \/>Conectividad: Al\u00e1mbrico<br \/>Auriculares<br \/>Audifonos: Intraaural<br \/>Micr\u00f3fono<br \/>Micr\u00f3fono incluido: Si<br \/>Sensibilidad de micr\u00f3fono: -40 dB<\/p>\n<p>\u00a0<\/p>\n","protected":false},"excerpt":{"rendered":"<p>Auriculares micro energy sistem style 2+ vainilla in &#8211; ear &#8211; deep bass &#8211; micro &#8211; control talk<\/p>\n","protected":false},"featured_media":235377,"comment_status":"closed","ping_status":"open","template":"","meta":{"_et_pb_use_builder":"","_et_pb_old_content":"","_et_gb_content_width":""},"product_brand":[2879],"product_cat":[2799,2800,2058],"product_tag":[2803,2804,3128,2068,2880],"class_list":{"0":"post-235376","1":"product","2":"type-product","3":"status-publish","4":"has-post-thumbnail","6":"product_brand-energy-sistem","7":"product_cat-altavoces-mp3-y-auriculares","8":"product_cat-auriculares","9":"product_cat-dispositivos","10":"product_tag-altavoces-mp3-y-auriculares","11":"product_tag-auriculares","12":"product_tag-auriculares-micro-energy-sistem-style-2","13":"product_tag-dispositivos","14":"product_tag-energy-sistem","15":"product_shipping_class-2059","16":"pa_canon-digital-incluida-0-e-incluidos","18":"first","19":"instock","20":"taxable","21":"shipping-taxable","22":"purchasable","23":"product-type-simple"},"_links":{"self":[{"href":"https:\/\/linkxa.es\/linkshop\/wp-json\/wp\/v2\/product\/235376","targetHints":{"allow":["GET"]}}],"collection":[{"href":"https:\/\/linkxa.es\/linkshop\/wp-json\/wp\/v2\/product"}],"about":[{"href":"https:\/\/linkxa.es\/linkshop\/wp-json\/wp\/v2\/types\/product"}],"replies":[{"embeddable":true,"href":"https:\/\/linkxa.es\/linkshop\/wp-json\/wp\/v2\/comments?post=235376"}],"wp:featuredmedia":[{"embeddable":true,"href":"https:\/\/linkxa.es\/linkshop\/wp-json\/wp\/v2\/media\/235377"}],"wp:attachment":[{"href":"https:\/\/linkxa.es\/linkshop\/wp-json\/wp\/v2\/media?parent=235376"}],"wp:term":[{"taxonomy":"product_brand","embeddable":true,"href":"https:\/\/linkxa.es\/linkshop\/wp-json\/wp\/v2\/product_brand?post=235376"},{"taxonomy":"product_cat","embeddable":true,"href":"https:\/\/linkxa.es\/linkshop\/wp-json\/wp\/v2\/product_cat?post=235376"},{"taxonomy":"product_tag","embeddable":true,"href":"https:\/\/linkxa.es\/linkshop\/wp-json\/wp\/v2\/product_tag?post=235376"}],"curies":[{"name":"wp","href":"https:\/\/api.w.org\/{rel}","templated":true}]}}