{"id":235395,"date":"2025-07-13T20:21:07","date_gmt":"2025-07-13T20:21:07","guid":{"rendered":"https:\/\/linkxa.es\/contratacion\/producto\/microfono-estudio-rode-nt-usb-mini-usb-c\/"},"modified":"2025-08-02T11:44:04","modified_gmt":"2025-08-02T11:44:04","slug":"microfono-estudio-rode-nt-usb-mini-usb-c","status":"publish","type":"product","link":"https:\/\/linkxa.es\/linkshop\/producto\/microfono-estudio-rode-nt-usb-mini-usb-c\/","title":{"rendered":"Microfono estudio rode nt &#8211; usb mini usb &#8211; c"},"content":{"rendered":"<h3 style=\"text-align: center;\"><strong>Rode\u00a0 |\u00a0 Micr\u00f3fonos<\/strong><\/h3>\n<p>\u00a0<\/p>\n<p>El NT-USB Mini trae la calidad de sonido impecable de los micr\u00f3fonos de estudio de clase mundial de RDE a un micr\u00f3fono USB compacto y f\u00e1cil de usar. Dise\u00f1ado para brindar audio n\u00edtido y de calidad<br \/>profesional directamente a una computadora o tableta, es el micr\u00f3fono perfecto para jugadores, podcasters, m\u00fasicos, transmisores y creadores de contenido que desean ser escuchados en definici\u00f3n<br \/>completa.<\/p>\n<p>Sonido de estudio, simplificado<\/p>\n<p>El NT-USB Mini trae la calidad de sonido impecable de los micr\u00f3fonos de estudio de renombre mundial de RDE a una plataforma USB compacta. Ha sido dise\u00f1ado espec\u00edficamente para brindar calidez<br \/>y presencia en tus grabaciones y sonar\u00e1 incre\u00edble en di\u00e1logos, voces, guitarra, cualquier cosa que le presente.<\/p>\n<p>Cuenta con un amplificador de auriculares con calidad de estudio y una salida de auriculares de 3,5 mm de alta calidad, completo con control de volumen de precisi\u00f3n, lo que le permite monitorear<br \/>f\u00e1cilmente su audio. Tambi\u00e9n hay un modo de monitoreo de latencia cero conmutable para eliminar el eco que distrae al grabar. Es incre\u00edblemente f\u00e1cil de configurar y usar, con controles simples, un filtro<br \/>pop incorporado y una salida USB compatible con la clase que funciona a la perfecci\u00f3n con ordenadores o tablets, sin necesidad de controladores ni software. Simplemente con\u00e9ctalo a tu Mac, PC o<br \/>tablet y presiona grabar.<\/p>\n<p>Tan flexible como sea necesario<\/p>\n<p>El NT-USB Mini ha sido dise\u00f1ado para ser tan flexible como t\u00fa lo necesites. Cuenta con un exclusivo soporte de escritorio magn\u00e9tico desmontable, que no solo proporciona una base s\u00f3lida en cualquier<br \/>escritorio, sino que tambi\u00e9n hace que sea incre\u00edblemente f\u00e1cil de retirar y colocar en un soporte de micr\u00f3fono o en un brazo de estudio.Esto, junto con el exclusivo soporte giratorio de 360 grados, significa<br \/>que puedes colocar el micr\u00f3fono en posici\u00f3n vertical, en \u00e1ngulo, de lado o boca abajo, en donde sea necesario para obtener la mejor grabaci\u00f3n posible.<\/p>\n<p>Ya sea que est\u00e9s transmitiendo en Twitch, grabando en tu estaci\u00f3n de trabajo de audio digital (DAW) favorita o realizando una llamada empresarial en Zoom, el NT-USB Mini se escuchar\u00e1 con total<br \/>definici\u00f3n.<\/p>\n<p>Elegante y compacto<\/p>\n<p>El NT-USB Mini es el complemento perfecto para cualquier configuraci\u00f3n de escritorio o estudio dom\u00e9stico. Con solo 89 mm de ancho y 141 mm de alto, es muy compacto y ocupa solo una fracci\u00f3n del<br \/>preciado espacio de escritorio. Tambi\u00e9n se ve fant\u00e1stico: elegante y con estilo, con l\u00edneas limpias y una est\u00e9tica moderna. La construcci\u00f3n de acero resistente y resina de nailon reforzado garantiza que el<br \/>NT-USB Mini est\u00e9 listo para asumir los rigores de la grabaci\u00f3n en cualquier lugar y en todas partes.<\/p>\n<p>ESPECIFICACIONES<\/p>\n<p>Marca: RODE<br \/>Garant\u00eda: 3<br \/>Part Number: NT-USB-MINI<br \/>Categor\u00edas: SONIDO<br \/>Reacondicionado: No<br \/>Reposici\u00f3n &#8211; Etiqueta: No<br \/>Peso Volumetrico 0.83 Kg.<br \/>Contenido del embalaje<br \/>Material incluido: USB TIPO C<br \/>Detalles t\u00e9cnicos<br \/>Tipolog\u00eda Imagen Sonido: Micr\u00f3fonos<br \/>Conectividad<br \/>Interfaz: USB 2.0<br \/>Conectividad del dispositivo: Al\u00e1mbrico<br \/>Peso y dimensiones<br \/>Altura: 142 mm<br \/>Ancho: 54.4 mm<br \/>Peso: 585 g<br \/>Audio<br \/>THD, distorsi\u00f3n arm\u00f3nica total: 1%<br \/>Micr\u00f3fono<br \/>Micr\u00f3fono: USB<br \/>Tipo: Cardioide<\/p>\n<p>\u00a0<\/p>\n","protected":false},"excerpt":{"rendered":"<p>Microfono estudio rode nt &#8211; usb mini usb &#8211; c &#8211; 121db &#8211; 20hz &#8211; jack 3.5mm &#8211; base incluida &#8211; negro<\/p>\n","protected":false},"featured_media":235396,"comment_status":"closed","ping_status":"open","template":"","meta":{"_et_pb_use_builder":"","_et_pb_old_content":"","_et_gb_content_width":""},"product_brand":[3042],"product_cat":[2799,2058,2831],"product_tag":[2803,2068,3131,2833,3043],"class_list":{"0":"post-235395","1":"product","2":"type-product","3":"status-publish","4":"has-post-thumbnail","6":"product_brand-rode","7":"product_cat-altavoces-mp3-y-auriculares","8":"product_cat-dispositivos","9":"product_cat-microfonos","10":"product_tag-altavoces-mp3-y-auriculares","11":"product_tag-dispositivos","12":"product_tag-microfono-estudio-rode-nt-usb-mini-usb-c","13":"product_tag-microfonos","14":"product_tag-rode","15":"product_shipping_class-2059","16":"pa_canon-digital-incluida-0-e-incluidos","18":"first","19":"instock","20":"taxable","21":"shipping-taxable","22":"purchasable","23":"product-type-simple"},"_links":{"self":[{"href":"https:\/\/linkxa.es\/linkshop\/wp-json\/wp\/v2\/product\/235395","targetHints":{"allow":["GET"]}}],"collection":[{"href":"https:\/\/linkxa.es\/linkshop\/wp-json\/wp\/v2\/product"}],"about":[{"href":"https:\/\/linkxa.es\/linkshop\/wp-json\/wp\/v2\/types\/product"}],"replies":[{"embeddable":true,"href":"https:\/\/linkxa.es\/linkshop\/wp-json\/wp\/v2\/comments?post=235395"}],"wp:featuredmedia":[{"embeddable":true,"href":"https:\/\/linkxa.es\/linkshop\/wp-json\/wp\/v2\/media\/235396"}],"wp:attachment":[{"href":"https:\/\/linkxa.es\/linkshop\/wp-json\/wp\/v2\/media?parent=235395"}],"wp:term":[{"taxonomy":"product_brand","embeddable":true,"href":"https:\/\/linkxa.es\/linkshop\/wp-json\/wp\/v2\/product_brand?post=235395"},{"taxonomy":"product_cat","embeddable":true,"href":"https:\/\/linkxa.es\/linkshop\/wp-json\/wp\/v2\/product_cat?post=235395"},{"taxonomy":"product_tag","embeddable":true,"href":"https:\/\/linkxa.es\/linkshop\/wp-json\/wp\/v2\/product_tag?post=235395"}],"curies":[{"name":"wp","href":"https:\/\/api.w.org\/{rel}","templated":true}]}}