{"id":235404,"date":"2025-04-14T07:05:34","date_gmt":"2025-04-14T07:05:34","guid":{"rendered":"https:\/\/linkxa.es\/contratacion\/producto\/microfono-philips-sbcmd110\/"},"modified":"2025-08-02T11:44:53","modified_gmt":"2025-08-02T11:44:53","slug":"microfono-philips-sbcmd110","status":"publish","type":"product","link":"https:\/\/linkxa.es\/linkshop\/producto\/microfono-philips-sbcmd110\/","title":{"rendered":"Microfono philips sbcmd110"},"content":{"rendered":"<h3 style=\"text-align: center;\"><strong>Philips\u00a0 |\u00a0 Micr\u00f3fonos<\/strong><\/h3>\n<p>\u00a0<\/p>\n<p>Este micr\u00f3fono duradero con guardavientos integrado puede dar viveza a cualquier sesi\u00f3n de karaoke.<\/p>\n<p>Philips Micr\u00f3fono con cable SBCMD110\/00. Tipo: Micr\u00f3fono de estudio, Sensibilidad de micr\u00f3fono: -80 dB, Frecuencia de micr\u00f3fono: 100 &#8211; 10000 Hz. Tecnolog\u00eda de conectividad: Al\u00e1mbrico. Color del producto: Negro,<br \/>Longitud de cable: 1,5 m. Ancho: 65 mm, Profundidad: 60 mm, Altura: 240 mm. Conector: 3.5 &#8211; 6.3mm mono<br \/>Micr\u00f3fono<br \/>Tipo Micr\u00f3fono de estudio<br \/>Sensibilidad de micr\u00f3fono -80 dB<br \/>Frecuencia de micr\u00f3fono 100 &#8211; 10000 Hz<br \/>Micr\u00f3fono, impedancia de salida 600<br \/>Tipo de direcci\u00f3n de micr\u00f3fono Omnidireccional<br \/>Puertos e Interfaces<br \/>Tecnolog\u00eda de conectividad Al\u00e1mbrico<br \/>Desempe\u00f1o<br \/>Color del producto Negro<br \/>Longitud de cable 1,5 m<br \/>Peso y dimensiones<br \/>Ancho 65 mm<br \/>Profundidad 60 mm<br \/>Altura 240 mm<\/p>\n<p>\u00a0<\/p>\n","protected":false},"excerpt":{"rendered":"<p>Microfono philips sbcmd110<\/p>\n","protected":false},"featured_media":235405,"comment_status":"closed","ping_status":"open","template":"","meta":{"_et_pb_use_builder":"","_et_pb_old_content":"","_et_gb_content_width":""},"product_brand":[2731],"product_cat":[2799,2058,2831],"product_tag":[2803,2068,3133,2833,2732],"class_list":{"0":"post-235404","1":"product","2":"type-product","3":"status-publish","4":"has-post-thumbnail","6":"product_brand-philips","7":"product_cat-altavoces-mp3-y-auriculares","8":"product_cat-dispositivos","9":"product_cat-microfonos","10":"product_tag-altavoces-mp3-y-auriculares","11":"product_tag-dispositivos","12":"product_tag-microfono-philips-sbcmd110","13":"product_tag-microfonos","14":"product_tag-philips","15":"product_shipping_class-2059","16":"pa_canon-digital-incluida-0-e-incluidos","18":"first","19":"instock","20":"taxable","21":"shipping-taxable","22":"purchasable","23":"product-type-simple"},"_links":{"self":[{"href":"https:\/\/linkxa.es\/linkshop\/wp-json\/wp\/v2\/product\/235404","targetHints":{"allow":["GET"]}}],"collection":[{"href":"https:\/\/linkxa.es\/linkshop\/wp-json\/wp\/v2\/product"}],"about":[{"href":"https:\/\/linkxa.es\/linkshop\/wp-json\/wp\/v2\/types\/product"}],"replies":[{"embeddable":true,"href":"https:\/\/linkxa.es\/linkshop\/wp-json\/wp\/v2\/comments?post=235404"}],"wp:featuredmedia":[{"embeddable":true,"href":"https:\/\/linkxa.es\/linkshop\/wp-json\/wp\/v2\/media\/235405"}],"wp:attachment":[{"href":"https:\/\/linkxa.es\/linkshop\/wp-json\/wp\/v2\/media?parent=235404"}],"wp:term":[{"taxonomy":"product_brand","embeddable":true,"href":"https:\/\/linkxa.es\/linkshop\/wp-json\/wp\/v2\/product_brand?post=235404"},{"taxonomy":"product_cat","embeddable":true,"href":"https:\/\/linkxa.es\/linkshop\/wp-json\/wp\/v2\/product_cat?post=235404"},{"taxonomy":"product_tag","embeddable":true,"href":"https:\/\/linkxa.es\/linkshop\/wp-json\/wp\/v2\/product_tag?post=235404"}],"curies":[{"name":"wp","href":"https:\/\/api.w.org\/{rel}","templated":true}]}}