{"id":235416,"date":"2025-01-27T11:25:37","date_gmt":"2025-01-27T11:25:37","guid":{"rendered":"https:\/\/linkxa.es\/contratacion\/producto\/auricular-ewent-ew3568-con-microfono\/"},"modified":"2025-08-02T11:46:43","modified_gmt":"2025-08-02T11:46:43","slug":"auricular-ewent-ew3568-con-microfono","status":"publish","type":"product","link":"https:\/\/linkxa.es\/linkshop\/producto\/auricular-ewent-ew3568-con-microfono\/","title":{"rendered":"Auricular ewent ew3568 con microfono"},"content":{"rendered":"<h3 style=\"text-align: center;\"><strong>Ewent\u00a0 |\u00a0 Auriculares<\/strong><\/h3>\n<p>\u00a0<\/p>\n<p>Auriculares USB con micr\u00f3fono<br \/>EW3568<br \/>Auricular est\u00e9reo v\u00e1lido para realizar llamadas a trav\u00e9s de Internet<\/p>\n<p>Conexi\u00f3n USB con control remoto en l\u00ednea con control de volumen e interruptor<br \/>de silencio para micr\u00f3fono y auriculares<br \/>Plug &#038; Play, no necesita driver<br \/>Dise\u00f1o c\u00f3modo con diadema ajustable<br \/>Micr\u00f3fono flexible y ajustable<br \/>Cable extra largo de 2,1 metros<br \/>Ideal para charlar y escuchar m\u00fasica.<br \/>Details<\/p>\n<p>Los programas como Skype le permiten realizar llamada de tel\u00e9fono de forma<br \/>gratuita con otros usuarios de Skype a trav\u00e9s de Internet. Con Skype usted<br \/>tambi\u00e9n podr\u00e1 realizar llamadas a muy bajo coste a tel\u00e9fonos fijos o m\u00f3viles. Con<br \/>el auricular con micr\u00f3fono de Ewent usted podr\u00e1 mantener conversiones con una<br \/>alta calidad de sonido y de forma muy confortable. Tambi\u00e9n podr\u00e1 conectar su<br \/>micr\u00f3fono a la tarjeta de sonido de su ordenador o utilizarlo con otros<br \/>programas de chat.\u00a1Nota! La calidad de la conversaci\u00f3n a trav\u00e9s de Internet<br \/>depender\u00e1 de la velocidad de conexi\u00f3n de su l\u00ednea de Internet. Cuando usted<br \/>realice llamadas a un tel\u00e9fono fijo o m\u00f3vil, estas llamadas se le aplican un coste.<br \/>Technical data<\/p>\n<p>Sound: Stereo<br \/>Speaker: 30 mm<br \/>Impedance: 32 ohms<br \/>Sensitivity speaker: 105dB<br \/>Frequency speaker: 20 &#8211; 20000Hz<br \/>Sensitivity microphone: -58dB<br \/>Frequency microphone: 50 &#8211; 16000Hz<br \/>Cable length: 2.1 m<br \/>Connector: USB<\/p>\n<p>EAN:<br \/>8056045876393<\/p>\n<p>\u00a0<\/p>\n","protected":false},"excerpt":{"rendered":"<p>Auricular ewent ew3568 con microfono<\/p>\n","protected":false},"featured_media":235417,"comment_status":"closed","ping_status":"open","template":"","meta":{"_et_pb_use_builder":"","_et_pb_old_content":"","_et_gb_content_width":""},"product_brand":[2990],"product_cat":[2799,2800,2058],"product_tag":[2803,3136,2804,2068,2991],"class_list":{"0":"post-235416","1":"product","2":"type-product","3":"status-publish","4":"has-post-thumbnail","6":"product_brand-ewent","7":"product_cat-altavoces-mp3-y-auriculares","8":"product_cat-auriculares","9":"product_cat-dispositivos","10":"product_tag-altavoces-mp3-y-auriculares","11":"product_tag-auricular-ewent-ew3568-con-microfono","12":"product_tag-auriculares","13":"product_tag-dispositivos","14":"product_tag-ewent","15":"product_shipping_class-2088","16":"pa_canon-digital-incluida-0-e-incluidos","18":"first","19":"instock","20":"taxable","21":"shipping-taxable","22":"purchasable","23":"product-type-simple"},"_links":{"self":[{"href":"https:\/\/linkxa.es\/linkshop\/wp-json\/wp\/v2\/product\/235416","targetHints":{"allow":["GET"]}}],"collection":[{"href":"https:\/\/linkxa.es\/linkshop\/wp-json\/wp\/v2\/product"}],"about":[{"href":"https:\/\/linkxa.es\/linkshop\/wp-json\/wp\/v2\/types\/product"}],"replies":[{"embeddable":true,"href":"https:\/\/linkxa.es\/linkshop\/wp-json\/wp\/v2\/comments?post=235416"}],"wp:featuredmedia":[{"embeddable":true,"href":"https:\/\/linkxa.es\/linkshop\/wp-json\/wp\/v2\/media\/235417"}],"wp:attachment":[{"href":"https:\/\/linkxa.es\/linkshop\/wp-json\/wp\/v2\/media?parent=235416"}],"wp:term":[{"taxonomy":"product_brand","embeddable":true,"href":"https:\/\/linkxa.es\/linkshop\/wp-json\/wp\/v2\/product_brand?post=235416"},{"taxonomy":"product_cat","embeddable":true,"href":"https:\/\/linkxa.es\/linkshop\/wp-json\/wp\/v2\/product_cat?post=235416"},{"taxonomy":"product_tag","embeddable":true,"href":"https:\/\/linkxa.es\/linkshop\/wp-json\/wp\/v2\/product_tag?post=235416"}],"curies":[{"name":"wp","href":"https:\/\/api.w.org\/{rel}","templated":true}]}}