{"id":235421,"date":"2025-06-21T03:27:27","date_gmt":"2025-06-21T03:27:27","guid":{"rendered":"https:\/\/linkxa.es\/contratacion\/producto\/auriculares-inalambricos-jbl-tune-570bt-color\/"},"modified":"2025-08-02T11:47:05","modified_gmt":"2025-08-02T11:47:05","slug":"auriculares-inalambricos-jbl-tune-570bt-color","status":"publish","type":"product","link":"https:\/\/linkxa.es\/linkshop\/producto\/auriculares-inalambricos-jbl-tune-570bt-color\/","title":{"rendered":"Auriculares inalambricos jbl tune 570bt color"},"content":{"rendered":"<h3 style=\"text-align: center;\"><strong>Jbl\u00a0 |\u00a0 Auriculares<\/strong><\/h3>\n<p>\u00a0<\/p>\n<p>Los auriculares JBL Tune 570BT te permiten disfrutar del potente sonido JBL Pure Bass sin nada que te ate. F\u00e1ciles de usar, estos auriculares te ofrecen hasta 40 horas de puro placer y 2 horas m\u00e1s de<br \/>m\u00fasica con tan solo 5 minutos de carga con el cable USB-C. Si mientras ves un v\u00eddeo en otro dispositivo entra una llamada, los auriculares JBL Tune 570BT cambian a tu m\u00f3vil sin ning\u00fan problema. Con<br \/>Bluetooth 5.0 habilitado y dise\u00f1ados para ser c\u00f3modos, los auriculares JBL Tune 570BT tambi\u00e9n te permiten conectarte a Siri o Google sin usar tu dispositivo m\u00f3vil. Disponibles en distintos colores y<br \/>plegables para un transporte sencillo, los auriculares JBL 570BT son una soluci\u00f3n f\u00e1cil para llevar la m\u00fasica a todos los aspectos de tu vida diaria<\/p>\n<p>Caracter\u00edsticas:<\/p>\n<p>Sonido JBL Pure Bass<br \/>Transmisi\u00f3n inal\u00e1mbrica por Bluetooth 5.0<br \/>Hasta 40 horas de autonom\u00eda y carga r\u00e1pida (5 min = 2 horas)<br \/>Conexi\u00f3n multipunto<br \/>Llamadas manos libres<br \/>Ligeros, c\u00f3modos y con dise\u00f1o plegable<br \/>Pregunta a Siri o al Asistente de Google<\/p>\n<p>Especificaciones:<\/p>\n<p>Tama\u00f1o del driver: tipo din\u00e1mico de 32 mm\/1,26 in<br \/>Alimentaci\u00f3n el\u00e9ctrica: 5 V, 1 A<br \/>Peso: 160 g\/0,35 lb<br \/>Tipo de bater\u00eda de los auriculares: Bater\u00eda de ion de litio (3,7 V\/450 mAh)<br \/>Tiempo de carga: 2 horas<br \/>Tiempo de reproducci\u00f3n con BT: hasta 40 h<br \/>Respuesta de frecuencia: 20 Hz &#8211; 20 kHz<br \/>Impedancia: 32 ?<br \/>Sensibilidad: 103,5 dB SPL a 1 kHz\/1 mW<br \/>SPL m\u00e1xima: 95 dB<br \/>Sensibilidad del micr\u00f3fono: -29 dBV a 1 kHz\/Pa<br \/>Versi\u00f3n de Bluetooth: 5<br \/>Versi\u00f3n del perfil Bluetooth: A2DP V1.3, AVRCP V1.6, HFP V1.7<br \/>Rango de frecuencia del transmisor Bluetooth: 2,4 GHz &#8211; 2,4835 GHz<br \/>Potencia del transmisor Bluetooth: &#038;lt,8 dBm<br \/>Modulaci\u00f3n del transmisor Bluetooth: GFSK, ?\/4 DQPSK, 8 DPSK<br \/>Temperatura m\u00e1xima de funcionamiento: 45 C<\/p>\n<p>\u00a0<\/p>\n","protected":false},"excerpt":{"rendered":"<p>Auriculares inalambricos jbl tune 570bt color negro<\/p>\n","protected":false},"featured_media":235422,"comment_status":"closed","ping_status":"open","template":"","meta":{"_et_pb_use_builder":"","_et_pb_old_content":"","_et_gb_content_width":""},"product_brand":[2970],"product_cat":[2799,2800,2058],"product_tag":[2803,2804,3137,2068,2971],"class_list":{"0":"post-235421","1":"product","2":"type-product","3":"status-publish","4":"has-post-thumbnail","6":"product_brand-jbl","7":"product_cat-altavoces-mp3-y-auriculares","8":"product_cat-auriculares","9":"product_cat-dispositivos","10":"product_tag-altavoces-mp3-y-auriculares","11":"product_tag-auriculares","12":"product_tag-auriculares-inalambricos-jbl-tune-570bt-color","13":"product_tag-dispositivos","14":"product_tag-jbl","15":"product_shipping_class-2088","16":"pa_canon-digital-incluida-0-e-incluidos","18":"first","19":"instock","20":"taxable","21":"shipping-taxable","22":"purchasable","23":"product-type-simple"},"_links":{"self":[{"href":"https:\/\/linkxa.es\/linkshop\/wp-json\/wp\/v2\/product\/235421","targetHints":{"allow":["GET"]}}],"collection":[{"href":"https:\/\/linkxa.es\/linkshop\/wp-json\/wp\/v2\/product"}],"about":[{"href":"https:\/\/linkxa.es\/linkshop\/wp-json\/wp\/v2\/types\/product"}],"replies":[{"embeddable":true,"href":"https:\/\/linkxa.es\/linkshop\/wp-json\/wp\/v2\/comments?post=235421"}],"wp:featuredmedia":[{"embeddable":true,"href":"https:\/\/linkxa.es\/linkshop\/wp-json\/wp\/v2\/media\/235422"}],"wp:attachment":[{"href":"https:\/\/linkxa.es\/linkshop\/wp-json\/wp\/v2\/media?parent=235421"}],"wp:term":[{"taxonomy":"product_brand","embeddable":true,"href":"https:\/\/linkxa.es\/linkshop\/wp-json\/wp\/v2\/product_brand?post=235421"},{"taxonomy":"product_cat","embeddable":true,"href":"https:\/\/linkxa.es\/linkshop\/wp-json\/wp\/v2\/product_cat?post=235421"},{"taxonomy":"product_tag","embeddable":true,"href":"https:\/\/linkxa.es\/linkshop\/wp-json\/wp\/v2\/product_tag?post=235421"}],"curies":[{"name":"wp","href":"https:\/\/api.w.org\/{rel}","templated":true}]}}