{"id":235428,"date":"2025-04-12T06:58:57","date_gmt":"2025-04-12T06:58:57","guid":{"rendered":"https:\/\/linkxa.es\/contratacion\/producto\/auriculares-hiditec-gaming-taiko-jack-3-5mm\/"},"modified":"2025-08-02T11:48:02","modified_gmt":"2025-08-02T11:48:02","slug":"auriculares-hiditec-gaming-taiko-jack-3-5mm","status":"publish","type":"product","link":"https:\/\/linkxa.es\/linkshop\/producto\/auriculares-hiditec-gaming-taiko-jack-3-5mm\/","title":{"rendered":"Auriculares hiditec gaming taiko jack 3.5mm"},"content":{"rendered":"<h3 style=\"text-align: center;\"><strong>Hiditec\u00a0 |\u00a0 Auriculares<\/strong><\/h3>\n<p>\u00a0<\/p>\n<p>DESCRIPCI\u00d3N<br \/>Intrauricular gaming Dual Driver ultraligero<br \/>Taiko es un intrauricular gaming con sistema Dual Driver ultraligero, dise\u00f1ado para<br \/>los amantes de los videojuegos, compatible con todas las plataformas.<\/p>\n<p>Sonido Dual Driver con 4 altavoces<br \/>Taiko incorpora un sistema Dual Driver de doble altavoz por canal, con un di\u00e1metro<br \/>de 14mm. Cada altavoz ecualizado digitalmente est\u00e1 reforzado con un anillo de cobre<br \/>para ofrecer un sonido de calidad: cristalino y con potentes graves.<\/p>\n<p>Este sistema Dual Driver, con 4 altavoces que integra el intrauricular gaming Taiko,<br \/>te har\u00e1 vivir los juegos en primera persona.<\/p>\n<p>Sistema de mayor sujeci\u00f3n EARFIX<br \/>El intrauricular gaming cuenta con el sistema de mayor sujeci\u00f3n EARFIX que fija el<br \/>intrauricular en la oreja ayudando a aislar el ruido exterior y a mejorar el sistema<br \/>ac\u00fastico del auricular para juegos.<\/p>\n<p>Auricular para juegos con cable reforzado<br \/>El cable del auricular para juegos Taiko est\u00e1 reforzado con una l\u00ednea interna<br \/>fabricada con TPE, resistente a tirones y a las exigencias del gamer profesional.<\/p>\n<p>El cable del intrauricular gaming tiene una longitud de 1.5 metros y un grosor de<br \/>1.8mm proporcionando resistencia y durabilidad.<\/p>\n<p>Intrauricular gaming con doble micr\u00f3fono<br \/>El intrauricular gaming cuenta con doble micr\u00f3fono, un micr\u00f3fono gaming extra\u00edble,<br \/>el cual podr\u00e1s quitar cuando quieras utilizar los intrauriculares para escuchar<br \/>m\u00fasica o para hacer deporte.<\/p>\n<p>El otro micr\u00f3fono, est\u00e1 integrado en la botonera, que se activa o desactiva al<br \/>concetar o desconectar el micr\u00f3fono gaming.<\/p>\n<p>Un auricular para juegos compatible con todos los dispositivos<br \/>Taiko es compatible con Smartphone, Tablets, Xbox, PlayStation, Notebook y<br \/>Nintendo, adem\u00e1s, suministra un adaptador para separar el audio y el micr\u00f3fono y<br \/>poder utilizarlo tambi\u00e9n en ordenadores de sobremesa.<br \/>ESPECIFICACIONES T\u00c9CNICAS<\/p>\n<p>Auriculares<br \/>Audifonos<br \/>Intraaural<br \/>Frecuencia de auricular<br \/>20 &#8211; 20000 Hz<br \/>Obstrucci\u00f3n<br \/>16 O<br \/>Sensibilidad de auricular<br \/>96 dB<br \/>Micr\u00f3fono<br \/>Frecuencia de micr\u00f3fono<br \/>100 &#8211; 10000 Hz<br \/>Micr\u00f3fono, impedancia de salida<br \/>2200 O<br \/>Micr\u00f3fono extra\u00edble<br \/>Si<br \/>Sensibilidad de micr\u00f3fono<br \/>-42 dB<br \/>Tipo de micr\u00f3fono<br \/>De brazo\/Integrado<br \/>Empaquetado<br \/>Tipo de embalaje<br \/>Caja<\/p>\n<p>Otras caracter\u00edsticas<br \/>Conector de 2,5 mm<br \/>No<br \/>Puertos e Interfaces<br \/>Conector de 3,5 mm<br \/>Si<br \/>Bluetooth<br \/>No<br \/>Conexi\u00f3n USB<br \/>No<br \/>Tecnolog\u00eda de conectividad<br \/>Al\u00e1mbrico<br \/>Desempe\u00f1o<br \/>Certificaci\u00f3n<br \/>CE, RoHs, FCC<br \/>Color del producto<br \/>Negro, Turquesa<br \/>Control de volumen<br \/>Bot\u00f3n<br \/>Estilo de uso<br \/>Dentro de o\u00eddo<br \/>Longitud de cable<br \/>1,5 m<br \/>Tipo de producto<br \/>Auriculares<br \/>Tipo de auricular<br \/>Binaural<br \/>Tipo de controles<br \/>Caja de control en cable<br \/>Tipo de control<br \/>Botones<br \/>Uso recomendado<br \/>Juego<\/p>\n<p>\u00a0<\/p>\n","protected":false},"excerpt":{"rendered":"<p>Auriculares hiditec gaming taiko jack 3.5mm para pc tablet mp3 xbox ps4<\/p>\n","protected":false},"featured_media":235429,"comment_status":"closed","ping_status":"open","template":"","meta":{"_et_pb_use_builder":"","_et_pb_old_content":"","_et_gb_content_width":""},"product_brand":[2876],"product_cat":[2799,2800,2058],"product_tag":[2803,2804,3139,2068,2877],"class_list":{"0":"post-235428","1":"product","2":"type-product","3":"status-publish","4":"has-post-thumbnail","6":"product_brand-hiditec","7":"product_cat-altavoces-mp3-y-auriculares","8":"product_cat-auriculares","9":"product_cat-dispositivos","10":"product_tag-altavoces-mp3-y-auriculares","11":"product_tag-auriculares","12":"product_tag-auriculares-hiditec-gaming-taiko-jack-3-5mm","13":"product_tag-dispositivos","14":"product_tag-hiditec","15":"product_shipping_class-2059","16":"pa_canon-digital-incluida-0-e-incluidos","18":"first","19":"instock","20":"taxable","21":"shipping-taxable","22":"purchasable","23":"product-type-simple"},"_links":{"self":[{"href":"https:\/\/linkxa.es\/linkshop\/wp-json\/wp\/v2\/product\/235428","targetHints":{"allow":["GET"]}}],"collection":[{"href":"https:\/\/linkxa.es\/linkshop\/wp-json\/wp\/v2\/product"}],"about":[{"href":"https:\/\/linkxa.es\/linkshop\/wp-json\/wp\/v2\/types\/product"}],"replies":[{"embeddable":true,"href":"https:\/\/linkxa.es\/linkshop\/wp-json\/wp\/v2\/comments?post=235428"}],"wp:featuredmedia":[{"embeddable":true,"href":"https:\/\/linkxa.es\/linkshop\/wp-json\/wp\/v2\/media\/235429"}],"wp:attachment":[{"href":"https:\/\/linkxa.es\/linkshop\/wp-json\/wp\/v2\/media?parent=235428"}],"wp:term":[{"taxonomy":"product_brand","embeddable":true,"href":"https:\/\/linkxa.es\/linkshop\/wp-json\/wp\/v2\/product_brand?post=235428"},{"taxonomy":"product_cat","embeddable":true,"href":"https:\/\/linkxa.es\/linkshop\/wp-json\/wp\/v2\/product_cat?post=235428"},{"taxonomy":"product_tag","embeddable":true,"href":"https:\/\/linkxa.es\/linkshop\/wp-json\/wp\/v2\/product_tag?post=235428"}],"curies":[{"name":"wp","href":"https:\/\/api.w.org\/{rel}","templated":true}]}}