{"id":235437,"date":"2025-01-05T17:24:44","date_gmt":"2025-01-05T17:24:44","guid":{"rendered":"https:\/\/linkxa.es\/contratacion\/producto\/altavoz-epos-sennheiser-expand-20-conferencias\/"},"modified":"2025-08-02T11:48:53","modified_gmt":"2025-08-02T11:48:53","slug":"altavoz-epos-sennheiser-expand-20-conferencias","status":"publish","type":"product","link":"https:\/\/linkxa.es\/linkshop\/producto\/altavoz-epos-sennheiser-expand-20-conferencias\/","title":{"rendered":"Altavoz epos sennheiser expand 20 conferencias"},"content":{"rendered":"<h3 style=\"text-align: center;\"><strong>Epos sennheiser\u00a0 |\u00a0 Altavoces<\/strong><\/h3>\n<p>\u00a0<\/p>\n<p>Altavoz port\u00e1til por cable para llamadas personales y conferencias en peque\u00f1os grupos de hasta 4 participantes. Se conecta a tu PC, tel\u00e9fono m\u00f3vil o tableta a trav\u00e9s de USB o jack de 3,5 mm: tan solo<br \/>con\u00e9ctalo y comun\u00edcate con un sonido \u00f3ptimo. Certificado para Skype Empresarial.<br \/>Caracter\u00edsticas:<\/p>\n<p>Mejor calidad en las llamadas de conferencia: Sustituye los altavoces y el micr\u00f3fono de tu PC\/tel\u00e9fono m\u00f3vil y disfruta de una experiencia de audio excepcional.<br \/>Comunicaci\u00f3n sobresaliente: EPOS Voice y cancelaci\u00f3n de eco para una comunicaci\u00f3n natural.<br \/>Comun\u00edcate y colabora: Ve m\u00e1s all\u00e1 en tus reuniones con un altavoz port\u00e1til con cable que, adem\u00e1s de ser escalable, est\u00e1 listo para su uso dondequiera que est\u00e9s.<br \/>Disfruta de llamadas de conferencia plug-and-play en cualquier lugar: Con un dise\u00f1o ligero y compacto, opci\u00f3n de USB o jack de 3,5 mm y hasta 20 horas de autonom\u00eda de conversaci\u00f3n.<br \/>Llamadas de conferencia entre distintos dispositivos: Combina las llamadas a trav\u00e9s de PC\/softphone y tel\u00e9fono m\u00f3vil en una sola llamada de conferencia.<br \/>Interfaz de usuario intuitiva: Bot\u00f3n Silenciar destacado para el micr\u00f3fono, control de llamada y volumen, y organizaci\u00f3n f\u00e1cil de los cables.<br \/>Comodidad y protecci\u00f3n: Ll\u00e9valo contigo f\u00e1cilmente con su bolsa de transporte personalizada.<br \/>Mejora las reuniones con un sonido de primera calidad: Calidad de sonido EPOS, rendimiento bidireccional y cancelaci\u00f3n de eco para lograr conversaciones naturales sin necesidad de forzar la voz.<\/p>\n<p>Especificaciones Epos Expand SP 20:<\/p>\n<p>Caracter\u00edsticas<br \/>Tipo de dispositivo: Universal<br \/>Autom\u00e1tico: No<br \/>Color del producto: Negro, Plata<br \/>Optimizado para: UC, Skype for Business<br \/>Sistema operativo Windows soportado: Si<br \/>Sistema operativo MAC soportado: Si<\/p>\n<p>Altavoces<br \/>Rango de frecuencia: 150 &#8211; 15000 Hz<\/p>\n<p>Micr\u00f3fono<br \/>Frecuencia de micr\u00f3fono: 150 &#8211; 6800 Hz<br \/>Tipo de direcci\u00f3n de micr\u00f3fono: Omnidireccional<\/p>\n<p>Puertos e Interfaces<br \/>Tecnolog\u00eda de conectividad: Al\u00e1mbrico<br \/>Conector USB: USB tipo A<br \/>G\u00e9nero del conector USB: Macho<\/p>\n<p>Control de energ\u00eda<br \/>Tiempo de conversaci\u00f3n: 20 h<br \/>Tiempo de reposo: 30 h<br \/>Tiempo de recarga de la bater\u00eda: 2,5 h<\/p>\n<p>Datos log\u00edsticos<br \/>Anchura de la caja de env\u00edo: 13 cm<br \/>Longitud del contenedor de env\u00edo: 14,5 cm<br \/>Altura de la caja de env\u00edo: 5,5 cm<br \/>Peso de la caja de env\u00edo: 322 g<br \/>Volumen del envase de env\u00edo: 1040 cm<\/p>\n<p>Peso y dimensiones<br \/>Ancho: 110 mm<br \/>Profundidad: 110 mm<br \/>Altura: 30 mm<br \/>Peso: 210 g<\/p>\n<p>Empaquetado<br \/>Ancho del paquete: 130 mm<br \/>Profundidad del paquete: 145 mm<br \/>Altura del paquete: 55 mm<br \/>Peso del paquete: 322 g<\/p>\n<p>Contenido del embalaje<br \/>Gu\u00eda de configuraci\u00f3n r\u00e1pida: Si<br \/>Funda para almacenamiento: Si<br \/>Hoja de seguridad: Si<br \/>Compliance sheet: Si<\/p>\n<p>\u00a0<\/p>\n","protected":false},"excerpt":{"rendered":"<p>Altavoz epos sennheiser expand 20 conferencias usb y jack 3.5mm &#8211; mic cancelacion eco<\/p>\n","protected":false},"featured_media":235438,"comment_status":"closed","ping_status":"open","template":"","meta":{"_et_pb_use_builder":"","_et_pb_old_content":"","_et_gb_content_width":""},"product_brand":[2884],"product_cat":[2822,2799,2058],"product_tag":[2824,2803,3141,2068,2885],"class_list":{"0":"post-235437","1":"product","2":"type-product","3":"status-publish","4":"has-post-thumbnail","6":"product_brand-epos-sennheiser","7":"product_cat-altavoces","8":"product_cat-altavoces-mp3-y-auriculares","9":"product_cat-dispositivos","10":"product_tag-altavoces","11":"product_tag-altavoces-mp3-y-auriculares","12":"product_tag-altavoz-epos-sennheiser-expand-20-conferencias","13":"product_tag-dispositivos","14":"product_tag-epos-sennheiser","15":"product_shipping_class-2059","16":"pa_canon-digital-incluida-0-e-incluidos","18":"first","19":"instock","20":"taxable","21":"shipping-taxable","22":"purchasable","23":"product-type-simple"},"_links":{"self":[{"href":"https:\/\/linkxa.es\/linkshop\/wp-json\/wp\/v2\/product\/235437","targetHints":{"allow":["GET"]}}],"collection":[{"href":"https:\/\/linkxa.es\/linkshop\/wp-json\/wp\/v2\/product"}],"about":[{"href":"https:\/\/linkxa.es\/linkshop\/wp-json\/wp\/v2\/types\/product"}],"replies":[{"embeddable":true,"href":"https:\/\/linkxa.es\/linkshop\/wp-json\/wp\/v2\/comments?post=235437"}],"wp:featuredmedia":[{"embeddable":true,"href":"https:\/\/linkxa.es\/linkshop\/wp-json\/wp\/v2\/media\/235438"}],"wp:attachment":[{"href":"https:\/\/linkxa.es\/linkshop\/wp-json\/wp\/v2\/media?parent=235437"}],"wp:term":[{"taxonomy":"product_brand","embeddable":true,"href":"https:\/\/linkxa.es\/linkshop\/wp-json\/wp\/v2\/product_brand?post=235437"},{"taxonomy":"product_cat","embeddable":true,"href":"https:\/\/linkxa.es\/linkshop\/wp-json\/wp\/v2\/product_cat?post=235437"},{"taxonomy":"product_tag","embeddable":true,"href":"https:\/\/linkxa.es\/linkshop\/wp-json\/wp\/v2\/product_tag?post=235437"}],"curies":[{"name":"wp","href":"https:\/\/api.w.org\/{rel}","templated":true}]}}